{"id":13195,"date":"2022-09-30T07:19:16","date_gmt":"2022-09-30T04:19:16","guid":{"rendered":"https:\/\/www.vempele.fi\/?post_type=product&#038;p=13195"},"modified":"2023-06-14T15:16:51","modified_gmt":"2023-06-14T12:16:51","slug":"vanteille-asennus-ja-tasapainotus-seka-antureiden-asennus","status":"publish","type":"product","link":"https:\/\/www.vempele.fi\/fi\/tuote\/vanteille-asennus-ja-tasapainotus-seka-antureiden-asennus\/","title":{"rendered":"Vanteille asennus ja tasapainotus sek\u00e4 antureiden asennus"},"content":{"rendered":"<p>Asennamme paineanturit vanteisiin ja renkaat vanteille sek\u00e4 tasapainotamme ne.<\/p>\n<p><strong>HUOM! Jos ostat meilt\u00e4 sek\u00e4 renkaat ett\u00e4 vanteet, teemme asennuksen ja tasapainotuksen kaupan p\u00e4\u00e4lle. T\u00e4ll\u00f6in palvelua ei tarvitse ostaa erikseen.<\/strong><\/p>\n","protected":false},"excerpt":{"rendered":"<p>Asennamme paineanturit vanteisiin ja renkaat vanteille sek\u00e4 tasapainotamme ne.<\/p>\n<p><strong>HUOM! Jos ostat meilt\u00e4 sek\u00e4 renkaat ett\u00e4 vanteet, teemme asennuksen ja tasapainotuksen kaupan p\u00e4\u00e4lle. T\u00e4ll\u00f6in palvelua ei tarvitse ostaa erikseen.<\/strong><\/p>\n","protected":false},"featured_media":15671,"comment_status":"open","ping_status":"closed","template":"","meta":[],"product_brand":[],"product_cat":[371,372],"product_tag":[],"class_list":{"0":"post-13195","1":"product","2":"type-product","3":"status-publish","4":"has-post-thumbnail","6":"product_cat-renkaat","7":"product_cat-vanteet","9":"first","10":"instock","11":"taxable","12":"shipping-taxable","13":"purchasable","14":"product-type-simple"},"jetpack_sharing_enabled":true,"_links":{"self":[{"href":"https:\/\/www.vempele.fi\/fi\/wp-json\/wp\/v2\/product\/13195","targetHints":{"allow":["GET"]}}],"collection":[{"href":"https:\/\/www.vempele.fi\/fi\/wp-json\/wp\/v2\/product"}],"about":[{"href":"https:\/\/www.vempele.fi\/fi\/wp-json\/wp\/v2\/types\/product"}],"replies":[{"embeddable":true,"href":"https:\/\/www.vempele.fi\/fi\/wp-json\/wp\/v2\/comments?post=13195"}],"wp:featuredmedia":[{"embeddable":true,"href":"https:\/\/www.vempele.fi\/fi\/wp-json\/wp\/v2\/media\/15671"}],"wp:attachment":[{"href":"https:\/\/www.vempele.fi\/fi\/wp-json\/wp\/v2\/media?parent=13195"}],"wp:term":[{"taxonomy":"product_brand","embeddable":true,"href":"https:\/\/www.vempele.fi\/fi\/wp-json\/wp\/v2\/product_brand?post=13195"},{"taxonomy":"product_cat","embeddable":true,"href":"https:\/\/www.vempele.fi\/fi\/wp-json\/wp\/v2\/product_cat?post=13195"},{"taxonomy":"product_tag","embeddable":true,"href":"https:\/\/www.vempele.fi\/fi\/wp-json\/wp\/v2\/product_tag?post=13195"}],"curies":[{"name":"wp","href":"https:\/\/api.w.org\/{rel}","templated":true}]}}