{"id":13242,"date":"2022-10-04T13:49:43","date_gmt":"2022-10-04T10:49:43","guid":{"rendered":"https:\/\/www.vempele.fi\/?post_type=product&#038;p=13242"},"modified":"2026-04-13T22:41:03","modified_gmt":"2026-04-13T19:41:03","slug":"model-s-pyyhkijanvivuston-korjaussetti","status":"publish","type":"product","link":"https:\/\/www.vempele.fi\/fi\/tuote\/model-s-pyyhkijanvivuston-korjaussetti\/","title":{"rendered":"Pyyhkij\u00e4nvivuston korjaussetti &#8211; Tesla Model S"},"content":{"rendered":"<p>Pyyhkij\u00e4nvivuston korjaussetti<\/p>\n<p>Seikkaper\u00e4iset asennusohjeet l\u00f6ytyv\u00e4t YouTubesta: <a href=\"https:\/\/youtu.be\/vzVVdpPBwjc\">https:\/\/youtu.be\/vzVVdpPBwjc<\/a><\/p>\n<ul>\n<li style=\"list-style-type: none;\">\n<ul>\n<li>Valmistaja: Nekko Oy<\/li>\n<li>Suunniteltu: Tesla Model S<\/li>\n<li>Helppo asennus<\/li>\n<li>Materiaalit: Holkit kest\u00e4v\u00e4\u00e4 ja laadukasta alumiinipronssia ja asennusty\u00f6kalu rautaa<\/li>\n<li>Valmistettu Suomessa!<\/li>\n<\/ul>\n<\/li>\n<\/ul>\n","protected":false},"excerpt":{"rendered":"<p>Tesla Model S:n pyyhkij\u00e4nvivusto on huonolaatuinen. Osat kuluvat herk\u00e4sti niin, ett\u00e4 vivusto v\u00e4ljistyy ja pahimmassa tapauksessa alkaa hangata konepeltiin.<\/p>\n<p>T\u00e4ll\u00e4 kotimaisella Nekko Oy:n valmistamalla korjaussarjalla korjaat jo v\u00e4ljentyneen pyyhkij\u00e4nvivuston paremmaksi kuin uutena. Vivuston korjaussarja kannattaa hankkia ja vaihtaa jo ennen oireita, jotta v\u00e4lt\u00e4t hintavat seuraukset.<\/p>\n","protected":false},"featured_media":13265,"comment_status":"open","ping_status":"closed","template":"","meta":[],"product_brand":[],"product_cat":[152,453,484,374,128,473],"product_tag":[83,406,405,195,122],"class_list":{"0":"post-13242","1":"product","2":"type-product","3":"status-publish","4":"has-post-thumbnail","6":"product_cat-model-s","7":"product_cat-ms-tarvikkeet","8":"product_cat-tarvikkeet-ulkopuolelle-model-s","9":"product_cat-tesla-tarvikkeet","10":"product_cat-tesla-tuotteet","11":"product_cat-varaosat-model-s","12":"product_tag-autotarvikkeet","13":"product_tag-korjaus","14":"product_tag-pyyhkijanvivusto","15":"product_tag-pyyhkijat","16":"product_tag-tesla-model-s","18":"first","19":"instock","20":"taxable","21":"shipping-taxable","22":"purchasable","23":"product-type-variable"},"jetpack_sharing_enabled":true,"_links":{"self":[{"href":"https:\/\/www.vempele.fi\/fi\/wp-json\/wp\/v2\/product\/13242","targetHints":{"allow":["GET"]}}],"collection":[{"href":"https:\/\/www.vempele.fi\/fi\/wp-json\/wp\/v2\/product"}],"about":[{"href":"https:\/\/www.vempele.fi\/fi\/wp-json\/wp\/v2\/types\/product"}],"replies":[{"embeddable":true,"href":"https:\/\/www.vempele.fi\/fi\/wp-json\/wp\/v2\/comments?post=13242"}],"wp:featuredmedia":[{"embeddable":true,"href":"https:\/\/www.vempele.fi\/fi\/wp-json\/wp\/v2\/media\/13265"}],"wp:attachment":[{"href":"https:\/\/www.vempele.fi\/fi\/wp-json\/wp\/v2\/media?parent=13242"}],"wp:term":[{"taxonomy":"product_brand","embeddable":true,"href":"https:\/\/www.vempele.fi\/fi\/wp-json\/wp\/v2\/product_brand?post=13242"},{"taxonomy":"product_cat","embeddable":true,"href":"https:\/\/www.vempele.fi\/fi\/wp-json\/wp\/v2\/product_cat?post=13242"},{"taxonomy":"product_tag","embeddable":true,"href":"https:\/\/www.vempele.fi\/fi\/wp-json\/wp\/v2\/product_tag?post=13242"}],"curies":[{"name":"wp","href":"https:\/\/api.w.org\/{rel}","templated":true}]}}