{"id":13317,"date":"2022-10-07T15:29:50","date_gmt":"2022-10-07T12:29:50","guid":{"rendered":"https:\/\/www.vempele.fi\/?post_type=product&#038;p=13317"},"modified":"2026-04-17T11:11:52","modified_gmt":"2026-04-17T08:11:52","slug":"tesla-model-y-ovitiivisteet","status":"publish","type":"product","link":"https:\/\/www.vempele.fi\/fi\/tuote\/tesla-model-y-ovitiivisteet\/","title":{"rendered":"Ovitiivisteet &#8211; Tesla Model Y"},"content":{"rendered":"<p>Ovitiivisteet &#8211; Tesla Model Y<\/p>\n<ul>\n<li>\u00a0Yhteensopivuus:\n<ul>\n<li>Tesla Model Y 2020 &#8211; 2024<\/li>\n<li>Tesla Model Y Juniper 2025 -&gt;<\/li>\n<\/ul>\n<\/li>\n<li>V\u00e4ri: musta<\/li>\n<li>Valmistusmaa: Kiina<\/li>\n<\/ul>\n","protected":false},"excerpt":{"rendered":"<p><strong>Mukana nyt my\u00f6s etu- ja takaluukun tiivisteet!<\/strong><\/p>\n<p>Ovitiivisteet Tesla Model Y:hyn. Tiivisteet vaimentavat melua hieman, mutta niiden t\u00e4rkein ominaisuus on pit\u00e4\u00e4 ovet ja kynnykset puhtaana liasta.<\/p>\n<p>Tiivisteisiin on merkattu niiden asennuskohdat.<\/p>\n<p>Pakkauksessa ovitiivisteet jokaiselle nelj\u00e4lle ovelle, sek\u00e4 etu- ja takaluukulle!<\/p>\n<p>Tuotteessa liimapinta. Muistathan puhdistaa ja kuivata asennettavan pinnan ennen asennusta. My\u00f6s asennusl\u00e4mp\u00f6tila kannattaa huomioida, ett\u00e4 tiiviste tarttuu kiinni mahdollisimman hyvin.<\/p>\n<p>Katso <a href=\"https:\/\/www.youtube.com\/watch?v=Jvv4K57nh8I\" target=\"_blank\" rel=\"noopener\">t\u00e4st\u00e4<\/a> video tiivisteiden asennuksesta!<\/p>\n","protected":false},"featured_media":25991,"comment_status":"open","ping_status":"closed","template":"","meta":[],"product_brand":[],"product_cat":[154,455,482,128],"product_tag":[83,271,121,578],"class_list":{"0":"post-13317","1":"product","2":"type-product","3":"status-publish","4":"has-post-thumbnail","6":"product_cat-model-y","7":"product_cat-my-tarvikkeet","8":"product_cat-tarvikkeet-sisapuolelle-model-y","9":"product_cat-tesla-tuotteet","10":"product_tag-autotarvikkeet","11":"product_tag-model-y","12":"product_tag-tesla","13":"product_tag-tiivisteet","15":"first","16":"instock","17":"taxable","18":"shipping-taxable","19":"purchasable","20":"product-type-simple"},"jetpack_sharing_enabled":true,"_links":{"self":[{"href":"https:\/\/www.vempele.fi\/fi\/wp-json\/wp\/v2\/product\/13317","targetHints":{"allow":["GET"]}}],"collection":[{"href":"https:\/\/www.vempele.fi\/fi\/wp-json\/wp\/v2\/product"}],"about":[{"href":"https:\/\/www.vempele.fi\/fi\/wp-json\/wp\/v2\/types\/product"}],"replies":[{"embeddable":true,"href":"https:\/\/www.vempele.fi\/fi\/wp-json\/wp\/v2\/comments?post=13317"}],"wp:featuredmedia":[{"embeddable":true,"href":"https:\/\/www.vempele.fi\/fi\/wp-json\/wp\/v2\/media\/25991"}],"wp:attachment":[{"href":"https:\/\/www.vempele.fi\/fi\/wp-json\/wp\/v2\/media?parent=13317"}],"wp:term":[{"taxonomy":"product_brand","embeddable":true,"href":"https:\/\/www.vempele.fi\/fi\/wp-json\/wp\/v2\/product_brand?post=13317"},{"taxonomy":"product_cat","embeddable":true,"href":"https:\/\/www.vempele.fi\/fi\/wp-json\/wp\/v2\/product_cat?post=13317"},{"taxonomy":"product_tag","embeddable":true,"href":"https:\/\/www.vempele.fi\/fi\/wp-json\/wp\/v2\/product_tag?post=13317"}],"curies":[{"name":"wp","href":"https:\/\/api.w.org\/{rel}","templated":true}]}}