{"id":13855,"date":"2022-10-24T18:15:44","date_gmt":"2022-10-24T15:15:44","guid":{"rendered":"https:\/\/www.vempele.fi\/tuote\/frigus-ev-ice-3-245-45r19-102v-for-tesla-model-s-copy\/"},"modified":"2026-03-21T21:44:43","modified_gmt":"2026-03-21T19:44:43","slug":"frigus-ev-ice-3-255-45r20-105h-for-tesla-model-x","status":"publish","type":"product","link":"https:\/\/www.vempele.fi\/fi\/tuote\/frigus-ev-ice-3-255-45r20-105h-for-tesla-model-x\/","title":{"rendered":"FRIGUS EV ICE 3 255\/45R20 105H for Tesla Model X"},"content":{"rendered":"<p>FRIGUS EV ICE 3 on s\u00e4hk\u00f6autoille suunniteltu pohjoismainen rengassarja. Sarjan rengas soveltuu erinomaisesti talviajoon niin j\u00e4\u00e4ll\u00e4 kuin lumella. Rengas poistaa vett\u00e4\/loskaa tasaisesti madaltaen liirtoon joutumisen riski\u00e4. Pehme\u00e4st\u00e4 luonnonkumista valmistetun renkaan pinta kest\u00e4\u00e4 hyvin kulutusta ja j\u00e4tt\u00e4\u00e4 v\u00e4hemm\u00e4n rengasp\u00f6ly\u00e4 ymp\u00e4rist\u00f6\u00f6n kuin monet kilpailijansa. Renkaiden sivut ovat muita pohjoismaisia kitkoja j\u00e4ykemm\u00e4t, mik\u00e4 parantaa ajotuntumaa erityisesti tehokkaalla s\u00e4hk\u00f6autolla.<\/p>\n<p>&nbsp;<\/p>\n<p>Renkaan valmistusajankohta saattaa olla yli 3, mutta alle 5 vuotta. Rengasta on kuitenkin s\u00e4ilytetty asianmukaisesti ja se vastaa uutta.<\/p>\n<p>&nbsp;<\/p>\n","protected":false},"excerpt":{"rendered":"<p>Tyyppi 255\/50R20 Winter, Tesla Model X eturenkaat staggered setiss\u00e4<\/p>\n<ul>\n<li>Leveys: 255<\/li>\n<li>Profiilisuhde: 50<\/li>\n<li>Vanteen halkaisija: 20<\/li>\n<li>Kantavuusindeksi: 105 (max 925 kg)<\/li>\n<li>Paino: 14,10 kg<\/li>\n<\/ul>\n<p>Hinta yhdelle renkaalle.<\/p>\n","protected":false},"featured_media":8689,"comment_status":"open","ping_status":"closed","template":"","meta":[],"product_brand":[],"product_cat":[153,371,128],"product_tag":[301,83,303,299,300,302,121,203],"class_list":{"0":"post-13855","1":"product","2":"type-product","3":"status-publish","4":"has-post-thumbnail","6":"product_cat-model-x","7":"product_cat-renkaat","8":"product_cat-tesla-tuotteet","9":"product_tag-autonrenkaat","10":"product_tag-autotarvikkeet","11":"product_tag-frigus","12":"product_tag-rengas","13":"product_tag-renkaat","14":"product_tag-talvirenkaat","15":"product_tag-tesla","16":"product_tag-tesla-model-y","17":"product_shipping_class-nouto","19":"first","20":"instock","21":"sale","22":"taxable","23":"shipping-taxable","24":"purchasable","25":"product-type-simple"},"jetpack_sharing_enabled":true,"_links":{"self":[{"href":"https:\/\/www.vempele.fi\/fi\/wp-json\/wp\/v2\/product\/13855","targetHints":{"allow":["GET"]}}],"collection":[{"href":"https:\/\/www.vempele.fi\/fi\/wp-json\/wp\/v2\/product"}],"about":[{"href":"https:\/\/www.vempele.fi\/fi\/wp-json\/wp\/v2\/types\/product"}],"replies":[{"embeddable":true,"href":"https:\/\/www.vempele.fi\/fi\/wp-json\/wp\/v2\/comments?post=13855"}],"wp:featuredmedia":[{"embeddable":true,"href":"https:\/\/www.vempele.fi\/fi\/wp-json\/wp\/v2\/media\/8689"}],"wp:attachment":[{"href":"https:\/\/www.vempele.fi\/fi\/wp-json\/wp\/v2\/media?parent=13855"}],"wp:term":[{"taxonomy":"product_brand","embeddable":true,"href":"https:\/\/www.vempele.fi\/fi\/wp-json\/wp\/v2\/product_brand?post=13855"},{"taxonomy":"product_cat","embeddable":true,"href":"https:\/\/www.vempele.fi\/fi\/wp-json\/wp\/v2\/product_cat?post=13855"},{"taxonomy":"product_tag","embeddable":true,"href":"https:\/\/www.vempele.fi\/fi\/wp-json\/wp\/v2\/product_tag?post=13855"}],"curies":[{"name":"wp","href":"https:\/\/api.w.org\/{rel}","templated":true}]}}