{"id":14191,"date":"2022-11-08T12:18:18","date_gmt":"2022-11-08T10:18:18","guid":{"rendered":"https:\/\/www.vempele.fi\/tuote\/tesla-model-3-latauspistokkeen-silikonisuoja-copy\/"},"modified":"2026-04-16T16:36:57","modified_gmt":"2026-04-16T13:36:57","slug":"latauspistokkeen-suojahuppu","status":"publish","type":"product","link":"https:\/\/www.vempele.fi\/fi\/tuote\/latauspistokkeen-suojahuppu\/","title":{"rendered":"Latauspistokkeen suojahuppu"},"content":{"rendered":"<p>Vedenpit\u00e4v\u00e4 latauspistokkeen suojahuppu. Tarkoitettu suojaamaan s\u00e4hk\u00f6auton latausluukun ymp\u00e4rist\u00f6\u00e4. Kiinnittyy autoon magneetin avulla, pysyen hyvin paikallaan ja muodostaa tiiviin suojan. Suojahupun toisessa p\u00e4\u00e4ss\u00e4 k\u00e4tev\u00e4t kiristysnauhat, jolloin laturi suojassa r\u00e4nn\u00e4lt\u00e4 ja tuiskulta.<br \/>\nTuotteen saa k\u00e4tev\u00e4sti rullattua eritt\u00e4in pieneen tilaan.<\/p>\n<ul>\n<li>Koko avattuna: noin 45 x 43 cm<\/li>\n<li>Pakkauksessa:\u00a0 1 kpl latauspistokkeen suojahuppu<\/li>\n<\/ul>\n","protected":false},"excerpt":{"rendered":"<p>Latauspistokkeen vedenpit\u00e4v\u00e4 suojahuppu. Suojaa p\u00f6lylt\u00e4, lumelta, j\u00e4\u00e4lt\u00e4, vedelt\u00e4 jne. Toimii erityisesti talvella latausluukun lumisuojana.<br \/>\nKest\u00e4v\u00e4 suoja, joka istuu hyvin paikoilleen magneetin ansiosta.<\/p>\n","protected":false},"featured_media":14194,"comment_status":"open","ping_status":"closed","template":"","meta":[],"product_brand":[],"product_cat":[151,154,452,455,481,483,128],"product_tag":[83,410,156,271,411,412,121],"class_list":{"0":"post-14191","1":"product","2":"type-product","3":"status-publish","4":"has-post-thumbnail","6":"product_cat-model-3","7":"product_cat-model-y","8":"product_cat-m3-tarvikkeet","9":"product_cat-my-tarvikkeet","10":"product_cat-tarvikkeet-ulkopuolelle-model-3","11":"product_cat-tarvikkeet-ulkopuolelle-model-y","12":"product_cat-tesla-tuotteet","13":"product_tag-autotarvikkeet","14":"product_tag-latauspistoke","15":"product_tag-model-3","16":"product_tag-model-y","17":"product_tag-suoja","18":"product_tag-suojahuppu","19":"product_tag-tesla","21":"first","22":"instock","23":"taxable","24":"shipping-taxable","25":"purchasable","26":"product-type-simple"},"jetpack_sharing_enabled":true,"_links":{"self":[{"href":"https:\/\/www.vempele.fi\/fi\/wp-json\/wp\/v2\/product\/14191","targetHints":{"allow":["GET"]}}],"collection":[{"href":"https:\/\/www.vempele.fi\/fi\/wp-json\/wp\/v2\/product"}],"about":[{"href":"https:\/\/www.vempele.fi\/fi\/wp-json\/wp\/v2\/types\/product"}],"replies":[{"embeddable":true,"href":"https:\/\/www.vempele.fi\/fi\/wp-json\/wp\/v2\/comments?post=14191"}],"wp:featuredmedia":[{"embeddable":true,"href":"https:\/\/www.vempele.fi\/fi\/wp-json\/wp\/v2\/media\/14194"}],"wp:attachment":[{"href":"https:\/\/www.vempele.fi\/fi\/wp-json\/wp\/v2\/media?parent=14191"}],"wp:term":[{"taxonomy":"product_brand","embeddable":true,"href":"https:\/\/www.vempele.fi\/fi\/wp-json\/wp\/v2\/product_brand?post=14191"},{"taxonomy":"product_cat","embeddable":true,"href":"https:\/\/www.vempele.fi\/fi\/wp-json\/wp\/v2\/product_cat?post=14191"},{"taxonomy":"product_tag","embeddable":true,"href":"https:\/\/www.vempele.fi\/fi\/wp-json\/wp\/v2\/product_tag?post=14191"}],"curies":[{"name":"wp","href":"https:\/\/api.w.org\/{rel}","templated":true}]}}