{"id":14219,"date":"2022-11-09T11:24:04","date_gmt":"2022-11-09T09:24:04","guid":{"rendered":"https:\/\/www.vempele.fi\/?post_type=product&#038;p=14219"},"modified":"2026-02-08T20:40:00","modified_gmt":"2026-02-08T18:40:00","slug":"auton-puhdistustarvikesetti","status":"publish","type":"product","link":"https:\/\/www.vempele.fi\/fi\/tuote\/auton-puhdistustarvikesetti\/","title":{"rendered":"Auton puhdistustarvikesetti"},"content":{"rendered":"<p>T\u00e4st\u00e4 auton puhdistustarvikesetti all-in-one! Monipuolisesti puhdistustarvikkeita auton eri kohdille. S\u00e4ilytys onnistuu helposti mukana tulevassa kassissa, joten ne saa suojaan kun niit\u00e4 ei k\u00e4ytet\u00e4. T\u00e4m\u00e4 yhdyssanahirvi\u00f6 sis\u00e4lt\u00e4\u00e4 mm:<\/p>\n<ul>\n<li>Kest\u00e4v\u00e4 kassi jossa kaikki kulkee mukana<\/li>\n<li>Mikrokuituliina n. 30 x 69 cm<\/li>\n<li>Mikrokuitusieni k\u00e4silenkill\u00e4<\/li>\n<li>Vanneharja<\/li>\n<li>Sis\u00e4tilojen puhdistin<\/li>\n<li>Pieni harja jossa my\u00f6s ilmaventtiileille sopiva puhdistin<\/li>\n<li>Kuivauslasta<\/li>\n<\/ul>\n<p>Itse s\u00e4ilytyskassin koko on noin 30 x 20 x 10 cm.<\/p>\n<p>Name: Car cleaning set<\/p>\n","protected":false},"excerpt":{"rendered":"<p>All-in-one puhdistustarvikesetti autoon k\u00e4tev\u00e4ll\u00e4 s\u00e4ilytyskassilla!<\/p>\n<p>Sis\u00e4lt\u00e4\u00e4 6 eri tuotetta ja k\u00e4tev\u00e4n s\u00e4ilytyskassin.<\/p>\n","protected":false},"featured_media":14220,"comment_status":"open","ping_status":"closed","template":"","meta":[],"product_brand":[],"product_cat":[272],"product_tag":[279,280,413,290],"class_list":{"0":"post-14219","1":"product","2":"type-product","3":"status-publish","4":"has-post-thumbnail","6":"product_cat-autonhoitotuotteet","7":"product_tag-autonhoito","8":"product_tag-autonpuhdistus","9":"product_tag-mikrokuitu","10":"product_tag-puhdistusharja","12":"first","13":"instock","14":"sale","15":"taxable","16":"shipping-taxable","17":"purchasable","18":"product-type-simple"},"jetpack_sharing_enabled":true,"_links":{"self":[{"href":"https:\/\/www.vempele.fi\/fi\/wp-json\/wp\/v2\/product\/14219","targetHints":{"allow":["GET"]}}],"collection":[{"href":"https:\/\/www.vempele.fi\/fi\/wp-json\/wp\/v2\/product"}],"about":[{"href":"https:\/\/www.vempele.fi\/fi\/wp-json\/wp\/v2\/types\/product"}],"replies":[{"embeddable":true,"href":"https:\/\/www.vempele.fi\/fi\/wp-json\/wp\/v2\/comments?post=14219"}],"wp:featuredmedia":[{"embeddable":true,"href":"https:\/\/www.vempele.fi\/fi\/wp-json\/wp\/v2\/media\/14220"}],"wp:attachment":[{"href":"https:\/\/www.vempele.fi\/fi\/wp-json\/wp\/v2\/media?parent=14219"}],"wp:term":[{"taxonomy":"product_brand","embeddable":true,"href":"https:\/\/www.vempele.fi\/fi\/wp-json\/wp\/v2\/product_brand?post=14219"},{"taxonomy":"product_cat","embeddable":true,"href":"https:\/\/www.vempele.fi\/fi\/wp-json\/wp\/v2\/product_cat?post=14219"},{"taxonomy":"product_tag","embeddable":true,"href":"https:\/\/www.vempele.fi\/fi\/wp-json\/wp\/v2\/product_tag?post=14219"}],"curies":[{"name":"wp","href":"https:\/\/api.w.org\/{rel}","templated":true}]}}