{"id":14223,"date":"2022-11-09T13:29:43","date_gmt":"2022-11-09T11:29:43","guid":{"rendered":"https:\/\/www.vempele.fi\/?post_type=product&#038;p=14223"},"modified":"2026-04-10T10:41:52","modified_gmt":"2026-04-10T07:41:52","slug":"istuinsuoja-taskuilla","status":"publish","type":"product","link":"https:\/\/www.vempele.fi\/fi\/tuote\/istuinsuoja-taskuilla\/","title":{"rendered":"Istuinsuoja taskuilla"},"content":{"rendered":"<p>Istuinsuoja taskuilla. Materiaali on kest\u00e4v\u00e4\u00e4 kangasta keinonahalla vahvistetuilla kulmilla.<\/p>\n<p>T\u00e4st\u00e4 universaali Istuinsuoja taskuilla kovaan k\u00e4ytt\u00f6\u00f6n. Suojaa tehokkaasti auton alkuper\u00e4ist\u00e4 verhoilua. Pysyy hyvin paikallaan penkin v\u00e4liin ty\u00f6nnett\u00e4v\u00e4n l\u00e4p\u00e4n ja niskatukeen laitettavan lenkin ansiosta. Tuote on my\u00f6s nopea asentaa ja sen saa otettu nopeasti my\u00f6s pois tielt\u00e4 tarvittaessa. Istuinsuojan saa taitettua todella monta kertaa ja n\u00e4in vie vie hyvin v\u00e4h\u00e4n tilaa s\u00e4ilytt\u00e4ess\u00e4si sit\u00e4 muualla.<\/p>\n<ul>\n<li>Koko avattuna : 120 x 47 cm(noin)<\/li>\n<li>Pakkauksessa\u00a0 1 kpl istuinsuojia<\/li>\n<\/ul>\n<p>&nbsp;<\/p>\n","protected":false},"excerpt":{"rendered":"<p>Istuinsuoja taskuilla. Materiaali on kest\u00e4v\u00e4\u00e4 kangasta keinonahalla vahvistetuilla kulmilla.<\/p>\n<p>Korvaamaton tuote esimerkiksi lastenistuimen alla! Istuinsuojan edess\u00e4 oleviin kahteen verkkotaskuun on k\u00e4tev\u00e4 laittaa lastenhoidossa tarvittavia tuotteita.<\/p>\n","protected":false},"featured_media":24877,"comment_status":"open","ping_status":"closed","template":"","meta":[],"product_brand":[],"product_cat":[151,152,153,154,452,453,454,455,480,485,487,482,128],"product_tag":[83,488,411,121],"class_list":{"0":"post-14223","1":"product","2":"type-product","3":"status-publish","4":"has-post-thumbnail","6":"product_cat-model-3","7":"product_cat-model-s","8":"product_cat-model-x","9":"product_cat-model-y","10":"product_cat-m3-tarvikkeet","11":"product_cat-ms-tarvikkeet","12":"product_cat-mx-tarvikkeet","13":"product_cat-my-tarvikkeet","14":"product_cat-tarvikkeet-sisapuolelle-model-3","15":"product_cat-tarvikkeet-sisapuolelle-model-s","16":"product_cat-tarvikkeet-sisapuolelle-model-x","17":"product_cat-tarvikkeet-sisapuolelle-model-y","18":"product_cat-tesla-tuotteet","19":"product_tag-autotarvikkeet","20":"product_tag-istuinsuoja","21":"product_tag-suoja","22":"product_tag-tesla","24":"first","25":"outofstock","26":"taxable","27":"shipping-taxable","28":"purchasable","29":"product-type-simple"},"jetpack_sharing_enabled":true,"_links":{"self":[{"href":"https:\/\/www.vempele.fi\/fi\/wp-json\/wp\/v2\/product\/14223","targetHints":{"allow":["GET"]}}],"collection":[{"href":"https:\/\/www.vempele.fi\/fi\/wp-json\/wp\/v2\/product"}],"about":[{"href":"https:\/\/www.vempele.fi\/fi\/wp-json\/wp\/v2\/types\/product"}],"replies":[{"embeddable":true,"href":"https:\/\/www.vempele.fi\/fi\/wp-json\/wp\/v2\/comments?post=14223"}],"wp:featuredmedia":[{"embeddable":true,"href":"https:\/\/www.vempele.fi\/fi\/wp-json\/wp\/v2\/media\/24877"}],"wp:attachment":[{"href":"https:\/\/www.vempele.fi\/fi\/wp-json\/wp\/v2\/media?parent=14223"}],"wp:term":[{"taxonomy":"product_brand","embeddable":true,"href":"https:\/\/www.vempele.fi\/fi\/wp-json\/wp\/v2\/product_brand?post=14223"},{"taxonomy":"product_cat","embeddable":true,"href":"https:\/\/www.vempele.fi\/fi\/wp-json\/wp\/v2\/product_cat?post=14223"},{"taxonomy":"product_tag","embeddable":true,"href":"https:\/\/www.vempele.fi\/fi\/wp-json\/wp\/v2\/product_tag?post=14223"}],"curies":[{"name":"wp","href":"https:\/\/api.w.org\/{rel}","templated":true}]}}