{"id":14638,"date":"2022-12-02T13:00:54","date_gmt":"2022-12-02T11:00:54","guid":{"rendered":"https:\/\/www.vempele.fi\/?post_type=product&#038;p=14638"},"modified":"2026-04-22T14:28:37","modified_gmt":"2026-04-22T11:28:37","slug":"tesla-model-y-takaspoileri","status":"publish","type":"product","link":"https:\/\/www.vempele.fi\/fi\/tuote\/tesla-model-y-takaspoileri\/","title":{"rendered":"Takaspoileri &#8211; Tesla Model Y"},"content":{"rendered":"<p>Takaspoileri &#8211; Tesla Model Y<\/p>\n<ul>\n<li>\u00a0Sopivuus:\n<ul>\n<li>Model Y 2020 &#8211; 2024<\/li>\n<\/ul>\n<\/li>\n<li>V\u00e4rit: Musta &amp; Hiilikuitu j\u00e4ljitelm\u00e4, Mattamusta<\/li>\n<li>Materiaali: ABS Muovi<\/li>\n<li>Paino: 250g<\/li>\n<li>Tuotteen mitat leveimm\u00e4st\u00e4 kohdasta mitattuna:\u00a0 120 x 5,5 x 2,0 cm<\/li>\n<\/ul>\n","protected":false},"excerpt":{"rendered":"<p>Tesla Model Y &#8211; Takaspoileri. Tyylik\u00e4s takaspoiler Tesla Model Y malliin, mattamustana tai mattahiilikuitu j\u00e4ljitelm\u00e4versioina.<br \/>\nSis\u00e4puolelta spoileria l\u00f6ytyy koko matkalta kiinnitysteipit, joilla takaspoileri kiinnitet\u00e4\u00e4n autoon. Muista puhdistaa kiinnityskohta autosta mahdollisimman hyvin ja asentaa teipit l\u00e4mp\u00f6isess\u00e4 keliss\u00e4 tai tallissa.<\/p>\n","protected":false},"featured_media":14678,"comment_status":"open","ping_status":"closed","template":"","meta":[],"product_brand":[],"product_cat":[154,455,483,128],"product_tag":[83,156,561,448,121],"class_list":{"0":"post-14638","1":"product","2":"type-product","3":"status-publish","4":"has-post-thumbnail","6":"product_cat-model-y","7":"product_cat-my-tarvikkeet","8":"product_cat-tarvikkeet-ulkopuolelle-model-y","9":"product_cat-tesla-tuotteet","10":"product_tag-autotarvikkeet","11":"product_tag-model-3","12":"product_tag-takalippa","13":"product_tag-takaspoileri","14":"product_tag-tesla","16":"first","17":"instock","18":"taxable","19":"shipping-taxable","20":"purchasable","21":"product-type-variable"},"jetpack_sharing_enabled":true,"_links":{"self":[{"href":"https:\/\/www.vempele.fi\/fi\/wp-json\/wp\/v2\/product\/14638","targetHints":{"allow":["GET"]}}],"collection":[{"href":"https:\/\/www.vempele.fi\/fi\/wp-json\/wp\/v2\/product"}],"about":[{"href":"https:\/\/www.vempele.fi\/fi\/wp-json\/wp\/v2\/types\/product"}],"replies":[{"embeddable":true,"href":"https:\/\/www.vempele.fi\/fi\/wp-json\/wp\/v2\/comments?post=14638"}],"wp:featuredmedia":[{"embeddable":true,"href":"https:\/\/www.vempele.fi\/fi\/wp-json\/wp\/v2\/media\/14678"}],"wp:attachment":[{"href":"https:\/\/www.vempele.fi\/fi\/wp-json\/wp\/v2\/media?parent=14638"}],"wp:term":[{"taxonomy":"product_brand","embeddable":true,"href":"https:\/\/www.vempele.fi\/fi\/wp-json\/wp\/v2\/product_brand?post=14638"},{"taxonomy":"product_cat","embeddable":true,"href":"https:\/\/www.vempele.fi\/fi\/wp-json\/wp\/v2\/product_cat?post=14638"},{"taxonomy":"product_tag","embeddable":true,"href":"https:\/\/www.vempele.fi\/fi\/wp-json\/wp\/v2\/product_tag?post=14638"}],"curies":[{"name":"wp","href":"https:\/\/api.w.org\/{rel}","templated":true}]}}