{"id":14663,"date":"2022-12-02T10:37:20","date_gmt":"2022-12-02T08:37:20","guid":{"rendered":"https:\/\/www.vempele.fi\/?post_type=product&#038;p=14663"},"modified":"2026-04-28T11:35:10","modified_gmt":"2026-04-28T08:35:10","slug":"tesla-kangasmerkki","status":"publish","type":"product","link":"https:\/\/www.vempele.fi\/fi\/tuote\/tesla-kangasmerkki\/","title":{"rendered":"Tesla-kangasmerkki"},"content":{"rendered":"<ul>\n<li>V\u00e4ri: musta valkoisella brodeerauksella<\/li>\n<li>Mitat: (K x L) 9 x 7,5 cm<\/li>\n<li>Paino: 5 g<\/li>\n<\/ul>\n","protected":false},"excerpt":{"rendered":"<p>Musta Tesla-kangasmerkki valkoisella brodeerauksella. K\u00e4\u00e4nt\u00f6puolella on liimapinta, joten voit kiinnitt\u00e4\u00e4 merkin silitysraudalla haluamaasi tekstiiliin.<\/p>\n<p>Kiinnitysohjeet:<\/p>\n<ul>\n<li>Varmista, ett\u00e4 tekstiili kest\u00e4\u00e4 silityksen<\/li>\n<li>K\u00e4yt\u00e4 mahdollisimman korkeaa silitysl\u00e4mp\u00f6tilaa ilman h\u00f6yry\u00e4<\/li>\n<li>Aseta kangasmerkki haluttuun kohtaan tekstiilille, peit\u00e4 se leivinpaperilla ja silit\u00e4 tukevasti painaen noin 20 sekunnin ajan<\/li>\n<li>Tarvittaessa k\u00e4\u00e4nn\u00e4 tekstiili ja silit\u00e4 viel\u00e4 nurjalta puolelta<\/li>\n<li>Anna j\u00e4\u00e4hty\u00e4 ja testaa pito<\/li>\n<li>Varmimman pidon saat, kun ompelet merkin viel\u00e4 muutamalla pistolla reunoilta.<\/li>\n<\/ul>\n<p>Suosittelemme 30\u00b0C konepesua. K\u00e4\u00e4nn\u00e4 tekstiili ennen pesua. \u00c4l\u00e4 k\u00e4yt\u00e4 kuivausrumpua.<\/p>\n<p>&nbsp;<\/p>\n<p>&nbsp;<\/p>\n<p>&nbsp;<\/p>\n","protected":false},"featured_media":15065,"comment_status":"open","ping_status":"closed","template":"","meta":[],"product_brand":[],"product_cat":[458,151,152,153,154,457,128],"product_tag":[451,156,172,173,271,121],"class_list":{"0":"post-14663","1":"product","2":"type-product","3":"status-publish","4":"has-post-thumbnail","6":"product_cat-lelut-fanituotteet","7":"product_cat-model-3","8":"product_cat-model-s","9":"product_cat-model-x","10":"product_cat-model-y","11":"product_cat-pukeutuminen","12":"product_cat-tesla-tuotteet","13":"product_tag-kangasmerkki","14":"product_tag-model-3","15":"product_tag-model-s","16":"product_tag-model-x","17":"product_tag-model-y","18":"product_tag-tesla","20":"first","21":"instock","22":"sale","23":"taxable","24":"shipping-taxable","25":"purchasable","26":"product-type-simple"},"jetpack_sharing_enabled":true,"_links":{"self":[{"href":"https:\/\/www.vempele.fi\/fi\/wp-json\/wp\/v2\/product\/14663","targetHints":{"allow":["GET"]}}],"collection":[{"href":"https:\/\/www.vempele.fi\/fi\/wp-json\/wp\/v2\/product"}],"about":[{"href":"https:\/\/www.vempele.fi\/fi\/wp-json\/wp\/v2\/types\/product"}],"replies":[{"embeddable":true,"href":"https:\/\/www.vempele.fi\/fi\/wp-json\/wp\/v2\/comments?post=14663"}],"wp:featuredmedia":[{"embeddable":true,"href":"https:\/\/www.vempele.fi\/fi\/wp-json\/wp\/v2\/media\/15065"}],"wp:attachment":[{"href":"https:\/\/www.vempele.fi\/fi\/wp-json\/wp\/v2\/media?parent=14663"}],"wp:term":[{"taxonomy":"product_brand","embeddable":true,"href":"https:\/\/www.vempele.fi\/fi\/wp-json\/wp\/v2\/product_brand?post=14663"},{"taxonomy":"product_cat","embeddable":true,"href":"https:\/\/www.vempele.fi\/fi\/wp-json\/wp\/v2\/product_cat?post=14663"},{"taxonomy":"product_tag","embeddable":true,"href":"https:\/\/www.vempele.fi\/fi\/wp-json\/wp\/v2\/product_tag?post=14663"}],"curies":[{"name":"wp","href":"https:\/\/api.w.org\/{rel}","templated":true}]}}