{"id":14942,"date":"2022-12-14T13:09:25","date_gmt":"2022-12-14T11:09:25","guid":{"rendered":"https:\/\/www.vempele.fi\/?post_type=product&#038;p=14942"},"modified":"2026-04-11T21:27:57","modified_gmt":"2026-04-11T18:27:57","slug":"model-y-metalliset-takaluukun-kynnyksen-suojat","status":"publish","type":"product","link":"https:\/\/www.vempele.fi\/fi\/tuote\/model-y-metalliset-takaluukun-kynnyksen-suojat\/","title":{"rendered":"Takaluukun kynnyksen suoja, metalli &#8211; Tesla Model Y"},"content":{"rendered":"<p>Takaluukun kynnyksen suoja, metalli &#8211; Tesla Model Y<\/p>\n<ul>\n<li>\u00a0Yhteensopivuus:\n<ul>\n<li>Model Y 2020 &#8211; 2024<\/li>\n<\/ul>\n<\/li>\n<li>Materiaali: Ruostumaton ter\u00e4s<\/li>\n<\/ul>\n","protected":false},"excerpt":{"rendered":"<p>Model Y Metalliset takaluukun kynnyksensuojat. Ruostumattomasta ja vahvasta ter\u00e4ksest\u00e4 valmistetut kynnyssuojat takaluukkuun. Kahdella erilaisella viimeistelyll\u00e4. Suojaa tehokkaasti alkuper\u00e4ist\u00e4 kynnysmuovia naarmuilta ja vaurioilta.<\/p>\n<ul>\n<li>Helppo asentaa<\/li>\n<li>Kiinnittyy hyvin<\/li>\n<li>Leikattu auton muotoiluun sopivaksi<\/li>\n<li>Helppo puhdistaa<\/li>\n<\/ul>\n","protected":false},"featured_media":44809,"comment_status":"open","ping_status":"closed","template":"","meta":[],"product_brand":[],"product_cat":[154,455,482,128],"product_tag":[83,271,411,200,346,121],"class_list":{"0":"post-14942","1":"product","2":"type-product","3":"status-publish","4":"has-post-thumbnail","6":"product_cat-model-y","7":"product_cat-my-tarvikkeet","8":"product_cat-tarvikkeet-sisapuolelle-model-y","9":"product_cat-tesla-tuotteet","10":"product_tag-autotarvikkeet","11":"product_tag-model-y","12":"product_tag-suoja","13":"product_tag-takaluukku","14":"product_tag-takapuskuri","15":"product_tag-tesla","17":"first","18":"instock","19":"taxable","20":"shipping-taxable","21":"purchasable","22":"product-type-variable"},"jetpack_sharing_enabled":true,"_links":{"self":[{"href":"https:\/\/www.vempele.fi\/fi\/wp-json\/wp\/v2\/product\/14942","targetHints":{"allow":["GET"]}}],"collection":[{"href":"https:\/\/www.vempele.fi\/fi\/wp-json\/wp\/v2\/product"}],"about":[{"href":"https:\/\/www.vempele.fi\/fi\/wp-json\/wp\/v2\/types\/product"}],"replies":[{"embeddable":true,"href":"https:\/\/www.vempele.fi\/fi\/wp-json\/wp\/v2\/comments?post=14942"}],"wp:featuredmedia":[{"embeddable":true,"href":"https:\/\/www.vempele.fi\/fi\/wp-json\/wp\/v2\/media\/44809"}],"wp:attachment":[{"href":"https:\/\/www.vempele.fi\/fi\/wp-json\/wp\/v2\/media?parent=14942"}],"wp:term":[{"taxonomy":"product_brand","embeddable":true,"href":"https:\/\/www.vempele.fi\/fi\/wp-json\/wp\/v2\/product_brand?post=14942"},{"taxonomy":"product_cat","embeddable":true,"href":"https:\/\/www.vempele.fi\/fi\/wp-json\/wp\/v2\/product_cat?post=14942"},{"taxonomy":"product_tag","embeddable":true,"href":"https:\/\/www.vempele.fi\/fi\/wp-json\/wp\/v2\/product_tag?post=14942"}],"curies":[{"name":"wp","href":"https:\/\/api.w.org\/{rel}","templated":true}]}}