{"id":15044,"date":"2023-04-25T13:55:45","date_gmt":"2023-04-25T10:55:45","guid":{"rendered":"https:\/\/www.vempele.fi\/?post_type=product&#038;p=15044"},"modified":"2026-04-01T07:29:07","modified_gmt":"2026-04-01T04:29:07","slug":"tesla-model-y-takakontin-kauppakassikoukut","status":"publish","type":"product","link":"https:\/\/www.vempele.fi\/fi\/tuote\/tesla-model-y-takakontin-kauppakassikoukut\/","title":{"rendered":"Takakontin kauppakassikoukut &#8211; Tesla Model Y"},"content":{"rendered":"<p>Takakontin kauppakassikoukut &#8211; Tesla Model Y<\/p>\n<ul>\n<li>Asennuskohde : Ajoneuvon takakontti<\/li>\n<li>Sopivuus:\n<ul>\n<li>Model Y 2020 &#8211; 2024<\/li>\n<\/ul>\n<\/li>\n<li>Materiaali : ABS Muovi<\/li>\n<li>V\u00e4ri: Musta<\/li>\n<li>Paino: ~50g<\/li>\n<li>Pakkauksen sis\u00e4lt\u00f6 : 1 x Takakontin kauppakassikoukut<\/li>\n<\/ul>\n","protected":false},"excerpt":{"rendered":"<p>Teslan Model Y &#8211; Takakontin k\u00e4tev\u00e4t kauppakassikoukut. Pid\u00e4 kassisi j\u00e4rjetyksess\u00e4 kontissa n\u00e4iden k\u00e4tevien ja tilaa s\u00e4\u00e4st\u00e4vien koukkujen avulla. Tuote on helppo asentaa takakonttiin ihan k\u00e4dell\u00e4 painamalla, niin ett\u00e4 koukkujen klipsit tarttuvat kiinni.<\/p>\n<p>Yhden koukun malli soveltuu mallille, jossa reik\u00e4 ei ole nukkapintaan tehty.<\/p>\n<p>Eri mallit asennetaan eri kohtiin takaluukkua. Katso kuvat!<\/p>\n","protected":false},"featured_media":37214,"comment_status":"open","ping_status":"closed","template":"","meta":[],"product_brand":[],"product_cat":[154,455,482,128],"product_tag":[83,544,545,546,271,121],"class_list":{"0":"post-15044","1":"product","2":"type-product","3":"status-publish","4":"has-post-thumbnail","6":"product_cat-model-y","7":"product_cat-my-tarvikkeet","8":"product_cat-tarvikkeet-sisapuolelle-model-y","9":"product_cat-tesla-tuotteet","10":"product_tag-autotarvikkeet","11":"product_tag-kassikoukku","12":"product_tag-kauppakassi","13":"product_tag-koukut","14":"product_tag-model-y","15":"product_tag-tesla","17":"first","18":"instock","19":"taxable","20":"shipping-taxable","21":"purchasable","22":"product-type-variable"},"jetpack_sharing_enabled":true,"_links":{"self":[{"href":"https:\/\/www.vempele.fi\/fi\/wp-json\/wp\/v2\/product\/15044","targetHints":{"allow":["GET"]}}],"collection":[{"href":"https:\/\/www.vempele.fi\/fi\/wp-json\/wp\/v2\/product"}],"about":[{"href":"https:\/\/www.vempele.fi\/fi\/wp-json\/wp\/v2\/types\/product"}],"replies":[{"embeddable":true,"href":"https:\/\/www.vempele.fi\/fi\/wp-json\/wp\/v2\/comments?post=15044"}],"wp:featuredmedia":[{"embeddable":true,"href":"https:\/\/www.vempele.fi\/fi\/wp-json\/wp\/v2\/media\/37214"}],"wp:attachment":[{"href":"https:\/\/www.vempele.fi\/fi\/wp-json\/wp\/v2\/media?parent=15044"}],"wp:term":[{"taxonomy":"product_brand","embeddable":true,"href":"https:\/\/www.vempele.fi\/fi\/wp-json\/wp\/v2\/product_brand?post=15044"},{"taxonomy":"product_cat","embeddable":true,"href":"https:\/\/www.vempele.fi\/fi\/wp-json\/wp\/v2\/product_cat?post=15044"},{"taxonomy":"product_tag","embeddable":true,"href":"https:\/\/www.vempele.fi\/fi\/wp-json\/wp\/v2\/product_tag?post=15044"}],"curies":[{"name":"wp","href":"https:\/\/api.w.org\/{rel}","templated":true}]}}