{"id":15453,"date":"2023-02-20T14:05:49","date_gmt":"2023-02-20T12:05:49","guid":{"rendered":"https:\/\/www.vempele.fi\/?post_type=product&#038;p=15453"},"modified":"2026-03-06T18:55:49","modified_gmt":"2026-03-06T16:55:49","slug":"tesla-model-3-y-ilmanoton-lisasuoja-puskuriin","status":"publish","type":"product","link":"https:\/\/www.vempele.fi\/fi\/tuote\/tesla-model-3-y-ilmanoton-lisasuoja-puskuriin\/","title":{"rendered":"Ilmanoton lis\u00e4suoja puskuriin &#8211; Tesla Model 3 \/ Y"},"content":{"rendered":"<p>Ilmanoton lis\u00e4suoja puskuriin &#8211; Tesla Model 3 \/ Y<\/p>\n<ul>\n<li>V\u00e4ri: Musta<\/li>\n<li>Yhteensopivuus:\n<ul>\n<li>Model Y 2020 &#8211; 2024<\/li>\n<li>Model 3 Pre-Refresh vm. 2019 &#8211; 2021<\/li>\n<li>Model 3 Refresh vm. 2021 &#8211; 2023<\/li>\n<\/ul>\n<\/li>\n<li>Materiaali: ABS-muovi, metalli<\/li>\n<li>Paino: 270 g<\/li>\n<li>Tuotteen mitat osat yhdistettyn\u00e4 (noin):\u00a0 100 x 9 x 5 cm<\/li>\n<li>Name: Tesla Model 3 \/ Y &#8211; Air intake protector for bumper<\/li>\n<\/ul>\n","protected":false},"excerpt":{"rendered":"<p>Ilmanoton lis\u00e4suoja puskuriin &#8211; Tesla Model 3 \/ Y<\/p>\n<p>Lis\u00e4suojalla varmistat, ettei ep\u00e4toivottuja asioita p\u00e4\u00e4se puskurin sis\u00e4puolelle. Muovisten ritil\u00f6iden lis\u00e4ksi t\u00e4ss\u00e4 on tihe\u00e4 metalliverkko suojaamassa.<\/p>\n<p>Tuotteen asentaminen on helppoa: se kiinnitet\u00e4\u00e4n alkuper\u00e4isen ritil\u00e4n p\u00e4\u00e4lle klipseill\u00e4 ja kaksipuoleisella teipill\u00e4.<\/p>\n","protected":false},"featured_media":16531,"comment_status":"open","ping_status":"closed","template":"","meta":[],"product_brand":[],"product_cat":[151,154,452,455,481,483,128],"product_tag":[83,156,411,121,492],"class_list":{"0":"post-15453","1":"product","2":"type-product","3":"status-publish","4":"has-post-thumbnail","6":"product_cat-model-3","7":"product_cat-model-y","8":"product_cat-m3-tarvikkeet","9":"product_cat-my-tarvikkeet","10":"product_cat-tarvikkeet-ulkopuolelle-model-3","11":"product_cat-tarvikkeet-ulkopuolelle-model-y","12":"product_cat-tesla-tuotteet","13":"product_tag-autotarvikkeet","14":"product_tag-model-3","15":"product_tag-suoja","16":"product_tag-tesla","17":"product_tag-viimasuoja","19":"first","20":"outofstock","21":"taxable","22":"shipping-taxable","23":"purchasable","24":"product-type-variable"},"jetpack_sharing_enabled":true,"_links":{"self":[{"href":"https:\/\/www.vempele.fi\/fi\/wp-json\/wp\/v2\/product\/15453","targetHints":{"allow":["GET"]}}],"collection":[{"href":"https:\/\/www.vempele.fi\/fi\/wp-json\/wp\/v2\/product"}],"about":[{"href":"https:\/\/www.vempele.fi\/fi\/wp-json\/wp\/v2\/types\/product"}],"replies":[{"embeddable":true,"href":"https:\/\/www.vempele.fi\/fi\/wp-json\/wp\/v2\/comments?post=15453"}],"wp:featuredmedia":[{"embeddable":true,"href":"https:\/\/www.vempele.fi\/fi\/wp-json\/wp\/v2\/media\/16531"}],"wp:attachment":[{"href":"https:\/\/www.vempele.fi\/fi\/wp-json\/wp\/v2\/media?parent=15453"}],"wp:term":[{"taxonomy":"product_brand","embeddable":true,"href":"https:\/\/www.vempele.fi\/fi\/wp-json\/wp\/v2\/product_brand?post=15453"},{"taxonomy":"product_cat","embeddable":true,"href":"https:\/\/www.vempele.fi\/fi\/wp-json\/wp\/v2\/product_cat?post=15453"},{"taxonomy":"product_tag","embeddable":true,"href":"https:\/\/www.vempele.fi\/fi\/wp-json\/wp\/v2\/product_tag?post=15453"}],"curies":[{"name":"wp","href":"https:\/\/api.w.org\/{rel}","templated":true}]}}