{"id":15894,"date":"2023-01-31T14:00:35","date_gmt":"2023-01-31T12:00:35","guid":{"rendered":"https:\/\/www.vempele.fi\/?post_type=product&#038;p=15894"},"modified":"2026-04-22T18:26:04","modified_gmt":"2026-04-22T15:26:04","slug":"venttiilihattu-logolla-4kpl","status":"publish","type":"product","link":"https:\/\/www.vempele.fi\/fi\/tuote\/venttiilihattu-logolla-4kpl\/","title":{"rendered":"Venttiilihattu Tesla-logolla (4 kpl)"},"content":{"rendered":"<p>Venttiilihattu Tesla-logolla (4 kpl)<\/p>\n<ul>\n<li>Yhteensopivuus: Tesla Model 3\/S\/X\/Y<\/li>\n<li>V\u00e4rivaihtoehdot: musta, harmaa, vihre\u00e4, sininen, punainen ja pime\u00e4ss\u00e4 hohtava fosfori<\/li>\n<li>Materiaali: alumiini, pl. pime\u00e4ss\u00e4 hohtava, joka on muovia<\/li>\n<li>Mitat: 10 x 6 x 1 cm (pakkaus)<\/li>\n<li>Paino: 0,005 kg (pakkaus)<\/li>\n<\/ul>\n","protected":false},"excerpt":{"rendered":"<p>Venttiilihattu Tesla-logolla (4 kpl).<\/p>\n<p>P\u00e4ivit\u00e4 Teslan tyls\u00e4t alkuper\u00e4iset venttiilihatut uusiin! V\u00e4rivaihtoehtoina musta, harmaa, vihre\u00e4, sininen, punainen ja pime\u00e4ss\u00e4 hohtava fosfori. Tuote sopii Teslan 3-, S-, X-, ja Y-malleihin. Pakkaus sis\u00e4lt\u00e4\u00e4 nelj\u00e4 venttiilihattua Tesla-logolla.<\/p>\n","protected":false},"featured_media":15904,"comment_status":"open","ping_status":"closed","template":"","meta":[],"product_brand":[],"product_cat":[151,152,153,154,452,453,454,455,481,484,486,483,128,456],"product_tag":[83,121,120],"class_list":{"0":"post-15894","1":"product","2":"type-product","3":"status-publish","4":"has-post-thumbnail","6":"product_cat-model-3","7":"product_cat-model-s","8":"product_cat-model-x","9":"product_cat-model-y","10":"product_cat-m3-tarvikkeet","11":"product_cat-ms-tarvikkeet","12":"product_cat-mx-tarvikkeet","13":"product_cat-my-tarvikkeet","14":"product_cat-tarvikkeet-ulkopuolelle-model-3","15":"product_cat-tarvikkeet-ulkopuolelle-model-s","16":"product_cat-tarvikkeet-ulkopuolelle-model-x","17":"product_cat-tarvikkeet-ulkopuolelle-model-y","18":"product_cat-tesla-tuotteet","19":"product_cat-vannetarvikkeet","20":"product_tag-autotarvikkeet","21":"product_tag-tesla","22":"product_tag-tesla-model-3","24":"first","25":"instock","26":"taxable","27":"shipping-taxable","28":"purchasable","29":"product-type-variable","30":"has-default-attributes"},"jetpack_sharing_enabled":true,"_links":{"self":[{"href":"https:\/\/www.vempele.fi\/fi\/wp-json\/wp\/v2\/product\/15894","targetHints":{"allow":["GET"]}}],"collection":[{"href":"https:\/\/www.vempele.fi\/fi\/wp-json\/wp\/v2\/product"}],"about":[{"href":"https:\/\/www.vempele.fi\/fi\/wp-json\/wp\/v2\/types\/product"}],"replies":[{"embeddable":true,"href":"https:\/\/www.vempele.fi\/fi\/wp-json\/wp\/v2\/comments?post=15894"}],"wp:featuredmedia":[{"embeddable":true,"href":"https:\/\/www.vempele.fi\/fi\/wp-json\/wp\/v2\/media\/15904"}],"wp:attachment":[{"href":"https:\/\/www.vempele.fi\/fi\/wp-json\/wp\/v2\/media?parent=15894"}],"wp:term":[{"taxonomy":"product_brand","embeddable":true,"href":"https:\/\/www.vempele.fi\/fi\/wp-json\/wp\/v2\/product_brand?post=15894"},{"taxonomy":"product_cat","embeddable":true,"href":"https:\/\/www.vempele.fi\/fi\/wp-json\/wp\/v2\/product_cat?post=15894"},{"taxonomy":"product_tag","embeddable":true,"href":"https:\/\/www.vempele.fi\/fi\/wp-json\/wp\/v2\/product_tag?post=15894"}],"curies":[{"name":"wp","href":"https:\/\/api.w.org\/{rel}","templated":true}]}}