{"id":16083,"date":"2023-03-28T08:41:56","date_gmt":"2023-03-28T05:41:56","guid":{"rendered":"https:\/\/www.vempele.fi\/?post_type=product&#038;p=16083"},"modified":"2026-04-08T12:20:49","modified_gmt":"2026-04-08T09:20:49","slug":"model-y-19-polykapselit-alkuperaisille-gemini-vanteille","status":"publish","type":"product","link":"https:\/\/www.vempele.fi\/fi\/tuote\/model-y-19-polykapselit-alkuperaisille-gemini-vanteille\/","title":{"rendered":"19&#8243; P\u00f6lykapselit alkuper\u00e4isille Gemini-vanteille &#8211; Model Y"},"content":{"rendered":"<p>19&#8243; P\u00f6lykapselit alkuper\u00e4isille Gemini-vanteille &#8211; Model Y<\/p>\n<ul>\n<li>Yhteensopivuus: Tesla Model Y 19&#8243; Gemini-vanteet<\/li>\n<li>V\u00e4ri: Mattamusta<\/li>\n<li>Materiaali: ABS<\/li>\n<li>Koko: 19&#8243;<\/li>\n<li>Paino: n. 790 g\/kpl<\/li>\n<li>Pakkauksen sis\u00e4lt\u00f6:\n<ul>\n<li>4 x P\u00f6lykapselit (identtiset)<\/li>\n<li>Suojanauha<\/li>\n<li>4 x Logotarrat keskelle<\/li>\n<\/ul>\n<\/li>\n<\/ul>\n","protected":false},"excerpt":{"rendered":"<p>19&#8243; P\u00f6lykapselit alkuper\u00e4isille Gemini-vanteille &#8211; Model Y<\/p>\n<p>Kest\u00e4v\u00e4st\u00e4 ABS-muovista valmistetut p\u00f6lykapselit Model Y:n alkuper\u00e4isille Gemini-vanteille.<\/p>\n<p>Mukana liimattavat keskimerkit, joissa\u00a0 Tesla-logo.<\/p>\n<p>Mukana tulee my\u00f6s suojanauhat vanteiden ja p\u00f6lykapselien v\u00e4liin suojaamaan vanteita naarmuuntumiselta.<\/p>\n<p>&nbsp;<\/p>\n","protected":false},"featured_media":20349,"comment_status":"open","ping_status":"closed","template":"","meta":[],"product_brand":[],"product_cat":[154,455,483,128,456],"product_tag":[83,490,411,121,203],"class_list":{"0":"post-16083","1":"product","2":"type-product","3":"status-publish","4":"has-post-thumbnail","6":"product_cat-model-y","7":"product_cat-my-tarvikkeet","8":"product_cat-tarvikkeet-ulkopuolelle-model-y","9":"product_cat-tesla-tuotteet","10":"product_cat-vannetarvikkeet","11":"product_tag-autotarvikkeet","12":"product_tag-polykapseli","13":"product_tag-suoja","14":"product_tag-tesla","15":"product_tag-tesla-model-y","17":"first","18":"instock","19":"sale","20":"taxable","21":"shipping-taxable","22":"purchasable","23":"product-type-simple"},"jetpack_sharing_enabled":true,"_links":{"self":[{"href":"https:\/\/www.vempele.fi\/fi\/wp-json\/wp\/v2\/product\/16083","targetHints":{"allow":["GET"]}}],"collection":[{"href":"https:\/\/www.vempele.fi\/fi\/wp-json\/wp\/v2\/product"}],"about":[{"href":"https:\/\/www.vempele.fi\/fi\/wp-json\/wp\/v2\/types\/product"}],"replies":[{"embeddable":true,"href":"https:\/\/www.vempele.fi\/fi\/wp-json\/wp\/v2\/comments?post=16083"}],"wp:featuredmedia":[{"embeddable":true,"href":"https:\/\/www.vempele.fi\/fi\/wp-json\/wp\/v2\/media\/20349"}],"wp:attachment":[{"href":"https:\/\/www.vempele.fi\/fi\/wp-json\/wp\/v2\/media?parent=16083"}],"wp:term":[{"taxonomy":"product_brand","embeddable":true,"href":"https:\/\/www.vempele.fi\/fi\/wp-json\/wp\/v2\/product_brand?post=16083"},{"taxonomy":"product_cat","embeddable":true,"href":"https:\/\/www.vempele.fi\/fi\/wp-json\/wp\/v2\/product_cat?post=16083"},{"taxonomy":"product_tag","embeddable":true,"href":"https:\/\/www.vempele.fi\/fi\/wp-json\/wp\/v2\/product_tag?post=16083"}],"curies":[{"name":"wp","href":"https:\/\/api.w.org\/{rel}","templated":true}]}}