{"id":16407,"date":"2023-02-16T12:24:09","date_gmt":"2023-02-16T10:24:09","guid":{"rendered":"https:\/\/www.vempele.fi\/?post_type=product&#038;p=16407"},"modified":"2026-03-11T08:41:39","modified_gmt":"2026-03-11T06:41:39","slug":"tesla-model-x-kuralapat","status":"publish","type":"product","link":"https:\/\/www.vempele.fi\/fi\/tuote\/tesla-model-x-kuralapat\/","title":{"rendered":"Kural\u00e4p\u00e4t &#8211; Tesla Model X"},"content":{"rendered":"<p>Tesla Model X muotoillut kural\u00e4p\u00e4t. Paketti sis\u00e4lt\u00e4\u00e4 4 kpl kurasuojia (molemmille puolille eteen ja taakse) sek\u00e4 tarvittavat kiinnitysniitit nastalla ja metalliklipsut.<\/p>\n<p><strong>Tarkemmat tiedot<\/strong><\/p>\n<ul>\n<li>Sopivuus: Tesla Model X\n<ul>\n<li>2015 &#8211; 2023<\/li>\n<li>2023 -&gt;<\/li>\n<\/ul>\n<\/li>\n<li>Materiaali: ABS muovi<\/li>\n<li>V\u00e4ri: Musta<\/li>\n<li>Paketissa mukana:\n<ul>\n<li>4 x kural\u00e4p\u00e4t, koko setti<\/li>\n<li>Kiinnitystarpeet<\/li>\n<\/ul>\n<\/li>\n<li>Name: Tesla Model X Mud flap splash guard<\/li>\n<\/ul>\n","protected":false},"excerpt":{"rendered":"<p>Pakkauksessa mukana 4 kappaletta Tesla Model X varten muotoiltuja kurasuojia, eteen ja taakse omat. Kural\u00e4p\u00e4t on tarkoitettu est\u00e4m\u00e4\u00e4n kuran, loskan ja kivien roiskumisen pitkin maalipintoja.<\/p>\n<p>Asennuksessa voi k\u00e4ytt\u00e4\u00e4 olemassa olevia sis\u00e4lokasuojan muoviniittej\u00e4 tai pakkauksen mukana tulevia kiinnitysniittej\u00e4.\u00a0T\u00e4t\u00e4 mallia ei tarvitse erikseen porata sis\u00e4lokasuojaan kiinni, vaan k\u00e4ytet\u00e4\u00e4n ainoastaan olemassa olevia reiki\u00e4.<\/p>\n","protected":false},"featured_media":16408,"comment_status":"open","ping_status":"closed","template":"","meta":[],"product_brand":[],"product_cat":[153,454,486,128],"product_tag":[83,270,173,736,121],"class_list":{"0":"post-16407","1":"product","2":"type-product","3":"status-publish","4":"has-post-thumbnail","6":"product_cat-model-x","7":"product_cat-mx-tarvikkeet","8":"product_cat-tarvikkeet-ulkopuolelle-model-x","9":"product_cat-tesla-tuotteet","10":"product_tag-autotarvikkeet","11":"product_tag-kuralapat","12":"product_tag-model-x","13":"product_tag-roiskelappa","14":"product_tag-tesla","16":"first","17":"instock","18":"taxable","19":"shipping-taxable","20":"purchasable","21":"product-type-variable"},"jetpack_sharing_enabled":true,"_links":{"self":[{"href":"https:\/\/www.vempele.fi\/fi\/wp-json\/wp\/v2\/product\/16407","targetHints":{"allow":["GET"]}}],"collection":[{"href":"https:\/\/www.vempele.fi\/fi\/wp-json\/wp\/v2\/product"}],"about":[{"href":"https:\/\/www.vempele.fi\/fi\/wp-json\/wp\/v2\/types\/product"}],"replies":[{"embeddable":true,"href":"https:\/\/www.vempele.fi\/fi\/wp-json\/wp\/v2\/comments?post=16407"}],"wp:featuredmedia":[{"embeddable":true,"href":"https:\/\/www.vempele.fi\/fi\/wp-json\/wp\/v2\/media\/16408"}],"wp:attachment":[{"href":"https:\/\/www.vempele.fi\/fi\/wp-json\/wp\/v2\/media?parent=16407"}],"wp:term":[{"taxonomy":"product_brand","embeddable":true,"href":"https:\/\/www.vempele.fi\/fi\/wp-json\/wp\/v2\/product_brand?post=16407"},{"taxonomy":"product_cat","embeddable":true,"href":"https:\/\/www.vempele.fi\/fi\/wp-json\/wp\/v2\/product_cat?post=16407"},{"taxonomy":"product_tag","embeddable":true,"href":"https:\/\/www.vempele.fi\/fi\/wp-json\/wp\/v2\/product_tag?post=16407"}],"curies":[{"name":"wp","href":"https:\/\/api.w.org\/{rel}","templated":true}]}}