{"id":16583,"date":"2023-02-24T13:18:39","date_gmt":"2023-02-24T11:18:39","guid":{"rendered":"https:\/\/www.vempele.fi\/?post_type=product&#038;p=16583"},"modified":"2026-04-16T21:10:44","modified_gmt":"2026-04-16T18:10:44","slug":"model-3-y-ridex-pyoranlaakeri-rwd-awd","status":"publish","type":"product","link":"https:\/\/www.vempele.fi\/fi\/tuote\/model-3-y-ridex-pyoranlaakeri-rwd-awd\/","title":{"rendered":"Py\u00f6r\u00e4nlaakeri RWD, AWD &#8211; Ridex &#8211; Tesla Model 3 \/ Y"},"content":{"rendered":"<ul>\n<li>Valmistaja: Ridex<\/li>\n<li>Valmistajan tunniste: 654W1307<\/li>\n<li>Valmistajan antamat OE-viitenumerot:\n<ul>\n<li>1044121-00-E<\/li>\n<li>1044123-00-A<\/li>\n<\/ul>\n<\/li>\n<li>Paino: n. 3,6 kg<\/li>\n<\/ul>\n<p><strong>Ei sovi RWD-mallin etuakseliin.<\/strong><\/p>\n<p>&nbsp;<\/p>\n","protected":false},"excerpt":{"rendered":"<p>Py\u00f6r\u00e4nlaakeri Tesla Model 3:een ja Y:hyn valmistajalta Ridex. Py\u00f6r\u00e4nlaakeri sopii RWD-mallin taka-akseliin sek\u00e4 AWD-mallin etu- ja taka-akseliin.<\/p>\n<p><strong>Huom!<\/strong> Tuote ei sovi RWD-mallin etuakseliin.<\/p>\n<p>Sopivuus:<\/p>\n<ul>\n<li>Model 3: vuosimallit 2016 -&gt;<\/li>\n<li>Model Y: vuosimallit 2020 -&gt;<\/li>\n<\/ul>\n","protected":false},"featured_media":16628,"comment_status":"open","ping_status":"closed","template":"","meta":[],"product_brand":[745],"product_cat":[151,154,471,472],"product_tag":[475,156,271,121,319],"class_list":{"0":"post-16583","1":"product","2":"type-product","3":"status-publish","4":"has-post-thumbnail","6":"product_brand-ridex","7":"product_cat-model-3","8":"product_cat-model-y","9":"product_cat-model-3-varaosat","10":"product_cat-varaosat-model-y","11":"product_tag-laakeri","12":"product_tag-model-3","13":"product_tag-model-y","14":"product_tag-tesla","15":"product_tag-varaosat","17":"first","18":"instock","19":"taxable","20":"shipping-taxable","21":"purchasable","22":"product-type-simple"},"jetpack_sharing_enabled":true,"_links":{"self":[{"href":"https:\/\/www.vempele.fi\/fi\/wp-json\/wp\/v2\/product\/16583","targetHints":{"allow":["GET"]}}],"collection":[{"href":"https:\/\/www.vempele.fi\/fi\/wp-json\/wp\/v2\/product"}],"about":[{"href":"https:\/\/www.vempele.fi\/fi\/wp-json\/wp\/v2\/types\/product"}],"replies":[{"embeddable":true,"href":"https:\/\/www.vempele.fi\/fi\/wp-json\/wp\/v2\/comments?post=16583"}],"wp:featuredmedia":[{"embeddable":true,"href":"https:\/\/www.vempele.fi\/fi\/wp-json\/wp\/v2\/media\/16628"}],"wp:attachment":[{"href":"https:\/\/www.vempele.fi\/fi\/wp-json\/wp\/v2\/media?parent=16583"}],"wp:term":[{"taxonomy":"product_brand","embeddable":true,"href":"https:\/\/www.vempele.fi\/fi\/wp-json\/wp\/v2\/product_brand?post=16583"},{"taxonomy":"product_cat","embeddable":true,"href":"https:\/\/www.vempele.fi\/fi\/wp-json\/wp\/v2\/product_cat?post=16583"},{"taxonomy":"product_tag","embeddable":true,"href":"https:\/\/www.vempele.fi\/fi\/wp-json\/wp\/v2\/product_tag?post=16583"}],"curies":[{"name":"wp","href":"https:\/\/api.w.org\/{rel}","templated":true}]}}