{"id":16587,"date":"2023-02-23T11:33:06","date_gmt":"2023-02-23T09:33:06","guid":{"rendered":"https:\/\/www.vempele.fi\/?post_type=product&#038;p=16587"},"modified":"2026-03-17T12:07:23","modified_gmt":"2026-03-17T10:07:23","slug":"tesla-model-x-s-zax-ynx-gloss-gunmetal-20x10-et35","status":"publish","type":"product","link":"https:\/\/www.vempele.fi\/fi\/tuote\/tesla-model-x-s-zax-ynx-gloss-gunmetal-20x10-et35\/","title":{"rendered":"Zax YNX Gloss Gunmetal 20&#215;10 ET35 &#8211; Model S taakse (2021 ->), Model X taakse (-> 2021 ->)"},"content":{"rendered":"<p>Zax YNX Gloss Gunmetal vanne Tesla Model X:\u00e4\u00e4n ja S:s\u00e4\u00e4n.<\/p>\n<ul>\n<li>Leveys: 10&#8243;<\/li>\n<li>Vanteen halkaisija: 20&#8243;<\/li>\n<li>Keskirei\u00e4n halkaisija: 64,1 mm<\/li>\n<li>Pulttijako: 5 x 120<\/li>\n<li>Vanteen paino: 14,60 kg<\/li>\n<li><strong>Staggered-setin takavanteet<\/strong>\n<ul>\n<li>T<a href=\"https:\/\/www.vempele.fi\/tuote\/tesla-model-x-s-zax-ynx-gloss-gunmetal-20x9-et35\/\">\u00e4\u00e4lt\u00e4 Staggered vanteiden mukaan sopivat etuvanteet<\/a><\/li>\n<\/ul>\n<\/li>\n<\/ul>\n","protected":false},"excerpt":{"rendered":"<p>Zax YNX -vanteet ovat laadukkaat Teslaan sopivat vanteet. Vanteet ovat kevyemm\u00e4t kuin Teslan alkuper\u00e4iset. Yhteensopivat Teslan keski\u00f6kuppien kanssa.<\/p>\n<p>Hinta on yhdelle vanteelle.<\/p>\n<p><strong>Anturit vanteiden kaveriksi? <\/strong><\/p>\n<ul>\n<li><a href=\"https:\/\/www.vempele.fi\/tuote\/rengaspaine-anturi-autel-tpms-mx-433mhz\/\" target=\"_blank\" rel=\"noopener\">433 MHz TPMS (-&gt;2020) -paineanturit<\/a><\/li>\n<li><a href=\"https:\/\/www.vempele.fi\/tuote\/rengaspaine-anturi-tesla-tpms-ble-cub\/\" target=\"_blank\" rel=\"noopener\">BLE TPMS (2021-&gt;) -bluetooth-anturit<\/a><\/li>\n<\/ul>\n","protected":false},"featured_media":16599,"comment_status":"open","ping_status":"closed","template":"","meta":[],"product_brand":[],"product_cat":[152,153,128,372],"product_tag":[301,83,299,300,121,122,123,321,320,403],"class_list":{"0":"post-16587","1":"product","2":"type-product","3":"status-publish","4":"has-post-thumbnail","6":"product_cat-model-s","7":"product_cat-model-x","8":"product_cat-tesla-tuotteet","9":"product_cat-vanteet","10":"product_tag-autonrenkaat","11":"product_tag-autotarvikkeet","12":"product_tag-rengas","13":"product_tag-renkaat","14":"product_tag-tesla","15":"product_tag-tesla-model-s","16":"product_tag-tesla-model-x","17":"product_tag-vanteet","18":"product_tag-zax","19":"product_tag-zax-ynx","20":"product_shipping_class-nouto","22":"first","23":"instock","24":"sale","25":"taxable","26":"shipping-taxable","27":"purchasable","28":"product-type-simple"},"jetpack_sharing_enabled":true,"_links":{"self":[{"href":"https:\/\/www.vempele.fi\/fi\/wp-json\/wp\/v2\/product\/16587","targetHints":{"allow":["GET"]}}],"collection":[{"href":"https:\/\/www.vempele.fi\/fi\/wp-json\/wp\/v2\/product"}],"about":[{"href":"https:\/\/www.vempele.fi\/fi\/wp-json\/wp\/v2\/types\/product"}],"replies":[{"embeddable":true,"href":"https:\/\/www.vempele.fi\/fi\/wp-json\/wp\/v2\/comments?post=16587"}],"wp:featuredmedia":[{"embeddable":true,"href":"https:\/\/www.vempele.fi\/fi\/wp-json\/wp\/v2\/media\/16599"}],"wp:attachment":[{"href":"https:\/\/www.vempele.fi\/fi\/wp-json\/wp\/v2\/media?parent=16587"}],"wp:term":[{"taxonomy":"product_brand","embeddable":true,"href":"https:\/\/www.vempele.fi\/fi\/wp-json\/wp\/v2\/product_brand?post=16587"},{"taxonomy":"product_cat","embeddable":true,"href":"https:\/\/www.vempele.fi\/fi\/wp-json\/wp\/v2\/product_cat?post=16587"},{"taxonomy":"product_tag","embeddable":true,"href":"https:\/\/www.vempele.fi\/fi\/wp-json\/wp\/v2\/product_tag?post=16587"}],"curies":[{"name":"wp","href":"https:\/\/api.w.org\/{rel}","templated":true}]}}