{"id":17154,"date":"2023-03-21T15:05:21","date_gmt":"2023-03-21T13:05:21","guid":{"rendered":"https:\/\/www.vempele.fi\/?post_type=product&#038;p=17154"},"modified":"2025-08-28T11:47:42","modified_gmt":"2025-08-28T08:47:42","slug":"tesla-model-y-3-ratin-suojatarra-alcantara","status":"publish","type":"product","link":"https:\/\/www.vempele.fi\/fi\/tuote\/tesla-model-y-3-ratin-suojatarra-alcantara\/","title":{"rendered":"Ratin suojatarra Alcantara &#8211; Tesla Model Y \/ 3"},"content":{"rendered":"<p>Ratin suojatarra Alcantara &#8211; Tesla Model Y \/ 3<\/p>\n<p>Mukana saat kolme erikokoista palaa, jotka sopivat esimerkkikuvissa n\u00e4kyville paikoillensa ja t\u00e4m\u00e4 tuote k\u00e4y Tesla Model 3 \/ Y rattiin. Palat asetetaan paikoillensa pit\u00e4v\u00e4sti suojatarrojen liimapinnan avulla. Muistathan puhdistaa pinnat hyvin ennen asennusta sek\u00e4 suorittaa asennuksen l\u00e4mpim\u00e4ss\u00e4 tilassa. T\u00e4m\u00e4 mahdollistaa liimapinnan maksimaalisen tartuntakyvyn.<\/p>\n<ul>\n<li>\u00a0Sopivuus:\n<ul>\n<li>Model Y 2020 &#8211; 2024<\/li>\n<li>Model 3 Pre-Refresh vm. 2019 &#8211; 2021<\/li>\n<li>Model 3 Refresh vm. 2021 &#8211; 2023<\/li>\n<\/ul>\n<\/li>\n<li>Materiaali: Alcantara<\/li>\n<li>V\u00e4rivaihtoehdot: Musta, Oranssi, Punainen, Sininen<\/li>\n<\/ul>\n","protected":false},"excerpt":{"rendered":"<p>Ratin suojatarra Alcantara &#8211; Tesla Model Y \/ 3<\/p>\n<p>Alcantara pinnalla olevilla koristepaloilla muokkaat milt\u00e4 autosi n\u00e4ytt\u00e4\u00e4. N\u00e4m\u00e4 n\u00e4ytt\u00e4v\u00e4t ratin koristepalat n\u00e4et jokaikinen kerta kun istut autoosi. Alcantara on mukavan tuntuista k\u00e4siss\u00e4, koska se on polyesterist\u00e4 ja polyuretaanista valmistettua mikrokuitukangasta, joka muistuttaa vahvasti mokkanahkaa tuntumaltaan ja ulkon\u00e4\u00f6lt\u00e4\u00e4n.<\/p>\n","protected":false},"featured_media":17161,"comment_status":"open","ping_status":"closed","template":"","meta":[],"product_brand":[],"product_cat":[151,154,452,455,480,482,128],"product_tag":[520,156,271,415,411,265,121],"class_list":{"0":"post-17154","1":"product","2":"type-product","3":"status-publish","4":"has-post-thumbnail","6":"product_cat-model-3","7":"product_cat-model-y","8":"product_cat-m3-tarvikkeet","9":"product_cat-my-tarvikkeet","10":"product_cat-tarvikkeet-sisapuolelle-model-3","11":"product_cat-tarvikkeet-sisapuolelle-model-y","12":"product_cat-tesla-tuotteet","13":"product_tag-alcantara","14":"product_tag-model-3","15":"product_tag-model-y","16":"product_tag-ratti","17":"product_tag-suoja","18":"product_tag-tarra","19":"product_tag-tesla","21":"first","22":"instock","23":"taxable","24":"shipping-taxable","25":"purchasable","26":"product-type-variable"},"jetpack_sharing_enabled":true,"_links":{"self":[{"href":"https:\/\/www.vempele.fi\/fi\/wp-json\/wp\/v2\/product\/17154","targetHints":{"allow":["GET"]}}],"collection":[{"href":"https:\/\/www.vempele.fi\/fi\/wp-json\/wp\/v2\/product"}],"about":[{"href":"https:\/\/www.vempele.fi\/fi\/wp-json\/wp\/v2\/types\/product"}],"replies":[{"embeddable":true,"href":"https:\/\/www.vempele.fi\/fi\/wp-json\/wp\/v2\/comments?post=17154"}],"wp:featuredmedia":[{"embeddable":true,"href":"https:\/\/www.vempele.fi\/fi\/wp-json\/wp\/v2\/media\/17161"}],"wp:attachment":[{"href":"https:\/\/www.vempele.fi\/fi\/wp-json\/wp\/v2\/media?parent=17154"}],"wp:term":[{"taxonomy":"product_brand","embeddable":true,"href":"https:\/\/www.vempele.fi\/fi\/wp-json\/wp\/v2\/product_brand?post=17154"},{"taxonomy":"product_cat","embeddable":true,"href":"https:\/\/www.vempele.fi\/fi\/wp-json\/wp\/v2\/product_cat?post=17154"},{"taxonomy":"product_tag","embeddable":true,"href":"https:\/\/www.vempele.fi\/fi\/wp-json\/wp\/v2\/product_tag?post=17154"}],"curies":[{"name":"wp","href":"https:\/\/api.w.org\/{rel}","templated":true}]}}