{"id":17747,"date":"2023-04-04T14:48:54","date_gmt":"2023-04-04T11:48:54","guid":{"rendered":"https:\/\/www.vempele.fi\/?post_type=product&#038;p=17747"},"modified":"2024-04-10T07:31:36","modified_gmt":"2024-04-10T04:31:36","slug":"radar-dimax-r8-235-45r18-98y-tesla-model-3","status":"publish","type":"product","link":"https:\/\/www.vempele.fi\/fi\/tuote\/radar-dimax-r8-235-45r18-98y-tesla-model-3\/","title":{"rendered":"Radar Dimax R8+: 235\/45R18 98Y &#8211; Tesla Model 3"},"content":{"rendered":"<p>1 kpl Radar Dimax R8+: 235\/45R18 98Y &#8211; Tesla Model 3.<\/p>\n<ul>\n<li class=\"single-product__section-title\">EU-rengasmerkinn\u00e4t<\/li>\n<li>Tyyppi: Kes\u00e4rengas<\/li>\n<li>Tuumat: 18<\/li>\n<li>Leveys: 235<\/li>\n<li>Profiili: 45<\/li>\n<li class=\"single-product__section-title\">Nopeusluokka: 300km\/h (W)<\/li>\n<li class=\"single-product__section-title\">Kantavuus: 750kg (98)<\/li>\n<li>Rengasluokitus: C1<\/li>\n<li>Polttoainetaloudellisuus: C<\/li>\n<li>M\u00e4rk\u00e4pito: A<\/li>\n<li>Ohiajomelunluokitus ja voimakkuus: B 72dB<\/li>\n<\/ul>\n","protected":false},"excerpt":{"rendered":"<p class=\"single-product__title\">Radar Dimax R8+: 235\/45R18 98Y.<\/p>\n<p>Kes\u00e4renkaat.<\/p>\n<p class=\"ewa-rteLine\">Omni Unitedin rengasmerkki, Radar Dimax -rengas, antaa pitoa sek\u00e4 tarkkaa k\u00e4sitelt\u00e4vyytt\u00e4 m\u00e4r\u00e4ll\u00e4 kuin kuivallakin tiell\u00e4.<\/p>\n<p>T\u00e4t\u00e4 rengasta emme aina pid\u00e4 hyllyss\u00e4 mutta saamme sit\u00e4 tukusta nopeasti n. 2:ssa p\u00e4iv\u00e4ss\u00e4.<\/p>\n","protected":false},"featured_media":17745,"comment_status":"open","ping_status":"closed","template":"","meta":[],"product_brand":[],"product_cat":[151,371,128],"product_tag":[301,494,299,300,121,120,321],"class_list":{"0":"post-17747","1":"product","2":"type-product","3":"status-publish","4":"has-post-thumbnail","6":"product_cat-model-3","7":"product_cat-renkaat","8":"product_cat-tesla-tuotteet","9":"product_tag-autonrenkaat","10":"product_tag-radar-dimax","11":"product_tag-rengas","12":"product_tag-renkaat","13":"product_tag-tesla","14":"product_tag-tesla-model-3","15":"product_tag-vanteet","16":"product_shipping_class-nouto","18":"first","19":"instock","20":"taxable","21":"shipping-taxable","22":"purchasable","23":"product-type-simple"},"jetpack_sharing_enabled":true,"_links":{"self":[{"href":"https:\/\/www.vempele.fi\/fi\/wp-json\/wp\/v2\/product\/17747","targetHints":{"allow":["GET"]}}],"collection":[{"href":"https:\/\/www.vempele.fi\/fi\/wp-json\/wp\/v2\/product"}],"about":[{"href":"https:\/\/www.vempele.fi\/fi\/wp-json\/wp\/v2\/types\/product"}],"replies":[{"embeddable":true,"href":"https:\/\/www.vempele.fi\/fi\/wp-json\/wp\/v2\/comments?post=17747"}],"wp:featuredmedia":[{"embeddable":true,"href":"https:\/\/www.vempele.fi\/fi\/wp-json\/wp\/v2\/media\/17745"}],"wp:attachment":[{"href":"https:\/\/www.vempele.fi\/fi\/wp-json\/wp\/v2\/media?parent=17747"}],"wp:term":[{"taxonomy":"product_brand","embeddable":true,"href":"https:\/\/www.vempele.fi\/fi\/wp-json\/wp\/v2\/product_brand?post=17747"},{"taxonomy":"product_cat","embeddable":true,"href":"https:\/\/www.vempele.fi\/fi\/wp-json\/wp\/v2\/product_cat?post=17747"},{"taxonomy":"product_tag","embeddable":true,"href":"https:\/\/www.vempele.fi\/fi\/wp-json\/wp\/v2\/product_tag?post=17747"}],"curies":[{"name":"wp","href":"https:\/\/api.w.org\/{rel}","templated":true}]}}