{"id":17749,"date":"2023-04-04T14:57:32","date_gmt":"2023-04-04T11:57:32","guid":{"rendered":"https:\/\/www.vempele.fi\/?post_type=product&#038;p=17749"},"modified":"2023-08-02T15:45:59","modified_gmt":"2023-08-02T12:45:59","slug":"nokian-tyres-hakka-black-3-235-35r20-92y-xl-model-3","status":"publish","type":"product","link":"https:\/\/www.vempele.fi\/fi\/tuote\/nokian-tyres-hakka-black-3-235-35r20-92y-xl-model-3\/","title":{"rendered":"Nokian Tyres Hakka Black 3: 235\/35R20 92Y XL &#8211; Model 3"},"content":{"rendered":"<p>1 kpl Nokian Tyres Hakka Black 3: 235\/35R20 92Y XL &#8211; Model 3.<\/p>\n<ul>\n<li class=\"single-product__section-title\">EU-rengasmerkinn\u00e4t<\/li>\n<li>Tyyppi: Kes\u00e4rengas<\/li>\n<li>Tuumat: 20<\/li>\n<li>Leveys: 235<\/li>\n<li>Profiili: 35<\/li>\n<li class=\"single-product__section-title\">Nopeusluokka: 300km\/h (W)<\/li>\n<li class=\"single-product__section-title\">Kantavuus: 630kg (92)<\/li>\n<li>Rengasluokitus: C1<\/li>\n<\/ul>\n","protected":false},"excerpt":{"rendered":"<p class=\"single-product__title\">Nokian Tyres Hakka Black 3: 235\/35R20 92Y XL.<\/p>\n<p>Kes\u00e4renkaat.<\/p>\n<p>Hakka Black 3 m\u00e4rk\u00e4pito on parasta A-ryhm\u00e4\u00e4, jolloin saat loistavan m\u00e4rk\u00e4pidon kev\u00e4\u00e4lt\u00e4 syksyyn saakka.<\/p>\n<p class=\"ewa-rteLine\">Suunniteltu tehokkaita autoja varten, Hakka Black 3 on 1dB edelt\u00e4j\u00e4\u00e4ns\u00e4 hiljaisempi tasaisella asfaltilla. Renkaassa Silent MultiZone -design joka tarjoaa miellytt\u00e4v\u00e4\u00e4 \u00e4\u00e4nitasoa erilaisilla tienpinnoilla.<\/p>\n<p><strong>Huom.<\/strong><br \/>\nNokian renkaat tulevat suoraan toimittajalta meille p\u00e4\u00e4s\u00e4\u00e4nt\u00f6isesti heti seuraavana p\u00e4iv\u00e4n\u00e4 tilauksesta.<br \/>\nVarastosaldot eiv\u00e4t p\u00e4ivity automaattisesti, joten olemme teihin heti yhteydess\u00e4 jos rengasta ei jostain syyst\u00e4 ole saatavilla v\u00e4litt\u00f6m\u00e4sti.<\/p>\n","protected":false},"featured_media":17741,"comment_status":"open","ping_status":"closed","template":"","meta":[],"product_brand":[],"product_cat":[151,371,128],"product_tag":[301,394,299,300,121,120,321],"class_list":{"0":"post-17749","1":"product","2":"type-product","3":"status-publish","4":"has-post-thumbnail","6":"product_cat-model-3","7":"product_cat-renkaat","8":"product_cat-tesla-tuotteet","9":"product_tag-autonrenkaat","10":"product_tag-nokian-renkaat","11":"product_tag-rengas","12":"product_tag-renkaat","13":"product_tag-tesla","14":"product_tag-tesla-model-3","15":"product_tag-vanteet","16":"product_shipping_class-nouto","18":"first","19":"instock","20":"taxable","21":"shipping-taxable","22":"purchasable","23":"product-type-simple"},"jetpack_sharing_enabled":true,"_links":{"self":[{"href":"https:\/\/www.vempele.fi\/fi\/wp-json\/wp\/v2\/product\/17749","targetHints":{"allow":["GET"]}}],"collection":[{"href":"https:\/\/www.vempele.fi\/fi\/wp-json\/wp\/v2\/product"}],"about":[{"href":"https:\/\/www.vempele.fi\/fi\/wp-json\/wp\/v2\/types\/product"}],"replies":[{"embeddable":true,"href":"https:\/\/www.vempele.fi\/fi\/wp-json\/wp\/v2\/comments?post=17749"}],"wp:featuredmedia":[{"embeddable":true,"href":"https:\/\/www.vempele.fi\/fi\/wp-json\/wp\/v2\/media\/17741"}],"wp:attachment":[{"href":"https:\/\/www.vempele.fi\/fi\/wp-json\/wp\/v2\/media?parent=17749"}],"wp:term":[{"taxonomy":"product_brand","embeddable":true,"href":"https:\/\/www.vempele.fi\/fi\/wp-json\/wp\/v2\/product_brand?post=17749"},{"taxonomy":"product_cat","embeddable":true,"href":"https:\/\/www.vempele.fi\/fi\/wp-json\/wp\/v2\/product_cat?post=17749"},{"taxonomy":"product_tag","embeddable":true,"href":"https:\/\/www.vempele.fi\/fi\/wp-json\/wp\/v2\/product_tag?post=17749"}],"curies":[{"name":"wp","href":"https:\/\/api.w.org\/{rel}","templated":true}]}}