{"id":18753,"date":"2023-05-09T09:35:44","date_gmt":"2023-05-09T06:35:44","guid":{"rendered":"https:\/\/www.vempele.fi\/?post_type=product&#038;p=18753"},"modified":"2023-10-03T14:38:40","modified_gmt":"2023-10-03T11:38:40","slug":"vaahtomuovipatja-autoon-tesla-model-y","status":"publish","type":"product","link":"https:\/\/www.vempele.fi\/fi\/tuote\/vaahtomuovipatja-autoon-tesla-model-y\/","title":{"rendered":"Vaahtomuovipatja autoon &#8211; Tesla Model Y"},"content":{"rendered":"<p>K\u00e4tev\u00e4 vaahtomuovipatja pitkille ajomatkoille ja leiriytymiseen.<\/p>\n<p>Pakkaus sis\u00e4lt\u00e4\u00e4<\/p>\n<ul>\n<li>Plyysip\u00e4\u00e4llysteiset vaahtomuovipatjat x 3 kpl (noin 185 x 35 x 3-5cm)<\/li>\n<li>Irtop\u00e4\u00e4llinen patjalle x 1<\/li>\n<li>Musta nyloninen s\u00e4ilytyskassi x 1<\/li>\n<\/ul>\n<p><strong>Tiedot:<\/strong><\/p>\n<ul>\n<li>Sopivuus: Tesla Model Y<\/li>\n<li>Pituus: 185 cm<\/li>\n<li>Leveys: 35 cm yhdell\u00e4 osalla. Huom! Patja koostuu kolmesta osasta<\/li>\n<li>Paksuus: 3-5 cm\n<ul>\n<li>Toisessa p\u00e4\u00e4ss\u00e4 patjaa takana vanerista tehty vahvike<\/li>\n<\/ul>\n<\/li>\n<\/ul>\n<p>&nbsp;<\/p>\n","protected":false},"excerpt":{"rendered":"<p>Vaahtomuovipatja Tesla Model Y:hyn. T\u00e4ll\u00e4 mukavan pehme\u00e4ll\u00e4 patjalla nukut autossasi kuin tukki.<\/p>\n<p>Taittuvan rakenteen ansiosta patjan esille laittaminen ja s\u00e4ilytt\u00e4minen on vaivatonta. Patjan osien pohjissa on tarranauhat, joilla ne kiinnitet\u00e4\u00e4n useasta kohtaa kontin pohjaan ja selk\u00e4nojan kankaaseen. N\u00e4in patja pysyy paikoillaan, vaikka k\u00e4\u00e4ntyilisit unissasi. Patjassa on kankainen irtop\u00e4\u00e4llinen.<\/p>\n<p>Mukana tulevassa s\u00e4ilytyskassissa voit s\u00e4ilytt\u00e4\u00e4 patjaa ilman huolta sen likaantumisesta, kun se ei ole menossasi mukana. Laukku sopii my\u00f6s auton frunkkiin sek\u00e4 takaluukun alatilaan, joten voit hy\u00f6dynt\u00e4\u00e4 sit\u00e4 my\u00f6s muiden tavaroiden kuljettamisessa.<\/p>\n<p>&nbsp;<\/p>\n","protected":false},"featured_media":18917,"comment_status":"open","ping_status":"closed","template":"","meta":[],"product_brand":[],"product_cat":[154,455,482,128],"product_tag":[83,310,271,121,502],"class_list":{"0":"post-18753","1":"product","2":"type-product","3":"status-publish","4":"has-post-thumbnail","6":"product_cat-model-y","7":"product_cat-my-tarvikkeet","8":"product_cat-tarvikkeet-sisapuolelle-model-y","9":"product_cat-tesla-tuotteet","10":"product_tag-autotarvikkeet","11":"product_tag-makuualusta","12":"product_tag-model-y","13":"product_tag-tesla","14":"product_tag-vaahtomuovipatja","16":"first","17":"outofstock","18":"taxable","19":"shipping-taxable","20":"purchasable","21":"product-type-simple"},"jetpack_sharing_enabled":true,"_links":{"self":[{"href":"https:\/\/www.vempele.fi\/fi\/wp-json\/wp\/v2\/product\/18753","targetHints":{"allow":["GET"]}}],"collection":[{"href":"https:\/\/www.vempele.fi\/fi\/wp-json\/wp\/v2\/product"}],"about":[{"href":"https:\/\/www.vempele.fi\/fi\/wp-json\/wp\/v2\/types\/product"}],"replies":[{"embeddable":true,"href":"https:\/\/www.vempele.fi\/fi\/wp-json\/wp\/v2\/comments?post=18753"}],"wp:featuredmedia":[{"embeddable":true,"href":"https:\/\/www.vempele.fi\/fi\/wp-json\/wp\/v2\/media\/18917"}],"wp:attachment":[{"href":"https:\/\/www.vempele.fi\/fi\/wp-json\/wp\/v2\/media?parent=18753"}],"wp:term":[{"taxonomy":"product_brand","embeddable":true,"href":"https:\/\/www.vempele.fi\/fi\/wp-json\/wp\/v2\/product_brand?post=18753"},{"taxonomy":"product_cat","embeddable":true,"href":"https:\/\/www.vempele.fi\/fi\/wp-json\/wp\/v2\/product_cat?post=18753"},{"taxonomy":"product_tag","embeddable":true,"href":"https:\/\/www.vempele.fi\/fi\/wp-json\/wp\/v2\/product_tag?post=18753"}],"curies":[{"name":"wp","href":"https:\/\/api.w.org\/{rel}","templated":true}]}}