{"id":18760,"date":"2023-05-08T12:23:57","date_gmt":"2023-05-08T09:23:57","guid":{"rendered":"https:\/\/www.vempele.fi\/?post_type=product&#038;p=18760"},"modified":"2026-04-17T11:11:51","modified_gmt":"2026-04-17T08:11:51","slug":"takapenkin-takaosan-penkinsuojat-tesla-model-y","status":"publish","type":"product","link":"https:\/\/www.vempele.fi\/fi\/tuote\/takapenkin-takaosan-penkinsuojat-tesla-model-y\/","title":{"rendered":"Takapenkin takaosan penkinsuojat &#8211; Tesla Model Y"},"content":{"rendered":"<p>Takapenkin takaosan penkinsuojat &#8211; Tesla Model Y. Pakkauksessa kolme erillist\u00e4 suojaa, jotka peitt\u00e4v\u00e4t yhdess\u00e4 koko takapenkin takaosan.<\/p>\n<p><b>Lis\u00e4tiedot:<\/b><\/p>\n<ul>\n<li>Sopivuus: Tesla Model Y<\/li>\n<li>Vuosimalli: 2021 -&gt;<\/li>\n<li>Materiaali: taipuisa muovi<\/li>\n<li>V\u00e4ri: musta<\/li>\n<\/ul>\n","protected":false},"excerpt":{"rendered":"<p>Takapenkin takaosan suojat Tesla Model Y:hyn. Suojat on valmistettu EVA-muovista, kuten huippusuositut kaukalomattomme. Tuotteella suojaat takapenkin taustat lialta ja kulumiselta, jos joudut usein kallistamaan penkkej\u00e4 ja kuljettamaan tavaraa takaosassa.<\/p>\n<p>Suojat sopivat ulkon\u00e4k\u00f6ns\u00e4 puolesta mainiosti yhteen <a href=\"https:\/\/www.vempele.fi\/fi\/tuote\/tesla-model-y-frunk-trunk-kaukalomatot\/\" target=\"_blank\" rel=\"noopener\">Model Y Trunk Matin<\/a> kanssa.<\/p>\n<p>Matot on helppo puhdistaa vaikka hanan alla ja kevyesti harjalla &#8211; kura ja lika l\u00e4htee muovipinnasta helposti. Kuten muut valikoimassamme olevat matot, n\u00e4m\u00e4 suojat istuvat t\u00e4ydellisesti ja asettuvat heitt\u00e4m\u00e4ll\u00e4 paikoilleen.<\/p>\n<p>Tarrakiinnityksen ansiosta tuote on nopea asentaa ja tarvittaessa irrottaa.<\/p>\n","protected":false},"featured_media":18911,"comment_status":"open","ping_status":"closed","template":"","meta":[],"product_brand":[],"product_cat":[408,154,128],"product_tag":[83,411,121,203],"class_list":{"0":"post-18760","1":"product","2":"type-product","3":"status-publish","4":"has-post-thumbnail","6":"product_cat-matot-model-y","7":"product_cat-model-y","8":"product_cat-tesla-tuotteet","9":"product_tag-autotarvikkeet","10":"product_tag-suoja","11":"product_tag-tesla","12":"product_tag-tesla-model-y","14":"first","15":"instock","16":"taxable","17":"shipping-taxable","18":"purchasable","19":"product-type-simple"},"jetpack_sharing_enabled":true,"_links":{"self":[{"href":"https:\/\/www.vempele.fi\/fi\/wp-json\/wp\/v2\/product\/18760","targetHints":{"allow":["GET"]}}],"collection":[{"href":"https:\/\/www.vempele.fi\/fi\/wp-json\/wp\/v2\/product"}],"about":[{"href":"https:\/\/www.vempele.fi\/fi\/wp-json\/wp\/v2\/types\/product"}],"replies":[{"embeddable":true,"href":"https:\/\/www.vempele.fi\/fi\/wp-json\/wp\/v2\/comments?post=18760"}],"wp:featuredmedia":[{"embeddable":true,"href":"https:\/\/www.vempele.fi\/fi\/wp-json\/wp\/v2\/media\/18911"}],"wp:attachment":[{"href":"https:\/\/www.vempele.fi\/fi\/wp-json\/wp\/v2\/media?parent=18760"}],"wp:term":[{"taxonomy":"product_brand","embeddable":true,"href":"https:\/\/www.vempele.fi\/fi\/wp-json\/wp\/v2\/product_brand?post=18760"},{"taxonomy":"product_cat","embeddable":true,"href":"https:\/\/www.vempele.fi\/fi\/wp-json\/wp\/v2\/product_cat?post=18760"},{"taxonomy":"product_tag","embeddable":true,"href":"https:\/\/www.vempele.fi\/fi\/wp-json\/wp\/v2\/product_tag?post=18760"}],"curies":[{"name":"wp","href":"https:\/\/api.w.org\/{rel}","templated":true}]}}