{"id":18988,"date":"2023-05-11T13:52:20","date_gmt":"2023-05-11T10:52:20","guid":{"rendered":"https:\/\/www.vempele.fi\/?post_type=product&#038;p=18988"},"modified":"2026-02-08T20:40:00","modified_gmt":"2026-02-08T18:40:00","slug":"kylmalaukku-frunkkiin-tesla-model-s-3-x-y","status":"publish","type":"product","link":"https:\/\/www.vempele.fi\/fi\/tuote\/kylmalaukku-frunkkiin-tesla-model-s-3-x-y\/","title":{"rendered":"Kylm\u00e4laukku Frunkkiin &#8211; Tesla Model S \/ 3 \/ X \/ Y"},"content":{"rendered":"<p>Kylm\u00e4laukku kantokahvoilla.<\/p>\n<p><b>Lis\u00e4tiedot:<\/b><\/p>\n<ul>\n<li>Sopivuus: Tesla Model S \/ 3 \/ X \/ Y<\/li>\n<li>Materiaali: Nylon, muovi<\/li>\n<li>Koko: Noin 68cm x 39cm x 20cm<\/li>\n<li>V\u00e4ri: Musta<\/li>\n<\/ul>\n","protected":false},"excerpt":{"rendered":"<p>K\u00e4tev\u00e4, siisti ja monik\u00e4ytt\u00f6inen kylm\u00e4laukku.<\/p>\n<p>T\u00e4ll\u00e4 tuotteella saat k\u00e4tev\u00e4sti frunkin hy\u00f6tyk\u00e4ytt\u00f6\u00f6n! Kassissa on my\u00f6s kantokahvat ja yksi pitk\u00e4 olkalenkki, joten laukun kantaminen on helppoa ja k\u00e4tev\u00e4\u00e4. Laukku on todella tilava, ja sinne mahtuu suurenkin pesueen ev\u00e4\u00e4t juomineen.<\/p>\n<p>Testattu my\u00f6s sopivuus ainakin Y:n takaluukun s\u00e4ilytystilaan.<\/p>\n","protected":false},"featured_media":18989,"comment_status":"open","ping_status":"closed","template":"","meta":[],"product_brand":[],"product_cat":[151,152,153,154,452,453,454,455,480,485,487,482,128],"product_tag":[503,504,156,172,173,271,121],"class_list":{"0":"post-18988","1":"product","2":"type-product","3":"status-publish","4":"has-post-thumbnail","6":"product_cat-model-3","7":"product_cat-model-s","8":"product_cat-model-x","9":"product_cat-model-y","10":"product_cat-m3-tarvikkeet","11":"product_cat-ms-tarvikkeet","12":"product_cat-mx-tarvikkeet","13":"product_cat-my-tarvikkeet","14":"product_cat-tarvikkeet-sisapuolelle-model-3","15":"product_cat-tarvikkeet-sisapuolelle-model-s","16":"product_cat-tarvikkeet-sisapuolelle-model-x","17":"product_cat-tarvikkeet-sisapuolelle-model-y","18":"product_cat-tesla-tuotteet","19":"product_tag-frunk","20":"product_tag-kylmalaukku","21":"product_tag-model-3","22":"product_tag-model-s","23":"product_tag-model-x","24":"product_tag-model-y","25":"product_tag-tesla","27":"first","28":"instock","29":"taxable","30":"shipping-taxable","31":"purchasable","32":"product-type-simple"},"jetpack_sharing_enabled":true,"_links":{"self":[{"href":"https:\/\/www.vempele.fi\/fi\/wp-json\/wp\/v2\/product\/18988","targetHints":{"allow":["GET"]}}],"collection":[{"href":"https:\/\/www.vempele.fi\/fi\/wp-json\/wp\/v2\/product"}],"about":[{"href":"https:\/\/www.vempele.fi\/fi\/wp-json\/wp\/v2\/types\/product"}],"replies":[{"embeddable":true,"href":"https:\/\/www.vempele.fi\/fi\/wp-json\/wp\/v2\/comments?post=18988"}],"wp:featuredmedia":[{"embeddable":true,"href":"https:\/\/www.vempele.fi\/fi\/wp-json\/wp\/v2\/media\/18989"}],"wp:attachment":[{"href":"https:\/\/www.vempele.fi\/fi\/wp-json\/wp\/v2\/media?parent=18988"}],"wp:term":[{"taxonomy":"product_brand","embeddable":true,"href":"https:\/\/www.vempele.fi\/fi\/wp-json\/wp\/v2\/product_brand?post=18988"},{"taxonomy":"product_cat","embeddable":true,"href":"https:\/\/www.vempele.fi\/fi\/wp-json\/wp\/v2\/product_cat?post=18988"},{"taxonomy":"product_tag","embeddable":true,"href":"https:\/\/www.vempele.fi\/fi\/wp-json\/wp\/v2\/product_tag?post=18988"}],"curies":[{"name":"wp","href":"https:\/\/api.w.org\/{rel}","templated":true}]}}