{"id":19283,"date":"2023-05-24T08:40:36","date_gmt":"2023-05-24T05:40:36","guid":{"rendered":"https:\/\/www.vempele.fi\/?post_type=product&#038;p=19283"},"modified":"2026-01-20T21:46:57","modified_gmt":"2026-01-20T19:46:57","slug":"ovien-kahvansuojatarrat-fluorisoiva-tesla-model-3-y","status":"publish","type":"product","link":"https:\/\/www.vempele.fi\/fi\/tuote\/ovien-kahvansuojatarrat-fluorisoiva-tesla-model-3-y\/","title":{"rendered":"Ovien fosforoidut kahvansuojatarrat &#8211; Tesla Model 3 \/ Y"},"content":{"rendered":"<p>Ovien fosforoidut kahvansuojatarrat &#8211; Tesla Model 3 \/ Y.<\/p>\n<ul>\n<li>Materiaali: Taipuisa muovi<\/li>\n<li>Sopivuus:\n<ul>\n<li>Model Y 2020 &#8211; 2024<\/li>\n<li>Model Y Juniper 2025 -&gt;<\/li>\n<li>Model 3 Pre-Refresh vm. 2019 &#8211; 2021<\/li>\n<li>Model 3 Refresh vm. 2021 &#8211; 2023<\/li>\n<li>Model 3 Highland vm. 2023 -&gt;<\/li>\n<\/ul>\n<\/li>\n<li>Paketin koko: 24 x 8 x 0,5 cm<\/li>\n<li>M\u00e4\u00e4r\u00e4: 4 kpl\/paketti<\/li>\n<li>Paino: ~25 g<\/li>\n<\/ul>\n","protected":false},"excerpt":{"rendered":"<p>Pehme\u00e4t kiilt\u00e4v\u00e4t kahvansuojatarrat fosforoinnilla suojaavat auton kahvat naarmuilta ja pirist\u00e4v\u00e4t autosi ilmett\u00e4! T\u00e4ydellinen istuvuus Teslan malleihin Model 3 ja Y.<\/p>\n<p>Suojatarrat on helppo kiinnitt\u00e4\u00e4 hyv\u00e4n liimapinnan ansiosta. Muista putsata kahvat kunnolla ennen tuotteen kiinnityst\u00e4!<\/p>\n<p>&nbsp;<\/p>\n","protected":false},"featured_media":41474,"comment_status":"open","ping_status":"closed","template":"","meta":[],"product_brand":[],"product_cat":[151,154,452,455,481,483,128],"product_tag":[534,156,271,411,121],"class_list":{"0":"post-19283","1":"product","2":"type-product","3":"status-publish","4":"has-post-thumbnail","6":"product_cat-model-3","7":"product_cat-model-y","8":"product_cat-m3-tarvikkeet","9":"product_cat-my-tarvikkeet","10":"product_cat-tarvikkeet-ulkopuolelle-model-3","11":"product_cat-tarvikkeet-ulkopuolelle-model-y","12":"product_cat-tesla-tuotteet","13":"product_tag-kahva","14":"product_tag-model-3","15":"product_tag-model-y","16":"product_tag-suoja","17":"product_tag-tesla","19":"first","20":"instock","21":"taxable","22":"shipping-taxable","23":"purchasable","24":"product-type-simple"},"jetpack_sharing_enabled":true,"_links":{"self":[{"href":"https:\/\/www.vempele.fi\/fi\/wp-json\/wp\/v2\/product\/19283","targetHints":{"allow":["GET"]}}],"collection":[{"href":"https:\/\/www.vempele.fi\/fi\/wp-json\/wp\/v2\/product"}],"about":[{"href":"https:\/\/www.vempele.fi\/fi\/wp-json\/wp\/v2\/types\/product"}],"replies":[{"embeddable":true,"href":"https:\/\/www.vempele.fi\/fi\/wp-json\/wp\/v2\/comments?post=19283"}],"wp:featuredmedia":[{"embeddable":true,"href":"https:\/\/www.vempele.fi\/fi\/wp-json\/wp\/v2\/media\/41474"}],"wp:attachment":[{"href":"https:\/\/www.vempele.fi\/fi\/wp-json\/wp\/v2\/media?parent=19283"}],"wp:term":[{"taxonomy":"product_brand","embeddable":true,"href":"https:\/\/www.vempele.fi\/fi\/wp-json\/wp\/v2\/product_brand?post=19283"},{"taxonomy":"product_cat","embeddable":true,"href":"https:\/\/www.vempele.fi\/fi\/wp-json\/wp\/v2\/product_cat?post=19283"},{"taxonomy":"product_tag","embeddable":true,"href":"https:\/\/www.vempele.fi\/fi\/wp-json\/wp\/v2\/product_tag?post=19283"}],"curies":[{"name":"wp","href":"https:\/\/api.w.org\/{rel}","templated":true}]}}