{"id":19433,"date":"2023-05-25T11:15:52","date_gmt":"2023-05-25T08:15:52","guid":{"rendered":"https:\/\/www.vempele.fi\/?post_type=product&#038;p=19433"},"modified":"2026-04-18T16:27:12","modified_gmt":"2026-04-18T13:27:12","slug":"maalinkorjauskyna-tesla","status":"publish","type":"product","link":"https:\/\/www.vempele.fi\/fi\/tuote\/maalinkorjauskyna-tesla\/","title":{"rendered":"Maalinkorjauskyn\u00e4 &#8211; Tesla"},"content":{"rendered":"<p>K\u00e4tev\u00e4 kotimainen maalinpaikkauskyn\u00e4 Teslan v\u00e4rikoodeilla.<\/p>\n<p><strong>Tekniset ominaisuudet<\/strong><\/p>\n<p>Touch-up akryylisideaineet ja pastat ovat erinomaista autonkorjausmaalien OE laatua. Touch-up tarjoaa eritt\u00e4in nopean kuivumisajan, kiilt\u00e4v\u00e4n ja kulutusta kest\u00e4v\u00e4n pinnan.<\/p>\n<ul>\n<li>Viimeistelty pinta kest\u00e4\u00e4 liuottimia, kuten bensiini\u00e4 ja t\u00e4rp\u00e4tti\u00e4<\/li>\n<li>Pinnoite on eritt\u00e4in kova ja antaa erinomaisen suojan kulumiselle sek\u00e4 kiveniskuille<\/li>\n<\/ul>\n<p><strong>Tarkemmat tiedot<\/strong><\/p>\n<ul>\n<li>Paino: ~35 g<\/li>\n<li>Maalin m\u00e4\u00e4r\u00e4: 12 ml<\/li>\n<li>Valmistaja: Maston<\/li>\n<li>Valmistusmaa: Suomi<\/li>\n<li><a href=\"https:\/\/www.vempele.fi\/wp-content\/uploads\/2023\/05\/Touch-up-kayttoturvatiedote-fi.pdf\" target=\"_blank\" rel=\"noopener\">K\u00e4ytt\u00f6turvatiedote<\/a><\/li>\n<li><a href=\"https:\/\/www.vempele.fi\/wp-content\/uploads\/2023\/05\/Touch-up-kayttoturvatiedote-en.pdf\" target=\"_blank\" rel=\"noopener\">Safety data sheet<\/a> (en)<\/li>\n<li>Name: Paint repair pen for Tesla colors<\/li>\n<\/ul>\n","protected":false},"excerpt":{"rendered":"<p>Onko konepelti t\u00e4ynn\u00e4 kiveniskemi\u00e4? Ei h\u00e4t\u00e4\u00e4! Helppok\u00e4ytt\u00f6isell\u00e4 Touch-Up-kyn\u00e4ll\u00e4 saat piilotettua isommatkin kiveniskem\u00e4t ja naarmut.<\/p>\n<p>Pullossa on 12 ml maalia. V\u00e4rivaihtoehdot on teetetty Teslan v\u00e4rikoodien mukaan. Maali on helppo levitt\u00e4\u00e4 niin pieniin kuin isompiin osumiin kaksitoimisen korkin ansiosta. Korkissa on neulan p\u00e4\u00e4n kokoinen, pienten osumien korjaukseen tarkoitettu levitin sek\u00e4 harjap\u00e4inen, suuremmalta alueelta peitt\u00e4v\u00e4 levitin.<\/p>\n<p>Saatavilla olevat v\u00e4rivaihtoehdot:<\/p>\n<ul>\n<li>PPSW &#8211; Pearl White<\/li>\n<li>PMNG &#8211; Midnight Silver<\/li>\n<li>PPSB &#8211; Deep Blue Metallic<\/li>\n<li>PBSB &#8211; Solid Black<\/li>\n<li>PPMR, PMMR &#8211; Red Multi-Coat<\/li>\n<li>PN00 &#8211; Quicksilver<\/li>\n<\/ul>\n<p>V\u00e4rikoodi l\u00f6ytyy kuljettajan puolen B-pilarissa olevasta tarrasta. Katso tarkempi sijainti toisesta tuotekuvasta.<\/p>\n<p><iframe loading=\"lazy\" title=\"YouTube video player\" src=\"https:\/\/www.youtube.com\/embed\/_glzhUsuXeQ\" width=\"260\" height=\"150\" frameborder=\"0\" allowfullscreen=\"allowfullscreen\"><\/iframe><\/p>\n","protected":false},"featured_media":19441,"comment_status":"open","ping_status":"closed","template":"","meta":[],"product_brand":[],"product_cat":[151,152,153,154,452,453,454,455,481,484,486,483,128],"product_tag":[83,509,510,156,172,173,271,121],"class_list":{"0":"post-19433","1":"product","2":"type-product","3":"status-publish","4":"has-post-thumbnail","6":"product_cat-model-3","7":"product_cat-model-s","8":"product_cat-model-x","9":"product_cat-model-y","10":"product_cat-m3-tarvikkeet","11":"product_cat-ms-tarvikkeet","12":"product_cat-mx-tarvikkeet","13":"product_cat-my-tarvikkeet","14":"product_cat-tarvikkeet-ulkopuolelle-model-3","15":"product_cat-tarvikkeet-ulkopuolelle-model-s","16":"product_cat-tarvikkeet-ulkopuolelle-model-x","17":"product_cat-tarvikkeet-ulkopuolelle-model-y","18":"product_cat-tesla-tuotteet","19":"product_tag-autotarvikkeet","20":"product_tag-korjausmaali","21":"product_tag-maalinpaikkauskyna","22":"product_tag-model-3","23":"product_tag-model-s","24":"product_tag-model-x","25":"product_tag-model-y","26":"product_tag-tesla","28":"first","29":"instock","30":"taxable","31":"shipping-taxable","32":"purchasable","33":"product-type-variable"},"jetpack_sharing_enabled":true,"_links":{"self":[{"href":"https:\/\/www.vempele.fi\/fi\/wp-json\/wp\/v2\/product\/19433","targetHints":{"allow":["GET"]}}],"collection":[{"href":"https:\/\/www.vempele.fi\/fi\/wp-json\/wp\/v2\/product"}],"about":[{"href":"https:\/\/www.vempele.fi\/fi\/wp-json\/wp\/v2\/types\/product"}],"replies":[{"embeddable":true,"href":"https:\/\/www.vempele.fi\/fi\/wp-json\/wp\/v2\/comments?post=19433"}],"wp:featuredmedia":[{"embeddable":true,"href":"https:\/\/www.vempele.fi\/fi\/wp-json\/wp\/v2\/media\/19441"}],"wp:attachment":[{"href":"https:\/\/www.vempele.fi\/fi\/wp-json\/wp\/v2\/media?parent=19433"}],"wp:term":[{"taxonomy":"product_brand","embeddable":true,"href":"https:\/\/www.vempele.fi\/fi\/wp-json\/wp\/v2\/product_brand?post=19433"},{"taxonomy":"product_cat","embeddable":true,"href":"https:\/\/www.vempele.fi\/fi\/wp-json\/wp\/v2\/product_cat?post=19433"},{"taxonomy":"product_tag","embeddable":true,"href":"https:\/\/www.vempele.fi\/fi\/wp-json\/wp\/v2\/product_tag?post=19433"}],"curies":[{"name":"wp","href":"https:\/\/api.w.org\/{rel}","templated":true}]}}