{"id":19491,"date":"2023-05-26T11:19:42","date_gmt":"2023-05-26T08:19:42","guid":{"rendered":"https:\/\/www.vempele.fi\/?post_type=product&#038;p=19491"},"modified":"2026-04-27T07:54:30","modified_gmt":"2026-04-27T04:54:30","slug":"ilmansuodatin-mann-tesla-model-3-y","status":"publish","type":"product","link":"https:\/\/www.vempele.fi\/fi\/tuote\/ilmansuodatin-mann-tesla-model-3-y\/","title":{"rendered":"Ilmansuodatin MANN &#8211; Tesla Model 3\/Y"},"content":{"rendered":"<ul>\n<li>Sopivuus:\n<ul>\n<li>Model Y 2021 &#8211; 2024<\/li>\n<li>Model Y Juniper 2025 -&gt;<\/li>\n<li>Model 3 Pre-Refresh vm. 2019 &#8211; 2021<\/li>\n<li>Model 3 Refresh vm. 2021 &#8211; 2023<\/li>\n<li>Model 3 Highland vm. 2023 -&gt;<\/li>\n<\/ul>\n<\/li>\n<li>Pakkaus sis\u00e4lt\u00e4\u00e4: 1 x ilmansuodatin (tilaa 2 kpl tuotetta, jos haluat vaihtaa molemmat ilmansuodattimet)<\/li>\n<li>Koko: 13,4 x 24 x 3 cm (yhden ilmansuodattimen mitat)<\/li>\n<li>Tuotekoodi: Tesla 1107681-00-A, MANN FP 25 015<\/li>\n<li>Valmistusmaa: Saksa<\/li>\n<\/ul>\n<p><a href=\"https:\/\/catalog.mann-filter.com\/EU\/eng\/catalog\/MANN-FILTER%20Katalog%20Europa\/Vehicles\/CARS%20%2B%20TRANSPORTERS\/TESLA%20MOTORS\/Model%203\/Model%203%20EV%20(T00000004288838)\/Cabin%20Air%20Filter\/FP%2025%20015\" target=\"_blank\" rel=\"noopener\">Lis\u00e4tietoa ja MANNin omat asennusohjeet<\/a><\/p>\n","protected":false},"excerpt":{"rendered":"<p>Antibakteerinen MANN-aktiivihiilisuodatin Tesla Model 3:een ja Y:hyn. T\u00e4m\u00e4 suodatin on laatuvalinta! Valmistaja suosittelee vaihtamaan suodattimet kahden vuoden v\u00e4lein, mutta Suomen ajo-olosuhteissa suosittelemme vuoden vaihtov\u00e4li\u00e4.<\/p>\n<p><a href=\"https:\/\/www.youtube.com\/watch?v=aSDG-IZTuYU\" target=\"_blank\" rel=\"noopener noreferrer\">Youtubesta l\u00f6ytyy ohjeet vaihtoon<\/a>. Paneelit l\u00e4htev\u00e4t helposti irti, mutta yksi torx-ruuvi on pahassa paikassa ja vaatii hieman ep\u00e4miellytt\u00e4v\u00e4\u00e4 asentoa jalkatilassa \ud83d\ude42 Kannattaa my\u00f6s varovasti imuroida roskat pois suodatinkotelotilasta.<\/p>\n<p>Pakkaus sis\u00e4lt\u00e4\u00e4 yhden (1 kpl) ilmansuodattimen.<\/p>\n<p><strong>Huom! Tesla Model 3:ssa ja Y:ss\u00e4 on kaksi ilmansuodatinta. Tilaa tuotetta 2 kpl, jos haluat vaihtaa molemmat ilmansuodattimet!<\/strong><\/p>\n","protected":false},"featured_media":19500,"comment_status":"open","ping_status":"closed","template":"","meta":[],"product_brand":[839],"product_cat":[151,154,452,455,480,482,128,471,472],"product_tag":[83,156,271,204,511,121],"class_list":{"0":"post-19491","1":"product","2":"type-product","3":"status-publish","4":"has-post-thumbnail","6":"product_brand-mann","7":"product_cat-model-3","8":"product_cat-model-y","9":"product_cat-m3-tarvikkeet","10":"product_cat-my-tarvikkeet","11":"product_cat-tarvikkeet-sisapuolelle-model-3","12":"product_cat-tarvikkeet-sisapuolelle-model-y","13":"product_cat-tesla-tuotteet","14":"product_cat-model-3-varaosat","15":"product_cat-varaosat-model-y","16":"product_tag-autotarvikkeet","17":"product_tag-model-3","18":"product_tag-model-y","19":"product_tag-raitisilmasuodatin","20":"product_tag-suodatin","21":"product_tag-tesla","23":"first","24":"instock","25":"taxable","26":"shipping-taxable","27":"purchasable","28":"product-type-simple"},"jetpack_sharing_enabled":true,"_links":{"self":[{"href":"https:\/\/www.vempele.fi\/fi\/wp-json\/wp\/v2\/product\/19491","targetHints":{"allow":["GET"]}}],"collection":[{"href":"https:\/\/www.vempele.fi\/fi\/wp-json\/wp\/v2\/product"}],"about":[{"href":"https:\/\/www.vempele.fi\/fi\/wp-json\/wp\/v2\/types\/product"}],"replies":[{"embeddable":true,"href":"https:\/\/www.vempele.fi\/fi\/wp-json\/wp\/v2\/comments?post=19491"}],"wp:featuredmedia":[{"embeddable":true,"href":"https:\/\/www.vempele.fi\/fi\/wp-json\/wp\/v2\/media\/19500"}],"wp:attachment":[{"href":"https:\/\/www.vempele.fi\/fi\/wp-json\/wp\/v2\/media?parent=19491"}],"wp:term":[{"taxonomy":"product_brand","embeddable":true,"href":"https:\/\/www.vempele.fi\/fi\/wp-json\/wp\/v2\/product_brand?post=19491"},{"taxonomy":"product_cat","embeddable":true,"href":"https:\/\/www.vempele.fi\/fi\/wp-json\/wp\/v2\/product_cat?post=19491"},{"taxonomy":"product_tag","embeddable":true,"href":"https:\/\/www.vempele.fi\/fi\/wp-json\/wp\/v2\/product_tag?post=19491"}],"curies":[{"name":"wp","href":"https:\/\/api.w.org\/{rel}","templated":true}]}}