{"id":19856,"date":"2023-06-06T15:06:00","date_gmt":"2023-06-06T12:06:00","guid":{"rendered":"https:\/\/www.vempele.fi\/?post_type=product&#038;p=19856"},"modified":"2026-03-11T08:41:39","modified_gmt":"2026-03-11T06:41:39","slug":"tesla-model-x-2022-frunk-trunk-eva-kaukalomatot","status":"publish","type":"product","link":"https:\/\/www.vempele.fi\/fi\/tuote\/tesla-model-x-2022-frunk-trunk-eva-kaukalomatot\/","title":{"rendered":"Tesla Model X 2022-> Frunk \/ Trunk EVA kaukalomatot"},"content":{"rendered":"<p>Tesla Model X 2022-&gt; Frunk \/ Trunk EVA- kaukalomatot etu- ja takakonttiin.<\/p>\n<p>Valittavissa olevat mattovaihtoehdot:<\/p>\n<ul>\n<li>Etukontin matto (Front box mat)<\/li>\n<li>Takakontin pienen s\u00e4ilytystilan matto (Trunk Storage Mat)<\/li>\n<li>Takatilan peitt\u00e4v\u00e4 takakontin matto (Trunk Mat)<\/li>\n<\/ul>\n<p><b>Tarkemmat tiedot<\/b><\/p>\n<p>Materiaali: Taipuisa muovi<br \/>\nV\u00e4ri: Musta<br \/>\nSopivuus: Tesla Model X\u00a0 vm. 2022 eteenp\u00e4in<br \/>\nValmistusmaa: Kiina<\/p>\n","protected":false},"excerpt":{"rendered":"<p>Todella laadukkaat EVA-kaukalomatot auton s\u00e4ilytystiloihin. Matot istuvat t\u00e4ydellisesti Tesla Model X.<\/p>\n<p>Jos kuljetat autosi tavaratiloissa m\u00e4rki\u00e4 lataustarvikkeita ja esimerkiksi kastuneita tai kuraisia kenki\u00e4\/vaatteita, kaukalomatto on j\u00e4rkev\u00e4 hankinta. Vedenkest\u00e4v\u00e4t kaukalomatot pit\u00e4v\u00e4t kuran ja veden aisoissa. Lis\u00e4ksi kaukalomattojen puhdistaminen ja kuivaaminen on huomattavasti helpompaa kuin auton oman verhoilumateriaalin.<\/p>\n<p>Varmistathan sopivuuden autoosi ennen ostoa.<\/p>\n<p>Pakkaus sis\u00e4lt\u00e4\u00e4 alla olevasta valikosta valitsemasi maton.<\/p>\n","protected":false},"featured_media":19885,"comment_status":"open","ping_status":"closed","template":"","meta":[],"product_brand":[],"product_cat":[514,153,487,128],"product_tag":[83,206,304,173,121],"class_list":{"0":"post-19856","1":"product","2":"type-product","3":"status-publish","4":"has-post-thumbnail","6":"product_cat-model-x-matot","7":"product_cat-model-x","8":"product_cat-tarvikkeet-sisapuolelle-model-x","9":"product_cat-tesla-tuotteet","10":"product_tag-autotarvikkeet","11":"product_tag-eva","12":"product_tag-kaukalomatto","13":"product_tag-model-x","14":"product_tag-tesla","15":"product_shipping_class-nouto","17":"first","18":"instock","19":"taxable","20":"shipping-taxable","21":"purchasable","22":"product-type-variable"},"jetpack_sharing_enabled":true,"_links":{"self":[{"href":"https:\/\/www.vempele.fi\/fi\/wp-json\/wp\/v2\/product\/19856","targetHints":{"allow":["GET"]}}],"collection":[{"href":"https:\/\/www.vempele.fi\/fi\/wp-json\/wp\/v2\/product"}],"about":[{"href":"https:\/\/www.vempele.fi\/fi\/wp-json\/wp\/v2\/types\/product"}],"replies":[{"embeddable":true,"href":"https:\/\/www.vempele.fi\/fi\/wp-json\/wp\/v2\/comments?post=19856"}],"wp:featuredmedia":[{"embeddable":true,"href":"https:\/\/www.vempele.fi\/fi\/wp-json\/wp\/v2\/media\/19885"}],"wp:attachment":[{"href":"https:\/\/www.vempele.fi\/fi\/wp-json\/wp\/v2\/media?parent=19856"}],"wp:term":[{"taxonomy":"product_brand","embeddable":true,"href":"https:\/\/www.vempele.fi\/fi\/wp-json\/wp\/v2\/product_brand?post=19856"},{"taxonomy":"product_cat","embeddable":true,"href":"https:\/\/www.vempele.fi\/fi\/wp-json\/wp\/v2\/product_cat?post=19856"},{"taxonomy":"product_tag","embeddable":true,"href":"https:\/\/www.vempele.fi\/fi\/wp-json\/wp\/v2\/product_tag?post=19856"}],"curies":[{"name":"wp","href":"https:\/\/api.w.org\/{rel}","templated":true}]}}