{"id":19881,"date":"2023-06-07T14:07:40","date_gmt":"2023-06-07T11:07:40","guid":{"rendered":"https:\/\/www.vempele.fi\/?post_type=product&#038;p=19881"},"modified":"2026-04-17T11:18:32","modified_gmt":"2026-04-17T08:18:32","slug":"tuulilasinpyyhkijat-bosch-aerotwin-tesla-model-3-y","status":"publish","type":"product","link":"https:\/\/www.vempele.fi\/fi\/tuote\/tuulilasinpyyhkijat-bosch-aerotwin-tesla-model-3-y\/","title":{"rendered":"Tuulilasinpyyhkij\u00e4t Bosch AeroTwin &#8211; Tesla Model 3 \/ Y"},"content":{"rendered":"<p>Tuulilasinpyyhkij\u00e4t Bosch AeroTwin &#8211; Tesla Model 3 \/ Y<\/p>\n<p>Helpot vaihtaa!<\/p>\n<p><b>Tarkemmat tiedot:<\/b><\/p>\n<ul>\n<li>Valmistaja: Bosch<\/li>\n<li>Malli: A102S<\/li>\n<li>Tuotenumero: 3 397 014 116<\/li>\n<li>V\u00e4ri: Musta<\/li>\n<li>Yhteensopivuus:\n<ul>\n<li>Model Y 2021 &#8211; 2024<\/li>\n<li>Model 3 Pre-Refresh 2019 &#8211; 2021<\/li>\n<li>Model 3 Refresh 2021 &#8211; 2023<\/li>\n<li>Model 3 Highland 2023 -&gt;<\/li>\n<\/ul>\n<\/li>\n<li>Pakkauksen paino: 0,35 kg<\/li>\n<li>Pakkauksen mitat: 77 x 6 x 4 cm<\/li>\n<li>Valmistusmaa: Belgia<\/li>\n<\/ul>\n<p>&nbsp;<\/p>\n","protected":false},"excerpt":{"rendered":"<p>Laadukkaat Bosch AeroTwin A102S tuulilasinpyyhkij\u00e4t Tesla Model 3:een ja Y:hyn.<\/p>\n<p>Kun pyyhkij\u00e4n sulka ei en\u00e4\u00e4 poista kaikkea kosteutta lasista, se on aika vaihtaa. Pyyhkij\u00e4n tulisi puhdistaa lasi t\u00e4ysin kirkkaaksi kolmella pyyhk\u00e4isyll\u00e4. Meilt\u00e4 saat vanhojen pyyhkij\u00f6iden tilalle molemmat tuulilasinpyyhkij\u00e4t edulliseen yhteishintaan!<\/p>\n<p>Pituudet:<br \/>\n650mm \/ 26&#8243;<br \/>\n475mm \/ 19&#8243;<\/p>\n","protected":false},"featured_media":19882,"comment_status":"open","ping_status":"closed","template":"","meta":[],"product_brand":[737],"product_cat":[151,154,452,455,481,483,128,471,472],"product_tag":[156,271,195,121,194],"class_list":{"0":"post-19881","1":"product","2":"type-product","3":"status-publish","4":"has-post-thumbnail","6":"product_brand-bosch","7":"product_cat-model-3","8":"product_cat-model-y","9":"product_cat-m3-tarvikkeet","10":"product_cat-my-tarvikkeet","11":"product_cat-tarvikkeet-ulkopuolelle-model-3","12":"product_cat-tarvikkeet-ulkopuolelle-model-y","13":"product_cat-tesla-tuotteet","14":"product_cat-model-3-varaosat","15":"product_cat-varaosat-model-y","16":"product_tag-model-3","17":"product_tag-model-y","18":"product_tag-pyyhkijat","19":"product_tag-tesla","20":"product_tag-tuulilasi","22":"first","23":"instock","24":"taxable","25":"shipping-taxable","26":"purchasable","27":"product-type-simple"},"jetpack_sharing_enabled":true,"_links":{"self":[{"href":"https:\/\/www.vempele.fi\/fi\/wp-json\/wp\/v2\/product\/19881","targetHints":{"allow":["GET"]}}],"collection":[{"href":"https:\/\/www.vempele.fi\/fi\/wp-json\/wp\/v2\/product"}],"about":[{"href":"https:\/\/www.vempele.fi\/fi\/wp-json\/wp\/v2\/types\/product"}],"replies":[{"embeddable":true,"href":"https:\/\/www.vempele.fi\/fi\/wp-json\/wp\/v2\/comments?post=19881"}],"wp:featuredmedia":[{"embeddable":true,"href":"https:\/\/www.vempele.fi\/fi\/wp-json\/wp\/v2\/media\/19882"}],"wp:attachment":[{"href":"https:\/\/www.vempele.fi\/fi\/wp-json\/wp\/v2\/media?parent=19881"}],"wp:term":[{"taxonomy":"product_brand","embeddable":true,"href":"https:\/\/www.vempele.fi\/fi\/wp-json\/wp\/v2\/product_brand?post=19881"},{"taxonomy":"product_cat","embeddable":true,"href":"https:\/\/www.vempele.fi\/fi\/wp-json\/wp\/v2\/product_cat?post=19881"},{"taxonomy":"product_tag","embeddable":true,"href":"https:\/\/www.vempele.fi\/fi\/wp-json\/wp\/v2\/product_tag?post=19881"}],"curies":[{"name":"wp","href":"https:\/\/api.w.org\/{rel}","templated":true}]}}