{"id":20044,"date":"2023-06-15T13:21:26","date_gmt":"2023-06-15T10:21:26","guid":{"rendered":"https:\/\/www.vempele.fi\/?post_type=product&#038;p=20044"},"modified":"2026-04-15T22:06:54","modified_gmt":"2026-04-15T19:06:54","slug":"hud-naytto-tesla-model-3-y","status":"publish","type":"product","link":"https:\/\/www.vempele.fi\/fi\/tuote\/hud-naytto-tesla-model-3-y\/","title":{"rendered":"HUD N\u00e4ytt\u00f6 &#8211; Tesla Model 3 \/ Y"},"content":{"rendered":"<p>Voi k\u00e4ytt\u00e4\u00e4 yhdess\u00e4 my\u00f6s OBD adapterin kanssa, mutta suojamuovin alla, jossa liitin on, voi olla ahdasta.<\/p>\n<p>Suomenkielisen asennusohjeen voit ladata <a href=\"https:\/\/www.vempele.fi\/wp-content\/uploads\/2023\/06\/Yonzee-HUD-asennusohje.pdf\" target=\"_blank\" rel=\"noopener\">t\u00e4st\u00e4.<\/a><br \/>\nP\u00e4ivityksen firmwareen Teslan ohjelmistoversioon 2024.8 eteenp\u00e4in voi ladata <a href=\"https:\/\/www.vempele.fi\/wp-content\/uploads\/2024\/05\/HUD-24.8-FW.zip\">t\u00e4st\u00e4.<\/a><\/p>\n<p>Tuote liitet\u00e4\u00e4n Teslan CAN-v\u00e4yl\u00e4\u00e4n, joten Vempele ei vastaa auton ohjelmistop\u00e4ivitysten aiheuttamista mahdollisista muutoksista laitteen toiminnassa.<\/p>\n<ul>\n<li>Merkki: Yonzee<\/li>\n<li>Materiaali: ABS<\/li>\n<li>V\u00e4ri: Musta<\/li>\n<li>Koko: n. 80mm x 19mm x 16mm<\/li>\n<li>Sopivuus:\n<ul>\n<li>Model Y 2021 &#8211; 2024<\/li>\n<li>Model 3 Pre-Refresh 2019 &#8211; 2021<\/li>\n<li>Model 3 Refresh 2021 &#8211; 2023<\/li>\n<\/ul>\n<\/li>\n<\/ul>\n<div style=\"width: 980px;\" class=\"wp-video\"><video class=\"wp-video-shortcode\" id=\"video-20044-1\" width=\"980\" height=\"551\" preload=\"metadata\" controls=\"controls\"><source type=\"video\/mp4\" src=\"https:\/\/www.vempele.fi\/wp-content\/uploads\/2023\/06\/video.mp4?_=1\" \/><a href=\"https:\/\/www.vempele.fi\/wp-content\/uploads\/2023\/06\/video.mp4\">https:\/\/www.vempele.fi\/wp-content\/uploads\/2023\/06\/video.mp4<\/a><\/video><\/div>\n","protected":false},"excerpt":{"rendered":"<p>K\u00e4tev\u00e4 ja pieni HUD helpottaa nopeuden tarkkailua.<\/p>\n<p>N\u00e4yt\u00f6lt\u00e4 l\u00f6ytyy nopeuden lis\u00e4ksi mm. kytketty vaihde, suuntavilkkujen merkit, pitojarrun merkkivalo, ajovalojen merkkivalo, ovien merkkivalo ja v\u00e4h\u00e4isen akun varoitusvalo. Paikallaan seisoessa n\u00e4ytt\u00f6 n\u00e4ytt\u00e4\u00e4 j\u00e4ljell\u00e4 olevan kilometrim\u00e4\u00e4r\u00e4n.<\/p>\n<p>Tuote on suhteellisen helppo ja yksinkertainen asentaa, ja vain muutaman helposti irrotettavan muovin joutuu ottamaan pois tielt\u00e4 jotta saa n\u00e4yt\u00f6n johdon vedetty\u00e4 kojelaudalta keskikonsolin takaosaan. Katso video alempaa!<\/p>\n<p>N\u00e4ytt\u00f6 on kirkas ja helppolukuinen my\u00f6s kirkkaassa auringonpaisteessa.<\/p>\n<p><strong>Huom!<\/strong><br \/>\nAuton ohjelmistoversion 2024.8 yhteydess\u00e4 jotkin CAN viestit ovat muuttuneet siten, ett\u00e4 tuotteen n\u00e4yt\u00f6ss\u00e4 vilkku palaa vasemmalle jatkuvasti. Nopeus ja j\u00e4ljell\u00e4 olevan kilometrim\u00e4\u00e4r\u00e4n n\u00e4ytt\u00f6 toimii normaalisti.<br \/>\nT\u00e4h\u00e4n ollaan saatu p\u00e4ivitys valmistajalta ja sen voi ladata<a href=\"https:\/\/www.vempele.fi\/wp-content\/uploads\/2024\/05\/HUD-24.8-FW.zip\"> t\u00e4st\u00e4.<\/a><\/p>\n","protected":false},"featured_media":20045,"comment_status":"open","ping_status":"closed","template":"","meta":[],"product_brand":[],"product_cat":[151,154,452,455,480,482,128],"product_tag":[532,156,533,157,121],"class_list":{"0":"post-20044","1":"product","2":"type-product","3":"status-publish","4":"has-post-thumbnail","6":"product_cat-model-3","7":"product_cat-model-y","8":"product_cat-m3-tarvikkeet","9":"product_cat-my-tarvikkeet","10":"product_cat-tarvikkeet-sisapuolelle-model-3","11":"product_cat-tarvikkeet-sisapuolelle-model-y","12":"product_cat-tesla-tuotteet","13":"product_tag-hud","14":"product_tag-model-3","15":"product_tag-nopeusnaytto","16":"product_tag-obd2","17":"product_tag-tesla","19":"first","20":"instock","21":"taxable","22":"shipping-taxable","23":"purchasable","24":"product-type-simple"},"jetpack_sharing_enabled":true,"_links":{"self":[{"href":"https:\/\/www.vempele.fi\/fi\/wp-json\/wp\/v2\/product\/20044","targetHints":{"allow":["GET"]}}],"collection":[{"href":"https:\/\/www.vempele.fi\/fi\/wp-json\/wp\/v2\/product"}],"about":[{"href":"https:\/\/www.vempele.fi\/fi\/wp-json\/wp\/v2\/types\/product"}],"replies":[{"embeddable":true,"href":"https:\/\/www.vempele.fi\/fi\/wp-json\/wp\/v2\/comments?post=20044"}],"wp:featuredmedia":[{"embeddable":true,"href":"https:\/\/www.vempele.fi\/fi\/wp-json\/wp\/v2\/media\/20045"}],"wp:attachment":[{"href":"https:\/\/www.vempele.fi\/fi\/wp-json\/wp\/v2\/media?parent=20044"}],"wp:term":[{"taxonomy":"product_brand","embeddable":true,"href":"https:\/\/www.vempele.fi\/fi\/wp-json\/wp\/v2\/product_brand?post=20044"},{"taxonomy":"product_cat","embeddable":true,"href":"https:\/\/www.vempele.fi\/fi\/wp-json\/wp\/v2\/product_cat?post=20044"},{"taxonomy":"product_tag","embeddable":true,"href":"https:\/\/www.vempele.fi\/fi\/wp-json\/wp\/v2\/product_tag?post=20044"}],"curies":[{"name":"wp","href":"https:\/\/api.w.org\/{rel}","templated":true}]}}