{"id":20244,"date":"2024-08-06T12:00:05","date_gmt":"2024-08-06T09:00:05","guid":{"rendered":"https:\/\/www.vempele.fi\/?post_type=product&#038;p=20244"},"modified":"2026-04-17T15:21:12","modified_gmt":"2026-04-17T12:21:12","slug":"oven-potkusuoja-tesla-model-y","status":"publish","type":"product","link":"https:\/\/www.vempele.fi\/fi\/tuote\/oven-potkusuoja-tesla-model-y\/","title":{"rendered":"Takapenkin potkusuoja &#8211; Tesla Model Y"},"content":{"rendered":"<p>Takapenkin potkusuoja &#8211; Tesla Model Y.<\/p>\n<ul>\n<li>Materiaali: Muovi<\/li>\n<li>Pakkauksessa mukana: 2 x Oven suojia, yksi vasemmalle ja yksi oikealle puolelle<\/li>\n<li>V\u00e4ri: Musta<\/li>\n<li>Sopivuus:\n<ul>\n<li>Tesla Model Y 2020 &#8211; 2024 ( Ei sovi 7-paikkaiseen)<\/li>\n<\/ul>\n<\/li>\n<\/ul>\n","protected":false},"excerpt":{"rendered":"<p>Takapenkin potkusuoja &#8211; Tesla Model Y. Tuotteen toisella puolella on tarranauha, jonka ansiosta tuote kiinnittyy alkuper\u00e4isen pinnan p\u00e4\u00e4lle. S\u00e4ilyt\u00e4 autosi alkuper\u00e4inen nukkapinta paremman n\u00e4k\u00f6isen\u00e4 kun ensimm\u00e4iset iskut ottaa vastaan t\u00e4m\u00e4 tuote. Puhdistamista varten tuote on my\u00f6s helppo poistaa varovasti irrottamalla verhoilusta.<\/p>\n<p>Ei sovi 7-paikkaiseen.<\/p>\n","protected":false},"featured_media":20610,"comment_status":"open","ping_status":"closed","template":"","meta":[],"product_brand":[],"product_cat":[154,455,482,128],"product_tag":[271,242,411,121],"class_list":{"0":"post-20244","1":"product","2":"type-product","3":"status-publish","4":"has-post-thumbnail","6":"product_cat-model-y","7":"product_cat-my-tarvikkeet","8":"product_cat-tarvikkeet-sisapuolelle-model-y","9":"product_cat-tesla-tuotteet","10":"product_tag-model-y","11":"product_tag-potkusuoja","12":"product_tag-suoja","13":"product_tag-tesla","15":"first","16":"instock","17":"taxable","18":"shipping-taxable","19":"purchasable","20":"product-type-simple"},"jetpack_sharing_enabled":true,"_links":{"self":[{"href":"https:\/\/www.vempele.fi\/fi\/wp-json\/wp\/v2\/product\/20244","targetHints":{"allow":["GET"]}}],"collection":[{"href":"https:\/\/www.vempele.fi\/fi\/wp-json\/wp\/v2\/product"}],"about":[{"href":"https:\/\/www.vempele.fi\/fi\/wp-json\/wp\/v2\/types\/product"}],"replies":[{"embeddable":true,"href":"https:\/\/www.vempele.fi\/fi\/wp-json\/wp\/v2\/comments?post=20244"}],"wp:featuredmedia":[{"embeddable":true,"href":"https:\/\/www.vempele.fi\/fi\/wp-json\/wp\/v2\/media\/20610"}],"wp:attachment":[{"href":"https:\/\/www.vempele.fi\/fi\/wp-json\/wp\/v2\/media?parent=20244"}],"wp:term":[{"taxonomy":"product_brand","embeddable":true,"href":"https:\/\/www.vempele.fi\/fi\/wp-json\/wp\/v2\/product_brand?post=20244"},{"taxonomy":"product_cat","embeddable":true,"href":"https:\/\/www.vempele.fi\/fi\/wp-json\/wp\/v2\/product_cat?post=20244"},{"taxonomy":"product_tag","embeddable":true,"href":"https:\/\/www.vempele.fi\/fi\/wp-json\/wp\/v2\/product_tag?post=20244"}],"curies":[{"name":"wp","href":"https:\/\/api.w.org\/{rel}","templated":true}]}}