{"id":20265,"date":"2023-07-13T19:47:59","date_gmt":"2023-07-13T16:47:59","guid":{"rendered":"https:\/\/www.vempele.fi\/?post_type=product&#038;p=20265"},"modified":"2026-04-11T11:56:40","modified_gmt":"2026-04-11T08:56:40","slug":"kojelaudan-suoja-tesla-model-3-y","status":"publish","type":"product","link":"https:\/\/www.vempele.fi\/fi\/tuote\/kojelaudan-suoja-tesla-model-3-y\/","title":{"rendered":"Kojelaudan suoja &#8211; Tesla Model 3 \/ Y"},"content":{"rendered":"<p>Kojelaudan suoja Alcantara &amp; Matta hiilikuitukuvio &#8211; Tesla Model 3 \/ Y.<\/p>\n<ul>\n<li>Materiaali: ABS -muovi &amp; Alcantara \/ ABS-muovi &amp; hiilikuituj\u00e4ljitelm\u00e4 kuvio<\/li>\n<li>V\u00e4ri: Harmaa (alcantara) \/ hiilikuitukuvio<\/li>\n<li>Koko: 70 x 10 x 3 cm<\/li>\n<li>Paino: 0,190 kg<\/li>\n<li>Sopivuus:\n<ul>\n<li>Model Y 2020 &#8211; 2024<\/li>\n<li>Model 3 Pre-Refresh vm. 2019 &#8211; 2021<\/li>\n<li>Model 3 Refresh vm. 2021 &#8211; 2023<\/li>\n<\/ul>\n<\/li>\n<\/ul>\n","protected":false},"excerpt":{"rendered":"<p>Kojelaudan suoja harmaalla alcantara tai hiilikuituj\u00e4ljitelm\u00e4 kuviolla- Tesla Model 3 \/ Y. T\u00e4m\u00e4 alcantara j\u00e4ljitelm\u00e4st\u00e4 valmistettu kojelaudan suoja on j\u00e4m\u00e4kk\u00e4 ja n\u00e4ytt\u00e4v\u00e4 lis\u00e4 autoosi. Muunnat helposti ja nopeasti autosi ulkon\u00e4k\u00f6\u00e4 sis\u00e4lt\u00e4. Tuote liimataan kojelautaan alkuper\u00e4isten osien p\u00e4\u00e4lle tuotteessa kiinni jo olevilla teipeill\u00e4.<\/p>\n","protected":false},"featured_media":20990,"comment_status":"open","ping_status":"closed","template":"","meta":[],"product_brand":[],"product_cat":[151,154,455,480,482,128],"product_tag":[520,244,156,271,411,121],"class_list":{"0":"post-20265","1":"product","2":"type-product","3":"status-publish","4":"has-post-thumbnail","6":"product_cat-model-3","7":"product_cat-model-y","8":"product_cat-my-tarvikkeet","9":"product_cat-tarvikkeet-sisapuolelle-model-3","10":"product_cat-tarvikkeet-sisapuolelle-model-y","11":"product_cat-tesla-tuotteet","12":"product_tag-alcantara","13":"product_tag-kojelauta","14":"product_tag-model-3","15":"product_tag-model-y","16":"product_tag-suoja","17":"product_tag-tesla","19":"first","20":"instock","21":"taxable","22":"shipping-taxable","23":"purchasable","24":"product-type-variable"},"jetpack_sharing_enabled":true,"_links":{"self":[{"href":"https:\/\/www.vempele.fi\/fi\/wp-json\/wp\/v2\/product\/20265","targetHints":{"allow":["GET"]}}],"collection":[{"href":"https:\/\/www.vempele.fi\/fi\/wp-json\/wp\/v2\/product"}],"about":[{"href":"https:\/\/www.vempele.fi\/fi\/wp-json\/wp\/v2\/types\/product"}],"replies":[{"embeddable":true,"href":"https:\/\/www.vempele.fi\/fi\/wp-json\/wp\/v2\/comments?post=20265"}],"wp:featuredmedia":[{"embeddable":true,"href":"https:\/\/www.vempele.fi\/fi\/wp-json\/wp\/v2\/media\/20990"}],"wp:attachment":[{"href":"https:\/\/www.vempele.fi\/fi\/wp-json\/wp\/v2\/media?parent=20265"}],"wp:term":[{"taxonomy":"product_brand","embeddable":true,"href":"https:\/\/www.vempele.fi\/fi\/wp-json\/wp\/v2\/product_brand?post=20265"},{"taxonomy":"product_cat","embeddable":true,"href":"https:\/\/www.vempele.fi\/fi\/wp-json\/wp\/v2\/product_cat?post=20265"},{"taxonomy":"product_tag","embeddable":true,"href":"https:\/\/www.vempele.fi\/fi\/wp-json\/wp\/v2\/product_tag?post=20265"}],"curies":[{"name":"wp","href":"https:\/\/api.w.org\/{rel}","templated":true}]}}