{"id":20266,"date":"2023-07-10T12:33:03","date_gmt":"2023-07-10T09:33:03","guid":{"rendered":"https:\/\/www.vempele.fi\/?post_type=product&#038;p=20266"},"modified":"2026-03-23T10:45:52","modified_gmt":"2026-03-23T08:45:52","slug":"oven-verhoilun-suojus-hiilikuitujaljitelma-tesla-model-3-y","status":"publish","type":"product","link":"https:\/\/www.vempele.fi\/fi\/tuote\/oven-verhoilun-suojus-hiilikuitujaljitelma-tesla-model-3-y\/","title":{"rendered":"Oven verhoilun suojus hiilikuituj\u00e4ljitelm\u00e4 &#8211; Tesla Model 3 \/ Y"},"content":{"rendered":"<p>Oven verhoilun suojus hiilikuituj\u00e4ljitelm\u00e4 &#8211; Tesla Model 3 \/ Y<\/p>\n<ul>\n<li>Materiaali: ABS muovi, hiilikuituj\u00e4ljitelm\u00e4<\/li>\n<li>V\u00e4ri: Hiilikuituj\u00e4ljitelm\u00e4<\/li>\n<li>Koko: 55 x 5 x 0,2 cm<\/li>\n<li>Paino: 50g (yksi kappale)<\/li>\n<li>Sopivuus:\n<ul>\n<li>Model Y 2021 &#8211; 2024<\/li>\n<li>Model 3 Refresh vm. 2021 &#8211; 2023<\/li>\n<\/ul>\n<\/li>\n<\/ul>\n","protected":false},"excerpt":{"rendered":"<p>Oven suoja hiilikuituj\u00e4ljitelm\u00e4 &#8211; Tesla Model 3 \/ Y. Todella tyylik\u00e4s muovista valmistettu hiilikuidun ulkon\u00e4\u00f6ll\u00e4 oleva vaihtoehto oven alkuper\u00e4isten puulistojen ulkon\u00e4\u00f6lle.<\/p>\n","protected":false},"featured_media":20676,"comment_status":"open","ping_status":"closed","template":"","meta":[],"product_brand":[],"product_cat":[151,154,455,480,482,128],"product_tag":[241,156,271,411,121],"class_list":{"0":"post-20266","1":"product","2":"type-product","3":"status-publish","4":"has-post-thumbnail","6":"product_cat-model-3","7":"product_cat-model-y","8":"product_cat-my-tarvikkeet","9":"product_cat-tarvikkeet-sisapuolelle-model-3","10":"product_cat-tarvikkeet-sisapuolelle-model-y","11":"product_cat-tesla-tuotteet","12":"product_tag-hiilikuitu","13":"product_tag-model-3","14":"product_tag-model-y","15":"product_tag-suoja","16":"product_tag-tesla","18":"first","19":"instock","20":"taxable","21":"shipping-taxable","22":"purchasable","23":"product-type-simple"},"jetpack_sharing_enabled":true,"_links":{"self":[{"href":"https:\/\/www.vempele.fi\/fi\/wp-json\/wp\/v2\/product\/20266","targetHints":{"allow":["GET"]}}],"collection":[{"href":"https:\/\/www.vempele.fi\/fi\/wp-json\/wp\/v2\/product"}],"about":[{"href":"https:\/\/www.vempele.fi\/fi\/wp-json\/wp\/v2\/types\/product"}],"replies":[{"embeddable":true,"href":"https:\/\/www.vempele.fi\/fi\/wp-json\/wp\/v2\/comments?post=20266"}],"wp:featuredmedia":[{"embeddable":true,"href":"https:\/\/www.vempele.fi\/fi\/wp-json\/wp\/v2\/media\/20676"}],"wp:attachment":[{"href":"https:\/\/www.vempele.fi\/fi\/wp-json\/wp\/v2\/media?parent=20266"}],"wp:term":[{"taxonomy":"product_brand","embeddable":true,"href":"https:\/\/www.vempele.fi\/fi\/wp-json\/wp\/v2\/product_brand?post=20266"},{"taxonomy":"product_cat","embeddable":true,"href":"https:\/\/www.vempele.fi\/fi\/wp-json\/wp\/v2\/product_cat?post=20266"},{"taxonomy":"product_tag","embeddable":true,"href":"https:\/\/www.vempele.fi\/fi\/wp-json\/wp\/v2\/product_tag?post=20266"}],"curies":[{"name":"wp","href":"https:\/\/api.w.org\/{rel}","templated":true}]}}