{"id":20425,"date":"2023-06-29T15:12:50","date_gmt":"2023-06-29T12:12:50","guid":{"rendered":"https:\/\/www.vempele.fi\/?post_type=product&#038;p=20425"},"modified":"2025-02-21T13:52:08","modified_gmt":"2025-02-21T11:52:08","slug":"model-y-18-polykapselit-aero-vanteille","status":"publish","type":"product","link":"https:\/\/www.vempele.fi\/fi\/tuote\/model-y-18-polykapselit-aero-vanteille\/","title":{"rendered":"Model 3 \u2013 18\u2033 P\u00f6lykapselit Aero -vanteille"},"content":{"rendered":"<ul>\n<li>Yhteensopivuus: Tesla Model 3 &#8211; 18&#8243; Aero -vanteet ennen 10\/2023<\/li>\n<li>V\u00e4ri: Mattamusta<\/li>\n<li>Materiaali: ABS<\/li>\n<li>Koko: 18&#8243;<\/li>\n<li>Pakkauksen sis\u00e4lt\u00f6:\n<ul>\n<li>4 x P\u00f6lykapselit (identtiset)<\/li>\n<li>Suojanauha<\/li>\n<li>4 x Logotarrat keskelle, mattamustat<\/li>\n<\/ul>\n<\/li>\n<\/ul>\n","protected":false},"excerpt":{"rendered":"<p>Kest\u00e4v\u00e4st\u00e4 ABS-muovista valmistetut p\u00f6lykapselit Model 3 \u2013 18\u2033 P\u00f6lykapselit Aero -vanteille.<\/p>\n<p>Mukana liimattavat keskimerkit, joissa mattamusta Tesla-logo, katso kuva.<\/p>\n<p>Mukana tulee my\u00f6s suojanauhat vanteiden ja p\u00f6lykapselien v\u00e4liin suojaamaan Aero -vanteita naarmuuntumiselta.<\/p>\n<p>Huom.<br \/>\nKuvista poiketen keskimerkiss\u00e4 on valkoinen T logo mattamustan sijaan.<\/p>\n","protected":false},"featured_media":20603,"comment_status":"open","ping_status":"closed","template":"","meta":[],"product_brand":[],"product_cat":[151,452,481,128,456],"product_tag":[83,490,411,121,120],"class_list":{"0":"post-20425","1":"product","2":"type-product","3":"status-publish","4":"has-post-thumbnail","6":"product_cat-model-3","7":"product_cat-m3-tarvikkeet","8":"product_cat-tarvikkeet-ulkopuolelle-model-3","9":"product_cat-tesla-tuotteet","10":"product_cat-vannetarvikkeet","11":"product_tag-autotarvikkeet","12":"product_tag-polykapseli","13":"product_tag-suoja","14":"product_tag-tesla","15":"product_tag-tesla-model-3","17":"first","18":"outofstock","19":"taxable","20":"shipping-taxable","21":"purchasable","22":"product-type-simple"},"jetpack_sharing_enabled":true,"_links":{"self":[{"href":"https:\/\/www.vempele.fi\/fi\/wp-json\/wp\/v2\/product\/20425","targetHints":{"allow":["GET"]}}],"collection":[{"href":"https:\/\/www.vempele.fi\/fi\/wp-json\/wp\/v2\/product"}],"about":[{"href":"https:\/\/www.vempele.fi\/fi\/wp-json\/wp\/v2\/types\/product"}],"replies":[{"embeddable":true,"href":"https:\/\/www.vempele.fi\/fi\/wp-json\/wp\/v2\/comments?post=20425"}],"wp:featuredmedia":[{"embeddable":true,"href":"https:\/\/www.vempele.fi\/fi\/wp-json\/wp\/v2\/media\/20603"}],"wp:attachment":[{"href":"https:\/\/www.vempele.fi\/fi\/wp-json\/wp\/v2\/media?parent=20425"}],"wp:term":[{"taxonomy":"product_brand","embeddable":true,"href":"https:\/\/www.vempele.fi\/fi\/wp-json\/wp\/v2\/product_brand?post=20425"},{"taxonomy":"product_cat","embeddable":true,"href":"https:\/\/www.vempele.fi\/fi\/wp-json\/wp\/v2\/product_cat?post=20425"},{"taxonomy":"product_tag","embeddable":true,"href":"https:\/\/www.vempele.fi\/fi\/wp-json\/wp\/v2\/product_tag?post=20425"}],"curies":[{"name":"wp","href":"https:\/\/api.w.org\/{rel}","templated":true}]}}