{"id":20844,"date":"2023-07-10T10:33:35","date_gmt":"2023-07-10T07:33:35","guid":{"rendered":"https:\/\/www.vempele.fi\/?post_type=product&#038;p=20844"},"modified":"2026-04-05T23:44:22","modified_gmt":"2026-04-05T20:44:22","slug":"turvavyon-klipsi","status":"publish","type":"product","link":"https:\/\/www.vempele.fi\/fi\/tuote\/turvavyon-klipsi\/","title":{"rendered":"Turvavy\u00f6n klipsi"},"content":{"rendered":"<p>Turvavy\u00f6n klipsi<\/p>\n<ul>\n<li>Materiaali: Metalli<\/li>\n<li>V\u00e4ri: Musta<\/li>\n<li>Paino: 0,030 kg<\/li>\n<li>Koko: 4 x 4 x 2,2 cm<\/li>\n<li>Sopivuus: Yleismalli<\/li>\n<li>Asennus: Turvavy\u00f6<\/li>\n<\/ul>\n","protected":false},"excerpt":{"rendered":"<p>Turvavy\u00f6n klipsi. \u00c4rsytt\u00e4\u00e4k\u00f6 sinuakin varoitus\u00e4\u00e4net kun tyhj\u00e4lle takapenkille on lastattuna painavaa tavaraa ja merkki\u00e4\u00e4ni alkaa huutamaan? T\u00e4ss\u00e4 oiva ratkaisu ongelmaan jolloin turhat varoitus\u00e4\u00e4net lakkaavat.<\/p>\n<p><strong>Huom!\u00a0<\/strong>Muistathan aina k\u00e4ytt\u00e4\u00e4 turvavy\u00f6t\u00e4 ajaessasi.<\/p>\n","protected":false},"featured_media":20605,"comment_status":"open","ping_status":"closed","template":"","meta":[],"product_brand":[],"product_cat":[151,152,153,154,453,454,455,480,485,487,482,128],"product_tag":[531,156,172,173,271,121,530],"class_list":{"0":"post-20844","1":"product","2":"type-product","3":"status-publish","4":"has-post-thumbnail","6":"product_cat-model-3","7":"product_cat-model-s","8":"product_cat-model-x","9":"product_cat-model-y","10":"product_cat-ms-tarvikkeet","11":"product_cat-mx-tarvikkeet","12":"product_cat-my-tarvikkeet","13":"product_cat-tarvikkeet-sisapuolelle-model-3","14":"product_cat-tarvikkeet-sisapuolelle-model-s","15":"product_cat-tarvikkeet-sisapuolelle-model-x","16":"product_cat-tarvikkeet-sisapuolelle-model-y","17":"product_cat-tesla-tuotteet","18":"product_tag-klipsu","19":"product_tag-model-3","20":"product_tag-model-s","21":"product_tag-model-x","22":"product_tag-model-y","23":"product_tag-tesla","24":"product_tag-turvavyo","26":"first","27":"outofstock","28":"taxable","29":"shipping-taxable","30":"purchasable","31":"product-type-simple"},"jetpack_sharing_enabled":true,"_links":{"self":[{"href":"https:\/\/www.vempele.fi\/fi\/wp-json\/wp\/v2\/product\/20844","targetHints":{"allow":["GET"]}}],"collection":[{"href":"https:\/\/www.vempele.fi\/fi\/wp-json\/wp\/v2\/product"}],"about":[{"href":"https:\/\/www.vempele.fi\/fi\/wp-json\/wp\/v2\/types\/product"}],"replies":[{"embeddable":true,"href":"https:\/\/www.vempele.fi\/fi\/wp-json\/wp\/v2\/comments?post=20844"}],"wp:featuredmedia":[{"embeddable":true,"href":"https:\/\/www.vempele.fi\/fi\/wp-json\/wp\/v2\/media\/20605"}],"wp:attachment":[{"href":"https:\/\/www.vempele.fi\/fi\/wp-json\/wp\/v2\/media?parent=20844"}],"wp:term":[{"taxonomy":"product_brand","embeddable":true,"href":"https:\/\/www.vempele.fi\/fi\/wp-json\/wp\/v2\/product_brand?post=20844"},{"taxonomy":"product_cat","embeddable":true,"href":"https:\/\/www.vempele.fi\/fi\/wp-json\/wp\/v2\/product_cat?post=20844"},{"taxonomy":"product_tag","embeddable":true,"href":"https:\/\/www.vempele.fi\/fi\/wp-json\/wp\/v2\/product_tag?post=20844"}],"curies":[{"name":"wp","href":"https:\/\/api.w.org\/{rel}","templated":true}]}}