{"id":20859,"date":"2024-01-10T13:20:38","date_gmt":"2024-01-10T11:20:38","guid":{"rendered":"https:\/\/www.vempele.fi\/?post_type=product&#038;p=20859"},"modified":"2025-09-01T15:11:58","modified_gmt":"2025-09-01T12:11:58","slug":"keskikonsolin-reunasuoja-hiilikuitujaljitelma-tesla-model-3-refresh-y","status":"publish","type":"product","link":"https:\/\/www.vempele.fi\/fi\/tuote\/keskikonsolin-reunasuoja-hiilikuitujaljitelma-tesla-model-3-refresh-y\/","title":{"rendered":"Keskikonsolin reunasuoja, hiilikuituj\u00e4ljitelm\u00e4 &#8211; Tesla Model 3 Refresh \/ Y"},"content":{"rendered":"<p>Keskikonsolin reunasuoja, hiilikuituj\u00e4ljitelm\u00e4 &#8211; Tesla Model 3 \/ Y.<\/p>\n<p>T\u00e4m\u00e4 hiilikuitukuosinen sisustaelementti on erinomainen tapa p\u00e4ivitt\u00e4\u00e4 autosi sis\u00e4tilojen ilmett\u00e4 modernimmaksi ja yksil\u00f6llisemm\u00e4ksi. Materiaalina k\u00e4ytetty korkealaatuinen ABS-muovi tarjoaa kest\u00e4vyytt\u00e4 ja pitk\u00e4ik\u00e4ist\u00e4 suojaa. Asennus on helppo ja onnistuu kokonaan ilman ty\u00f6kaluja. Vain teipattavan pinnan pit\u00e4\u00e4 olla todella puhdas, ett\u00e4 tuote pysyy varmasti kiinni.<\/p>\n<ul>\n<li>Materiaali: ABS<\/li>\n<li>V\u00e4ri: Hiilikuituj\u00e4ljitelm\u00e4, matta<\/li>\n<li>Koko: 96 x 10 x 2 cm<\/li>\n<li>Paino: 0,2kg<\/li>\n<li>Sopivuus:\n<ul>\n<li>Model 3 Refresh (2021 &#8211; 2023)<\/li>\n<li>Model Y 2020 &#8211; 2024<\/li>\n<\/ul>\n<\/li>\n<\/ul>\n","protected":false},"excerpt":{"rendered":"<p>T\u00e4ll\u00e4 tuotteella suojaat keskikonsolin reunan tehokkaasti hankaamiselta ja samalla p\u00e4ivit\u00e4t auton sis\u00e4tiloja sporttisemmaksi.<\/p>\n<p>Suojien asennus k\u00e4y helposti valmiilla kaksipuoleisella teipill\u00e4. Onnistunut asennus vaatii l\u00e4mpim\u00e4n, puhtaan ja rasvattoman pinnan.<\/p>\n<p>&nbsp;<\/p>\n","protected":false},"featured_media":20639,"comment_status":"open","ping_status":"closed","template":"","meta":[],"product_brand":[],"product_cat":[151,154,455,480,482,128],"product_tag":[241,237,156,271,570,411,121],"class_list":{"0":"post-20859","1":"product","2":"type-product","3":"status-publish","4":"has-post-thumbnail","6":"product_cat-model-3","7":"product_cat-model-y","8":"product_cat-my-tarvikkeet","9":"product_cat-tarvikkeet-sisapuolelle-model-3","10":"product_cat-tarvikkeet-sisapuolelle-model-y","11":"product_cat-tesla-tuotteet","12":"product_tag-hiilikuitu","13":"product_tag-keskikonsoli","14":"product_tag-model-3","15":"product_tag-model-y","16":"product_tag-refresh","17":"product_tag-suoja","18":"product_tag-tesla","20":"first","21":"instock","22":"taxable","23":"shipping-taxable","24":"purchasable","25":"product-type-simple"},"jetpack_sharing_enabled":true,"_links":{"self":[{"href":"https:\/\/www.vempele.fi\/fi\/wp-json\/wp\/v2\/product\/20859","targetHints":{"allow":["GET"]}}],"collection":[{"href":"https:\/\/www.vempele.fi\/fi\/wp-json\/wp\/v2\/product"}],"about":[{"href":"https:\/\/www.vempele.fi\/fi\/wp-json\/wp\/v2\/types\/product"}],"replies":[{"embeddable":true,"href":"https:\/\/www.vempele.fi\/fi\/wp-json\/wp\/v2\/comments?post=20859"}],"wp:featuredmedia":[{"embeddable":true,"href":"https:\/\/www.vempele.fi\/fi\/wp-json\/wp\/v2\/media\/20639"}],"wp:attachment":[{"href":"https:\/\/www.vempele.fi\/fi\/wp-json\/wp\/v2\/media?parent=20859"}],"wp:term":[{"taxonomy":"product_brand","embeddable":true,"href":"https:\/\/www.vempele.fi\/fi\/wp-json\/wp\/v2\/product_brand?post=20859"},{"taxonomy":"product_cat","embeddable":true,"href":"https:\/\/www.vempele.fi\/fi\/wp-json\/wp\/v2\/product_cat?post=20859"},{"taxonomy":"product_tag","embeddable":true,"href":"https:\/\/www.vempele.fi\/fi\/wp-json\/wp\/v2\/product_tag?post=20859"}],"curies":[{"name":"wp","href":"https:\/\/api.w.org\/{rel}","templated":true}]}}