{"id":20860,"date":"2023-07-14T17:00:39","date_gmt":"2023-07-14T14:00:39","guid":{"rendered":"https:\/\/www.vempele.fi\/?post_type=product&#038;p=20860"},"modified":"2025-09-01T14:58:48","modified_gmt":"2025-09-01T11:58:48","slug":"lasikotelo-kattoon-tesla-model-y","status":"publish","type":"product","link":"https:\/\/www.vempele.fi\/fi\/tuote\/lasikotelo-kattoon-tesla-model-y\/","title":{"rendered":"Lasikotelo kattoon &#8211; Tesla Model Y"},"content":{"rendered":"<p>Lasikotelo kattoon &#8211; Tesla Model Y.<\/p>\n<ul>\n<li>Materiaali: ABS muovi<\/li>\n<li>V\u00e4ri: Musta<\/li>\n<li>Koko: 19,5 x 10,5 x 7 cm<\/li>\n<li>Paino: 0,135 kg<\/li>\n<li>Sopivuus:\n<ul>\n<li>Model Y 2020 &#8211; 2024<\/li>\n<\/ul>\n<\/li>\n<li>Asennus: Model Y peilin takapuolelle<\/li>\n<\/ul>\n","protected":false},"excerpt":{"rendered":"<p>Lasikotelo kattoon &#8211; Tesla Model Y. Tyylik\u00e4s mustan hillitty lasikotelo, joka aukeaa painamalla kevyesti. Asennetaan tuulilasissa olevan peilin etupuolelle, jolloin saat hy\u00f6dynnetty\u00e4 jokaisen tilan autostasi. Koon puolesta normaalit silm\u00e4lasit mahtuvat hyvin. Kuvassa k\u00e4ytetty pilottilaseja jotka ovat linssipinta-alaltaan suurehkot.<\/p>\n","protected":false},"featured_media":20671,"comment_status":"open","ping_status":"closed","template":"","meta":[],"product_brand":[],"product_cat":[154,455,482,128],"product_tag":[271,121,203],"class_list":{"0":"post-20860","1":"product","2":"type-product","3":"status-publish","4":"has-post-thumbnail","6":"product_cat-model-y","7":"product_cat-my-tarvikkeet","8":"product_cat-tarvikkeet-sisapuolelle-model-y","9":"product_cat-tesla-tuotteet","10":"product_tag-model-y","11":"product_tag-tesla","12":"product_tag-tesla-model-y","14":"first","15":"outofstock","16":"taxable","17":"shipping-taxable","18":"purchasable","19":"product-type-simple"},"jetpack_sharing_enabled":true,"_links":{"self":[{"href":"https:\/\/www.vempele.fi\/fi\/wp-json\/wp\/v2\/product\/20860","targetHints":{"allow":["GET"]}}],"collection":[{"href":"https:\/\/www.vempele.fi\/fi\/wp-json\/wp\/v2\/product"}],"about":[{"href":"https:\/\/www.vempele.fi\/fi\/wp-json\/wp\/v2\/types\/product"}],"replies":[{"embeddable":true,"href":"https:\/\/www.vempele.fi\/fi\/wp-json\/wp\/v2\/comments?post=20860"}],"wp:featuredmedia":[{"embeddable":true,"href":"https:\/\/www.vempele.fi\/fi\/wp-json\/wp\/v2\/media\/20671"}],"wp:attachment":[{"href":"https:\/\/www.vempele.fi\/fi\/wp-json\/wp\/v2\/media?parent=20860"}],"wp:term":[{"taxonomy":"product_brand","embeddable":true,"href":"https:\/\/www.vempele.fi\/fi\/wp-json\/wp\/v2\/product_brand?post=20860"},{"taxonomy":"product_cat","embeddable":true,"href":"https:\/\/www.vempele.fi\/fi\/wp-json\/wp\/v2\/product_cat?post=20860"},{"taxonomy":"product_tag","embeddable":true,"href":"https:\/\/www.vempele.fi\/fi\/wp-json\/wp\/v2\/product_tag?post=20860"}],"curies":[{"name":"wp","href":"https:\/\/api.w.org\/{rel}","templated":true}]}}