{"id":23888,"date":"2023-10-19T13:18:34","date_gmt":"2023-10-19T10:18:34","guid":{"rendered":"https:\/\/www.vempele.fi\/?post_type=product&#038;p=23888"},"modified":"2025-11-05T08:36:25","modified_gmt":"2025-11-05T06:36:25","slug":"nokian-tyres-hakkapeliitta-r5-ev-255-35r21-98t-xl-model-y-kopio","status":"publish","type":"product","link":"https:\/\/www.vempele.fi\/fi\/tuote\/nokian-tyres-hakkapeliitta-r5-ev-255-35r21-98t-xl-model-y-kopio\/","title":{"rendered":"Nokian Tyres Hakkapeliitta R5 EV 255\/35R21 98T XL &#8211; Model Y"},"content":{"rendered":"<p>1 kpl Nokian Tyres Hakkapeliitta R5 EV: 255\/35R21 98T XL.<\/p>\n<ul>\n<li class=\"single-product__section-title\">EU-rengasmerkinn\u00e4t<\/li>\n<li>Tyyppi: Kitkarengas<\/li>\n<li>Tuumat: 21<\/li>\n<li>Leveys: 255<\/li>\n<li>Profiili: 35<\/li>\n<li class=\"single-product__section-title\">Nopeusluokka: 190km\/h (T)<\/li>\n<li class=\"single-product__section-title\">Kantavuus: 750kg (98)<\/li>\n<\/ul>\n","protected":false},"excerpt":{"rendered":"<p class=\"single-product__title\">Nokian Tyres Hakkapeliitta R5 EV 255\/35R21 98T XL.<\/p>\n<p>Kitkarenkaat. Suositellaan erityisesti Tesla Model Y Performance -malliin staggered eturenkaaksi.<\/p>\n<p class=\"ewa-rteLine\">Hakkapeliitta R5 EV on henkil\u00f6autoihin, crossovereihin ja katumaastureihin tarkoitettu kitkarengas. Ymp\u00e4rist\u00f6yst\u00e4v\u00e4llist\u00e4 teknologiaa hy\u00f6dynt\u00e4v\u00e4 Hakkapeliitta R5 EV takaa s\u00e4hk\u00f6autoille ja hybrideille maksimaalisen turvallisuuden ja mukavuuden sek\u00e4 suuremman toimintas\u00e4teen. Ainutlaatuiset Arctic Grip Crystals -hiukkaset varmistavat rengasluokan parhaan suorituskyvyn j\u00e4\u00e4ll\u00e4. Ajomukavuuden varmistaa SilentDrive\u2122-teknologia.<\/p>\n<p class=\"ewa-rteLine\">\u2022 Puhdasta talvipitoa ja tasapainoista ajok\u00e4yt\u00f6st\u00e4<br \/>\n\u2022 Ymp\u00e4rist\u00f6yst\u00e4v\u00e4llist\u00e4 liikkuvuutta ja pidempi toimintas\u00e4de<br \/>\n\u2022 Eritt\u00e4in alhainen \u00e4\u00e4nitaso SilentDrive\u2122-teknologian ansiosta<\/p>\n<p class=\"ewa-rteLine\">PUHDASTA PITOA<\/p>\n<p class=\"ewa-rteLine\">Talvi voi olla arvaamaton ja vaarallinen, mutta renkaat eiv\u00e4t saa olla. Uusi Hakkapeliitta R5 EV sopii kaikkiin pohjoisiin talviolosuhteisiin. Sen suorituskyky on ennustettava paljailla, m\u00e4rill\u00e4, j\u00e4isill\u00e4 ja lumisilla teill\u00e4. Uusi Double Block Grip -muotoilu saa aikaan ylivertaisen pidon ja ajok\u00e4yt\u00f6ksen. Ainutlaatuiset Arctic Grip Crystals -hiukkaset takaavat erinomaisen suorituskyvyn j\u00e4\u00e4ll\u00e4. Mikroskooppiset hiukkaset toimivat kuin sis\u00e4\u00e4nrakennetut nastat. Kun rengas kuluu, hiukkaset tulevat esiin ja toimivat tarvittavana pitoreservin\u00e4.<\/p>\n<p class=\"ewa-rteLine\">PUHDASTA HILJAISUUTTA<\/p>\n<p class=\"ewa-rteLine\">S\u00e4hk\u00f6autot ovat hiljaisempia kuin perinteiset automallit, hiljainen rengas\u00e4\u00e4ni lis\u00e4\u00e4 ajomukavuutta entisest\u00e4\u00e4n. Alhaisempi melutaso voi tehd\u00e4 matkasta mukavamman ja kuljettajalle v\u00e4hemm\u00e4n rasittavan. T\u00e4m\u00e4 on t\u00e4rke\u00e4\u00e4, koska haluamme luoda kuljettajille rauhalliset olosuhteet auton sis\u00e4ll\u00e4 ja pit\u00e4\u00e4 ymp\u00e4rist\u00f6lle aiheutuvan melun mahdollisimman v\u00e4h\u00e4isen\u00e4. SilentDrive\u2122-teknologia maksimoi mukavuuden. Poikkeuksellisen alhainen \u00e4\u00e4nitaso on saatu aikaan lis\u00e4\u00e4m\u00e4ll\u00e4 kerros akustista vaahtomuovia renkaan sis\u00e4vuoraukseen. Uusi Silent Touch -pintakuvio varmistaa mahdollisimman mukavan ajokokemuksen.<\/p>\n<p class=\"ewa-rteLine\">PUHDASTA YMP\u00c4RIST\u00d6YST\u00c4V\u00c4LLISYYTT\u00c4<\/p>\n<p class=\"ewa-rteLine\">Hakkapeliitta R5 EV:n suunnittelussa hiilijalanj\u00e4lke\u00e4 on pienennetty materiaalien valinnasta alkaen. Uusi Green Trace -sekoitus varmistaa erinomaisen talvipidon, suuremman kilometrim\u00e4\u00e4r\u00e4n ja pienen vierint\u00e4vastuksen. Vierint\u00e4vastusta on pienennetty entisest\u00e4\u00e4n optimoimalla sekoitus erityisesti s\u00e4hk\u00f6autoja varten. Suuri luonnonkumim\u00e4\u00e4r\u00e4 pit\u00e4\u00e4 sekoituksen joustavana kaikissa olosuhteissa, ja pieni vierint\u00e4vastus s\u00e4\u00e4st\u00e4\u00e4 polttoainetta ja v\u00e4hent\u00e4\u00e4 haitallisia p\u00e4\u00e4st\u00f6j\u00e4.<\/p>\n<p><strong>Huom.<\/strong><br \/>\nNokian renkaat tulevat suoraan toimittajalta meille p\u00e4\u00e4s\u00e4\u00e4nt\u00f6isesti heti seuraavana p\u00e4iv\u00e4n\u00e4 tilauksesta.<br \/>\nVarastosaldot eiv\u00e4t p\u00e4ivity automaattisesti, joten olemme teihin heti yhteydess\u00e4 jos rengasta ei jostain syyst\u00e4 ole saatavilla v\u00e4litt\u00f6m\u00e4sti.<\/p>\n","protected":false},"featured_media":12576,"comment_status":"open","ping_status":"closed","template":"","meta":[],"product_brand":[],"product_cat":[154,371,128],"product_tag":[301,394,299,300,121,203,321],"class_list":{"0":"post-23888","1":"product","2":"type-product","3":"status-publish","4":"has-post-thumbnail","6":"product_cat-model-y","7":"product_cat-renkaat","8":"product_cat-tesla-tuotteet","9":"product_tag-autonrenkaat","10":"product_tag-nokian-renkaat","11":"product_tag-rengas","12":"product_tag-renkaat","13":"product_tag-tesla","14":"product_tag-tesla-model-y","15":"product_tag-vanteet","16":"product_shipping_class-nouto","18":"first","19":"instock","20":"taxable","21":"shipping-taxable","22":"purchasable","23":"product-type-simple"},"jetpack_sharing_enabled":true,"_links":{"self":[{"href":"https:\/\/www.vempele.fi\/fi\/wp-json\/wp\/v2\/product\/23888","targetHints":{"allow":["GET"]}}],"collection":[{"href":"https:\/\/www.vempele.fi\/fi\/wp-json\/wp\/v2\/product"}],"about":[{"href":"https:\/\/www.vempele.fi\/fi\/wp-json\/wp\/v2\/types\/product"}],"replies":[{"embeddable":true,"href":"https:\/\/www.vempele.fi\/fi\/wp-json\/wp\/v2\/comments?post=23888"}],"wp:featuredmedia":[{"embeddable":true,"href":"https:\/\/www.vempele.fi\/fi\/wp-json\/wp\/v2\/media\/12576"}],"wp:attachment":[{"href":"https:\/\/www.vempele.fi\/fi\/wp-json\/wp\/v2\/media?parent=23888"}],"wp:term":[{"taxonomy":"product_brand","embeddable":true,"href":"https:\/\/www.vempele.fi\/fi\/wp-json\/wp\/v2\/product_brand?post=23888"},{"taxonomy":"product_cat","embeddable":true,"href":"https:\/\/www.vempele.fi\/fi\/wp-json\/wp\/v2\/product_cat?post=23888"},{"taxonomy":"product_tag","embeddable":true,"href":"https:\/\/www.vempele.fi\/fi\/wp-json\/wp\/v2\/product_tag?post=23888"}],"curies":[{"name":"wp","href":"https:\/\/api.w.org\/{rel}","templated":true}]}}