{"id":23906,"date":"2023-10-19T16:31:36","date_gmt":"2023-10-19T13:31:36","guid":{"rendered":"https:\/\/www.vempele.fi\/?post_type=product&#038;p=23906"},"modified":"2026-03-17T14:58:26","modified_gmt":"2026-03-17T12:58:26","slug":"tesla-model-3-zax-v5-gloss-gunmetal-20x8-5-et35","status":"publish","type":"product","link":"https:\/\/www.vempele.fi\/fi\/tuote\/tesla-model-3-zax-v5-gloss-gunmetal-20x8-5-et35\/","title":{"rendered":"Tesla Model 3 &#8211; Zax V5 Gloss Gunmetal 20&#215;8.5 ET35"},"content":{"rendered":"<p>Zax V5 Gloss Gunmetal Rotary Forged -vanne Tesla Model 3:een ja Model 3 Performanceen.<\/p>\n<ul>\n<li>Leveys: 8.5&#8243;<\/li>\n<li>Vanteen halkaisija: 20&#8243;<\/li>\n<li>Keskirei\u00e4n halkaisija: 64,1 mm<\/li>\n<li>Pulttijako: 5 x 114.3<\/li>\n<li>Vanteen paino: 12,40 kg<\/li>\n<li>ET35 sopii my\u00f6s Model 3 Performance -malliin<\/li>\n<\/ul>\n<p>Lis\u00e4tietoja valmistajan sivuilta <a href=\"https:\/\/zaxwheels.com\/ss_port\/zax-v5\/\" target=\"_blank\" rel=\"noopener\">ZAX Wheels<\/a><\/p>\n","protected":false},"excerpt":{"rendered":"<p>Zax V5 Gloss Gunmetal 19&#215;9 ET35 -vanteet ovat laadukkaat Teslaan sopivat vanteet. Vanteet ovat kevyemm\u00e4t kuin Teslan alkuper\u00e4iset. Yhteensopivat Teslan keski\u00f6kuppien kanssa.<\/p>\n<p>Hinta on yhdelle vanteelle.<\/p>\n<p><strong>Anturit vanteiden kaveriksi? <\/strong><\/p>\n<ul>\n<li><a href=\"https:\/\/www.vempele.fi\/tuote\/rengaspaine-anturi-autel-tpms-mx-433mhz\/\" target=\"_blank\" rel=\"noopener\">433 MHz TPMS (-&gt;2020) -paineanturit<\/a><\/li>\n<li><a href=\"https:\/\/www.vempele.fi\/tuote\/rengaspaine-anturi-tesla-tpms-ble-cub\/\" target=\"_blank\" rel=\"noopener\">BLE TPMS (2021-&gt;) -bluetooth-anturit<\/a><\/li>\n<\/ul>\n","protected":false},"featured_media":13124,"comment_status":"open","ping_status":"closed","template":"","meta":[],"product_brand":[],"product_cat":[151,128,372],"product_tag":[301,83,299,300,121,120,203,321,320,402],"class_list":{"0":"post-23906","1":"product","2":"type-product","3":"status-publish","4":"has-post-thumbnail","6":"product_cat-model-3","7":"product_cat-tesla-tuotteet","8":"product_cat-vanteet","9":"product_tag-autonrenkaat","10":"product_tag-autotarvikkeet","11":"product_tag-rengas","12":"product_tag-renkaat","13":"product_tag-tesla","14":"product_tag-tesla-model-3","15":"product_tag-tesla-model-y","16":"product_tag-vanteet","17":"product_tag-zax","18":"product_tag-zax-v5","20":"first","21":"instock","22":"sale","23":"taxable","24":"shipping-taxable","25":"purchasable","26":"product-type-simple"},"jetpack_sharing_enabled":true,"_links":{"self":[{"href":"https:\/\/www.vempele.fi\/fi\/wp-json\/wp\/v2\/product\/23906","targetHints":{"allow":["GET"]}}],"collection":[{"href":"https:\/\/www.vempele.fi\/fi\/wp-json\/wp\/v2\/product"}],"about":[{"href":"https:\/\/www.vempele.fi\/fi\/wp-json\/wp\/v2\/types\/product"}],"replies":[{"embeddable":true,"href":"https:\/\/www.vempele.fi\/fi\/wp-json\/wp\/v2\/comments?post=23906"}],"wp:featuredmedia":[{"embeddable":true,"href":"https:\/\/www.vempele.fi\/fi\/wp-json\/wp\/v2\/media\/13124"}],"wp:attachment":[{"href":"https:\/\/www.vempele.fi\/fi\/wp-json\/wp\/v2\/media?parent=23906"}],"wp:term":[{"taxonomy":"product_brand","embeddable":true,"href":"https:\/\/www.vempele.fi\/fi\/wp-json\/wp\/v2\/product_brand?post=23906"},{"taxonomy":"product_cat","embeddable":true,"href":"https:\/\/www.vempele.fi\/fi\/wp-json\/wp\/v2\/product_cat?post=23906"},{"taxonomy":"product_tag","embeddable":true,"href":"https:\/\/www.vempele.fi\/fi\/wp-json\/wp\/v2\/product_tag?post=23906"}],"curies":[{"name":"wp","href":"https:\/\/api.w.org\/{rel}","templated":true}]}}