{"id":24736,"date":"2023-12-05T10:06:21","date_gmt":"2023-12-05T08:06:21","guid":{"rendered":"https:\/\/www.vempele.fi\/?post_type=product&#038;p=24736"},"modified":"2024-09-24T13:07:06","modified_gmt":"2024-09-24T10:07:06","slug":"tesla-model-y-pienoismalli-124","status":"publish","type":"product","link":"https:\/\/www.vempele.fi\/fi\/tuote\/tesla-model-y-pienoismalli-124\/","title":{"rendered":"Tesla Model Y Pienoismalli 1:24"},"content":{"rendered":"<p>Tesla Model Y pienoismalli.<\/p>\n<p>Ominaisuudet:<\/p>\n<ul>\n<li>V\u00e4rit: Punainen, Sininen, Musta, Valkoinen ja Harmaa.<\/li>\n<li>Valot ja \u00e4\u00e4net toimivat 3 x 1.5v AG13 paristoilla.<\/li>\n<li>Aukeavat luukut<\/li>\n<li>Latausaseman pienoismalli<\/li>\n<li>Pakkauksen mitat: n. 22 x 12 x 10 cm<\/li>\n<li>Paino: n. 450g<\/li>\n<li>Name: Tesla Model Y &#8211; Scale model 1:24<\/li>\n<\/ul>\n","protected":false},"excerpt":{"rendered":"<p>Tesla Model Y pienoismalli.<\/p>\n<p>Oikean Tesla Model Y pienoismalli. Aukenevat etuovet, vet\u00e4m\u00e4ll\u00e4 taaksep\u00e4in pienoismallia ker\u00e4\u00e4 Tesla-voimaa. Pienoismalli ei vaadi paristoja toimiakseen, ainoastaan \u00e4\u00e4net ja valot. Pohjassa kaiutin joka toimii kolmella (3x) AG13 1,5V -paristoilla.<\/p>\n<p>Saatavissa punaisena, valkoisena, mustana, sinisen\u00e4 tai harmaana.<\/p>\n<p>Mukana tulee my\u00f6s latausaseman pienoismalli<\/p>\n<p>Huom! Ei suositella eritt\u00e4in pienille lapsille.<\/p>\n","protected":false},"featured_media":24741,"comment_status":"open","ping_status":"closed","template":"","meta":[],"product_brand":[],"product_cat":[458,154,128],"product_tag":[267,121],"class_list":{"0":"post-24736","1":"product","2":"type-product","3":"status-publish","4":"has-post-thumbnail","6":"product_cat-lelut-fanituotteet","7":"product_cat-model-y","8":"product_cat-tesla-tuotteet","9":"product_tag-pienoismalli","10":"product_tag-tesla","12":"first","13":"outofstock","14":"taxable","15":"shipping-taxable","16":"purchasable","17":"product-type-variable"},"jetpack_sharing_enabled":true,"_links":{"self":[{"href":"https:\/\/www.vempele.fi\/fi\/wp-json\/wp\/v2\/product\/24736","targetHints":{"allow":["GET"]}}],"collection":[{"href":"https:\/\/www.vempele.fi\/fi\/wp-json\/wp\/v2\/product"}],"about":[{"href":"https:\/\/www.vempele.fi\/fi\/wp-json\/wp\/v2\/types\/product"}],"replies":[{"embeddable":true,"href":"https:\/\/www.vempele.fi\/fi\/wp-json\/wp\/v2\/comments?post=24736"}],"wp:featuredmedia":[{"embeddable":true,"href":"https:\/\/www.vempele.fi\/fi\/wp-json\/wp\/v2\/media\/24741"}],"wp:attachment":[{"href":"https:\/\/www.vempele.fi\/fi\/wp-json\/wp\/v2\/media?parent=24736"}],"wp:term":[{"taxonomy":"product_brand","embeddable":true,"href":"https:\/\/www.vempele.fi\/fi\/wp-json\/wp\/v2\/product_brand?post=24736"},{"taxonomy":"product_cat","embeddable":true,"href":"https:\/\/www.vempele.fi\/fi\/wp-json\/wp\/v2\/product_cat?post=24736"},{"taxonomy":"product_tag","embeddable":true,"href":"https:\/\/www.vempele.fi\/fi\/wp-json\/wp\/v2\/product_tag?post=24736"}],"curies":[{"name":"wp","href":"https:\/\/api.w.org\/{rel}","templated":true}]}}