{"id":25696,"date":"2024-02-02T15:03:58","date_gmt":"2024-02-02T13:03:58","guid":{"rendered":"https:\/\/www.vempele.fi\/?post_type=product&#038;p=25696"},"modified":"2025-11-23T23:52:31","modified_gmt":"2025-11-23T21:52:31","slug":"ylatukivarren-hela-reinhoch-tesla-model-3-y","status":"publish","type":"product","link":"https:\/\/www.vempele.fi\/fi\/tuote\/ylatukivarren-hela-reinhoch-tesla-model-3-y\/","title":{"rendered":"Yl\u00e4tukivarren Hela &#8211; REINHOCH &#8211; Tesla Model 3 \/ Y"},"content":{"rendered":"<p>Yl\u00e4tukivarren vaihdettava hela etuakselin yl\u00e4tukivarteen.<\/p>\n<ul>\n<li>Valmistaja: REINHOCH<\/li>\n<li>Valmistajan antamat OE-viitenumerot: RH14-6030<\/li>\n<li>Sopivuus:\n<ul>\n<li>Model Y<\/li>\n<li>Model 3 Pre-Refresh vm. 2019\u00a0 \u2013 2021<\/li>\n<li>Model 3 Refresh vm. 2021 \u2013 2023<\/li>\n<\/ul>\n<\/li>\n<li>OEM-tuotenumerot:\n<ul>\n<li>1044321-00-F SK1<br \/>\n1044321-00-G SK1<br \/>\n1044321-00-H SK1<br \/>\n1044321-00-J SK1<br \/>\n104432100GS<br \/>\n104432400F<br \/>\n1044326-00-F SK1<br \/>\n1044326-00-G SK1<br \/>\n1044326-00-H SK1<br \/>\n1044326-00-J SK1<br \/>\n104432600GS<\/li>\n<\/ul>\n<\/li>\n<\/ul>\n<p>&nbsp;<\/p>\n","protected":false},"excerpt":{"rendered":"<p>Yl\u00e4tukivarren vaihdettava hela etuakselin yl\u00e4tukivarteen. Sopivuus Tesla Model 3 ja Y.<\/p>\n<p>Vaihdettavan helan ansiosta koko tukivartta ei tarvitse v\u00e4ltt\u00e4m\u00e4tt\u00e4 vaihtaa.<\/p>\n","protected":false},"featured_media":25697,"comment_status":"open","ping_status":"closed","template":"","meta":[],"product_brand":[741],"product_cat":[151,154,471,472],"product_tag":[576,156,271,121,476,319],"class_list":{"0":"post-25696","1":"product","2":"type-product","3":"status-publish","4":"has-post-thumbnail","6":"product_brand-reinhoch","7":"product_cat-model-3","8":"product_cat-model-y","9":"product_cat-model-3-varaosat","10":"product_cat-varaosat-model-y","11":"product_tag-hela","12":"product_tag-model-3","13":"product_tag-model-y","14":"product_tag-tesla","15":"product_tag-tukivarsi","16":"product_tag-varaosat","18":"first","19":"instock","20":"taxable","21":"shipping-taxable","22":"purchasable","23":"product-type-simple"},"jetpack_sharing_enabled":true,"_links":{"self":[{"href":"https:\/\/www.vempele.fi\/fi\/wp-json\/wp\/v2\/product\/25696","targetHints":{"allow":["GET"]}}],"collection":[{"href":"https:\/\/www.vempele.fi\/fi\/wp-json\/wp\/v2\/product"}],"about":[{"href":"https:\/\/www.vempele.fi\/fi\/wp-json\/wp\/v2\/types\/product"}],"replies":[{"embeddable":true,"href":"https:\/\/www.vempele.fi\/fi\/wp-json\/wp\/v2\/comments?post=25696"}],"wp:featuredmedia":[{"embeddable":true,"href":"https:\/\/www.vempele.fi\/fi\/wp-json\/wp\/v2\/media\/25697"}],"wp:attachment":[{"href":"https:\/\/www.vempele.fi\/fi\/wp-json\/wp\/v2\/media?parent=25696"}],"wp:term":[{"taxonomy":"product_brand","embeddable":true,"href":"https:\/\/www.vempele.fi\/fi\/wp-json\/wp\/v2\/product_brand?post=25696"},{"taxonomy":"product_cat","embeddable":true,"href":"https:\/\/www.vempele.fi\/fi\/wp-json\/wp\/v2\/product_cat?post=25696"},{"taxonomy":"product_tag","embeddable":true,"href":"https:\/\/www.vempele.fi\/fi\/wp-json\/wp\/v2\/product_tag?post=25696"}],"curies":[{"name":"wp","href":"https:\/\/api.w.org\/{rel}","templated":true}]}}