{"id":26004,"date":"2024-02-14T13:23:29","date_gmt":"2024-02-14T11:23:29","guid":{"rendered":"https:\/\/www.vempele.fi\/?post_type=product&#038;p=26004"},"modified":"2026-04-29T11:10:46","modified_gmt":"2026-04-29T08:10:46","slug":"kameran-suoja","status":"publish","type":"product","link":"https:\/\/www.vempele.fi\/fi\/tuote\/kameran-suoja\/","title":{"rendered":"Kameran suoja"},"content":{"rendered":"<p>Pieni ja huomaamaton kameran suoja. T\u00e4m\u00e4 on oiva tuote jos haluat s\u00e4ilytt\u00e4\u00e4 yksityisyyden ajaessa tai esimerkiksi l\u00e4pp\u00e4ri\u00e4 k\u00e4ytt\u00e4ess\u00e4.<br \/>\nTeslan sis\u00e4kameraan asennettuna auto ei en\u00e4\u00e4 tunnista jos katse herke\u00e4\u00e4 tiest\u00e4. Mit\u00e4\u00e4n virheilmoitusta ei kameran peitt\u00e4misest\u00e4 tule, eik\u00e4 se vaikuta ainakaan toistaiseksi esim. autopilotin toimintaan tai k\u00e4ytt\u00f6\u00f6n.<\/p>\n<p>Tuote asennetaan tuotteeseen valmiiksi laitetulla kaksipuoleisella teipill\u00e4 kameran p\u00e4\u00e4lle siten, ett\u00e4 luukun ollessa auki kamera j\u00e4\u00e4 n\u00e4kyviin. N\u00e4in voit ottaa kameran k\u00e4ytt\u00f6\u00f6n tai pois k\u00e4yt\u00f6st\u00e4 niin halutessasi liu&#8217;uttamalla tuotteessa olevaa luukku puolelta toiselle.<\/p>\n<ul>\n<li>V\u00e4ri: Musta<\/li>\n<li>Materiaali: ABS<\/li>\n<li>Sopivuus:\n<ul>\n<li>Teslan sis\u00e4kamera<\/li>\n<li>Esim. l\u00e4pp\u00e4rit ym. webkamerat.<\/li>\n<\/ul>\n<\/li>\n<li>Koko: 27 x 11 mm<\/li>\n<\/ul>\n","protected":false},"excerpt":{"rendered":"<p>Arvostatko yksityisyytt\u00e4?<\/p>\n<p>T\u00e4ss\u00e4 oiva kameran suoja sis\u00e4kameran peitt\u00e4miseen joko kokonaan, tai v\u00e4liaikaisesti.<\/p>\n<p>T\u00e4t\u00e4 suojaa voi k\u00e4ytt\u00e4\u00e4 auton lis\u00e4ksi my\u00f6s esimerkiksi l\u00e4pp\u00e4rin ym. kameran peitt\u00e4misess\u00e4.<\/p>\n<p>Helppo asennus mukana olevalla kaksipuoleisella teipill\u00e4!<\/p>\n","protected":false},"featured_media":26009,"comment_status":"open","ping_status":"closed","template":"","meta":[],"product_brand":[],"product_cat":[151,152,153,154,452,453,454,455,480,485,487,482,128],"product_tag":[83,125,579,156,172,173,271,411,121],"class_list":{"0":"post-26004","1":"product","2":"type-product","3":"status-publish","4":"has-post-thumbnail","6":"product_cat-model-3","7":"product_cat-model-s","8":"product_cat-model-x","9":"product_cat-model-y","10":"product_cat-m3-tarvikkeet","11":"product_cat-ms-tarvikkeet","12":"product_cat-mx-tarvikkeet","13":"product_cat-my-tarvikkeet","14":"product_cat-tarvikkeet-sisapuolelle-model-3","15":"product_cat-tarvikkeet-sisapuolelle-model-s","16":"product_cat-tarvikkeet-sisapuolelle-model-x","17":"product_cat-tarvikkeet-sisapuolelle-model-y","18":"product_cat-tesla-tuotteet","19":"product_tag-autotarvikkeet","20":"product_tag-kamera","21":"product_tag-luukku","22":"product_tag-model-3","23":"product_tag-model-s","24":"product_tag-model-x","25":"product_tag-model-y","26":"product_tag-suoja","27":"product_tag-tesla","29":"first","30":"instock","31":"taxable","32":"shipping-taxable","33":"purchasable","34":"product-type-simple"},"jetpack_sharing_enabled":true,"_links":{"self":[{"href":"https:\/\/www.vempele.fi\/fi\/wp-json\/wp\/v2\/product\/26004","targetHints":{"allow":["GET"]}}],"collection":[{"href":"https:\/\/www.vempele.fi\/fi\/wp-json\/wp\/v2\/product"}],"about":[{"href":"https:\/\/www.vempele.fi\/fi\/wp-json\/wp\/v2\/types\/product"}],"replies":[{"embeddable":true,"href":"https:\/\/www.vempele.fi\/fi\/wp-json\/wp\/v2\/comments?post=26004"}],"wp:featuredmedia":[{"embeddable":true,"href":"https:\/\/www.vempele.fi\/fi\/wp-json\/wp\/v2\/media\/26009"}],"wp:attachment":[{"href":"https:\/\/www.vempele.fi\/fi\/wp-json\/wp\/v2\/media?parent=26004"}],"wp:term":[{"taxonomy":"product_brand","embeddable":true,"href":"https:\/\/www.vempele.fi\/fi\/wp-json\/wp\/v2\/product_brand?post=26004"},{"taxonomy":"product_cat","embeddable":true,"href":"https:\/\/www.vempele.fi\/fi\/wp-json\/wp\/v2\/product_cat?post=26004"},{"taxonomy":"product_tag","embeddable":true,"href":"https:\/\/www.vempele.fi\/fi\/wp-json\/wp\/v2\/product_tag?post=26004"}],"curies":[{"name":"wp","href":"https:\/\/api.w.org\/{rel}","templated":true}]}}