{"id":26628,"date":"2024-03-19T14:17:07","date_gmt":"2024-03-19T12:17:07","guid":{"rendered":"https:\/\/www.vempele.fi\/?post_type=product&#038;p=26628"},"modified":"2026-04-18T11:54:43","modified_gmt":"2026-04-18T08:54:43","slug":"eco-lattiamatot-tesla-model-3","status":"publish","type":"product","link":"https:\/\/www.vempele.fi\/fi\/tuote\/eco-lattiamatot-tesla-model-3\/","title":{"rendered":"ECO-Lattiamatot &#8211; Tesla Model 3"},"content":{"rendered":"<p>Kulutusta kest\u00e4v\u00e4, suosittu ja ennen kaikkea kotimainen ECO-mattosarja Tesla Model 3:een.<\/p>\n<p>Pakkauksessa kolme mattoa:<br \/>\n1 x Kuljettajalle<br \/>\n1 x Etumatkustajalle<br \/>\n1 x Yhten\u00e4inen matto takalattialle<\/p>\n<p><b>Lis\u00e4tiedot:<\/b><\/p>\n<ul>\n<li>Materiaali: EVA<\/li>\n<li>Sopivuus:\n<ul>\n<li>Model 3 Pre-refresh 2019 &#8211; 2021<\/li>\n<li>Model 3 Refresh 2021 &#8211; 2023<\/li>\n<li>Model 3 Highland 2023 -&gt;<\/li>\n<\/ul>\n<\/li>\n<li>V\u00e4ri: Musta<\/li>\n<li>Paino: n. 1,6kg<\/li>\n<li>Valmistusmaa: Suomi<\/li>\n<\/ul>\n","protected":false},"excerpt":{"rendered":"<p>Kotimainen siisti mattovaihtoehto Teslaan nyt suoraan varastosta!<\/p>\n<p>Mattojen materiaali on ekologinen ja kierr\u00e4tett\u00e4v\u00e4 EVA. Turvallinen, myrkyt\u00f6n ja hajuton. Ainutlaatuisen kennorakenteen ansiosta lika ja vesi ker\u00e4\u00e4ntyy tasaisesti kennoihin. Matot voi helposti puhdistaa ravistamalla tai vedell\u00e4 huuhtelemalla. Sis\u00e4ilmanlaatu paranee ja ikkunoiden huurtuminen v\u00e4henee. Materiaali kest\u00e4\u00e4 jopa -50\u00b0C kylmyyden ja yli +70\u00b0C kuumuuden. Iskunkest\u00e4v\u00e4, \u00e4\u00e4nt\u00e4 ja l\u00e4mp\u00f6\u00e4 erist\u00e4v\u00e4. Miellytt\u00e4v\u00e4n tuntuiset ja todella tyylikk\u00e4\u00e4t ECO-matot.<\/p>\n","protected":false},"featured_media":26629,"comment_status":"open","ping_status":"closed","template":"","meta":[],"product_brand":[],"product_cat":[409,151,128],"product_tag":[83,590,206,513,553,156,121],"class_list":{"0":"post-26628","1":"product","2":"type-product","3":"status-publish","4":"has-post-thumbnail","6":"product_cat-matot-model-3","7":"product_cat-model-3","8":"product_cat-tesla-tuotteet","9":"product_tag-autotarvikkeet","10":"product_tag-eco","11":"product_tag-eva","12":"product_tag-kaukalomatot","13":"product_tag-kuramatot","14":"product_tag-model-3","15":"product_tag-tesla","17":"first","18":"instock","19":"taxable","20":"shipping-taxable","21":"purchasable","22":"product-type-variable"},"jetpack_sharing_enabled":true,"_links":{"self":[{"href":"https:\/\/www.vempele.fi\/fi\/wp-json\/wp\/v2\/product\/26628","targetHints":{"allow":["GET"]}}],"collection":[{"href":"https:\/\/www.vempele.fi\/fi\/wp-json\/wp\/v2\/product"}],"about":[{"href":"https:\/\/www.vempele.fi\/fi\/wp-json\/wp\/v2\/types\/product"}],"replies":[{"embeddable":true,"href":"https:\/\/www.vempele.fi\/fi\/wp-json\/wp\/v2\/comments?post=26628"}],"wp:featuredmedia":[{"embeddable":true,"href":"https:\/\/www.vempele.fi\/fi\/wp-json\/wp\/v2\/media\/26629"}],"wp:attachment":[{"href":"https:\/\/www.vempele.fi\/fi\/wp-json\/wp\/v2\/media?parent=26628"}],"wp:term":[{"taxonomy":"product_brand","embeddable":true,"href":"https:\/\/www.vempele.fi\/fi\/wp-json\/wp\/v2\/product_brand?post=26628"},{"taxonomy":"product_cat","embeddable":true,"href":"https:\/\/www.vempele.fi\/fi\/wp-json\/wp\/v2\/product_cat?post=26628"},{"taxonomy":"product_tag","embeddable":true,"href":"https:\/\/www.vempele.fi\/fi\/wp-json\/wp\/v2\/product_tag?post=26628"}],"curies":[{"name":"wp","href":"https:\/\/api.w.org\/{rel}","templated":true}]}}