{"id":26742,"date":"2024-03-22T13:10:21","date_gmt":"2024-03-22T11:10:21","guid":{"rendered":"https:\/\/www.vempele.fi\/?post_type=product&#038;p=26742"},"modified":"2026-04-05T14:10:13","modified_gmt":"2026-04-05T11:10:13","slug":"eco-takaluukun-matto-tesla-model-s","status":"publish","type":"product","link":"https:\/\/www.vempele.fi\/fi\/tuote\/eco-takaluukun-matto-tesla-model-s\/","title":{"rendered":"ECO-Takaluukun matto &#8211; Tesla Model S"},"content":{"rendered":"<p>ECO Takaluukun matto saatavissa nyt suoraan Vempeleest\u00e4! Kotimaiset, kest\u00e4v\u00e4t ja laadukkaat takaluukun matot Teslaan.<\/p>\n<p><b>Lis\u00e4tiedot:<\/b><\/p>\n<ul>\n<li>Materiaali: EVA<\/li>\n<li>Sopivuus:\n<ul>\n<li>Model S<\/li>\n<\/ul>\n<\/li>\n<li>V\u00e4ri: Musta<\/li>\n<li>Paino: n. 1,1kg<\/li>\n<li>Valmistusmaa: Suomi<\/li>\n<\/ul>\n","protected":false},"excerpt":{"rendered":"<p>ECO Takaluukun matto. Kotimainen siisti mattovaihtoehto Teslaan nyt suoraan varastosta!<\/p>\n<p>Mattojen materiaali on ekologinen ja kierr\u00e4tett\u00e4v\u00e4 EVA. Turvallinen, myrkyt\u00f6n ja hajuton. Ainutlaatuisen kennorakenteen ansiosta lika ja vesi ker\u00e4\u00e4ntyy tasaisesti takaluukun maton kennoihin. Matot voi helposti puhdistaa ravistamalla tai vedell\u00e4 huuhtelemalla. Sis\u00e4ilmanlaatu paranee ja ikkunoiden huurtuminen v\u00e4henee. ECO Takaluukun matto kest\u00e4\u00e4 jopa -50\u00b0C kylmyyden ja yli +70\u00b0C kuumuuden. Iskunkest\u00e4v\u00e4, \u00e4\u00e4nt\u00e4 ja l\u00e4mp\u00f6\u00e4 erist\u00e4v\u00e4. Miellytt\u00e4v\u00e4n tuntuinen ja todella tyylik\u00e4s ECO Takaluukun matto.<\/p>\n","protected":false},"featured_media":26746,"comment_status":"open","ping_status":"closed","template":"","meta":[],"product_brand":[],"product_cat":[512,152,128],"product_tag":[83,590,206,513,553,172,200,121],"class_list":{"0":"post-26742","1":"product","2":"type-product","3":"status-publish","4":"has-post-thumbnail","6":"product_cat-matot-model-s","7":"product_cat-model-s","8":"product_cat-tesla-tuotteet","9":"product_tag-autotarvikkeet","10":"product_tag-eco","11":"product_tag-eva","12":"product_tag-kaukalomatot","13":"product_tag-kuramatot","14":"product_tag-model-s","15":"product_tag-takaluukku","16":"product_tag-tesla","18":"first","19":"instock","20":"taxable","21":"shipping-taxable","22":"purchasable","23":"product-type-variable"},"jetpack_sharing_enabled":true,"_links":{"self":[{"href":"https:\/\/www.vempele.fi\/fi\/wp-json\/wp\/v2\/product\/26742","targetHints":{"allow":["GET"]}}],"collection":[{"href":"https:\/\/www.vempele.fi\/fi\/wp-json\/wp\/v2\/product"}],"about":[{"href":"https:\/\/www.vempele.fi\/fi\/wp-json\/wp\/v2\/types\/product"}],"replies":[{"embeddable":true,"href":"https:\/\/www.vempele.fi\/fi\/wp-json\/wp\/v2\/comments?post=26742"}],"wp:featuredmedia":[{"embeddable":true,"href":"https:\/\/www.vempele.fi\/fi\/wp-json\/wp\/v2\/media\/26746"}],"wp:attachment":[{"href":"https:\/\/www.vempele.fi\/fi\/wp-json\/wp\/v2\/media?parent=26742"}],"wp:term":[{"taxonomy":"product_brand","embeddable":true,"href":"https:\/\/www.vempele.fi\/fi\/wp-json\/wp\/v2\/product_brand?post=26742"},{"taxonomy":"product_cat","embeddable":true,"href":"https:\/\/www.vempele.fi\/fi\/wp-json\/wp\/v2\/product_cat?post=26742"},{"taxonomy":"product_tag","embeddable":true,"href":"https:\/\/www.vempele.fi\/fi\/wp-json\/wp\/v2\/product_tag?post=26742"}],"curies":[{"name":"wp","href":"https:\/\/api.w.org\/{rel}","templated":true}]}}