{"id":26960,"date":"2024-03-31T13:57:51","date_gmt":"2024-03-31T10:57:51","guid":{"rendered":"https:\/\/www.vempele.fi\/?post_type=product&#038;p=26960"},"modified":"2026-03-23T15:58:06","modified_gmt":"2026-03-23T13:58:06","slug":"monaco-gp6-19-kesarengaspaketti-tesla-model-3","status":"publish","type":"product","link":"https:\/\/www.vempele.fi\/fi\/tuote\/monaco-gp6-19-kesarengaspaketti-tesla-model-3\/","title":{"rendered":"Monaco GP6 19&#8243; Kes\u00e4rengaspaketti &#8211; Tesla Model 3"},"content":{"rendered":"<p>Monaco GP6 on suorasovitteinen siisti vanne Teslaan!<\/p>\n<p>Rengaspaketti toimitetaan suoraan kotiin valmiina pakettina alle asennettavaksi.<br \/>\nT\u00e4m\u00e4n tuotteen varastosaldo ei p\u00e4ivity automaattisesti, joten jos jostain syyst\u00e4 kyseist\u00e4 rengasta ei ole saatavissa, olemme heti teihin yhteydess\u00e4, tai voit varmistaa tuotteen saatavuuden etuk\u00e4teen. <\/p>\n<p>Toimitusaika rengaspaketille on tilauksesta noin 1-2vk.<\/p>\n<ul>\n<li>Vanteet: Monaco GP6\n<ul>\n<li>Koko: 19&#8243;<\/li>\n<li>Leveys: 8,5&#8243;<\/li>\n<li>ET: 40<\/li>\n<li>Jako: 5&#215;114,3<\/li>\n<li>Keskireik\u00e4: 64,1mm<\/li>\n<li>Paino: 12,9Kg<\/li>\n<li>Kantavuus: 900Kg<\/li>\n<\/ul>\n<\/li>\n<\/ul>\n<p>Lis\u00e4tietoa rengasvaihtoehdoista saat klikkaamalla:<\/p>\n<details>\n<summary><b> Goodyear &#8211; Eagle F1 Asymmetric 6 XL 235\/40R19 <\/b><\/summary>\n<ul>\n<li>Kantavuusluku: 96 <\/li>\n<li>Nopeusluokkamerkki: Y (300km\/h)\n<li>Rengasluokka: C1<\/li>\n<\/ul>\n<p><img decoding=\"async\" src=\"https:\/\/www.vempele.fi\/wp-content\/uploads\/2024\/03\/goodyear_eagle_asymmetric_f1_235_40R19_96_Y_XL.png\" alt=\"\" \/>\n<\/p>\n<\/details>\n<p>&nbsp;<\/p>\n<details>\n<summary><b> Linglong &#8211; Sport Master 235\/40Yr19 <\/b><\/summary>\n<ul>\n<li>Kantavuusluku: 96 <\/li>\n<li>Nopeusluokkamerkki: Y\n<li>Rengasluokka: C1<\/li>\n<\/ul>\n<p><img decoding=\"async\" src=\"https:\/\/www.vempele.fi\/wp-content\/uploads\/2024\/04\/linglong_sport_master_235_40r19_96Y_xl.png\" alt=\"\" \/>\n<\/p>\n<\/details>\n<p>&nbsp;<\/p>\n<details>\n<summary><b> Bridgestone &#8211; Turanza T005 235\/40R19 <\/b><\/summary>\n<ul>\n<li>Kantavuusluku: 96 <\/li>\n<li>Nopeusluokkamerkki: Y (>300km\/h)\n<li>Rengasluokka: C1<\/li>\n<\/ul>\n<p><img decoding=\"async\" src=\"https:\/\/www.vempele.fi\/wp-content\/uploads\/2024\/03\/Bridgestone_turanza_235_40R19_96_y_xl.png\" alt=\"\" \/>\n<\/p>\n<\/details>\n<p>&nbsp;<\/p>\n<details>\n<summary><b> Hankook &#8211; Ventus S1 EVO 3 XL 235\/40R19 <\/b><\/summary>\n<ul>\n<li>Kantavuusluku: 96 <\/li>\n<li>Nopeusluokkamerkki: W (270km\/h)\n<li>Rengasluokka: C1<\/li>\n<\/ul>\n<p><img decoding=\"async\" src=\"https:\/\/www.vempele.fi\/wp-content\/uploads\/2024\/03\/hankook_s1_evo3_235_40R19_96_W_XL.png\" alt=\"\" \/>\n<\/p>\n<\/details>\n<p>&nbsp;<\/p>\n<details>\n<summary><b> Pirelli &#8211; P-Zero (PZ4) 235\/40ZR19 <\/b><\/summary>\n<ul>\n<li>Kantavuusluku: 92 <\/li>\n<li>Nopeusluokkamerkki: Y (>300km\/h)\n<li>Rengasluokka: C1<\/li>\n<\/ul>\n<p><img decoding=\"async\" src=\"https:\/\/www.vempele.fi\/wp-content\/uploads\/2024\/03\/pirelli_pzero_235_40ZR19_92_Y.png\" alt=\"\" \/>\n<\/p>\n<\/details>\n<p>&nbsp;<\/p>\n<details>\n<summary><b> Michelin &#8211; Primacy 4 Acoustic 235\/40R19 <\/b><\/summary>\n<ul>\n<li>Kantavuusluku: 96 <\/li>\n<li>Nopeusluokkamerkki: W (270km\/h)\n<li>Rengasluokka: C1<\/li>\n<\/ul>\n<p><img decoding=\"async\" src=\"https:\/\/www.vempele.fi\/wp-content\/uploads\/2024\/03\/michelin_primacy4_acoustic_235_40R19_96_W_XL.png\" alt=\"\" \/>\n<\/p>\n<\/details>\n<p>&nbsp;<\/p>\n<p>&nbsp;<\/p>\n","protected":false},"excerpt":{"rendered":"<p>Helposti valittava valmis paketti juuri sinun tarpeisiin!<\/p>\n<p>Voit helposti valita eri rengasvaihtoehdoista ja vanteen v\u00e4rist\u00e4 juuri sinulle mieluisan vaihtoehdon.<\/p>\n<p>Monaco GP6 on suorasovitteinen Teslaan, joten mit\u00e4\u00e4n soviterenkaita ei tarvita. Lis\u00e4tietoa renkaista ja vanteista l\u00f6ytyy t\u00e4m\u00e4n sivun alaosasta. <\/p>\n<p><strong>Kummat anturit valitsen?<\/strong><br \/>\nAntureiden osalta p\u00e4\u00e4s\u00e4\u00e4nt\u00f6isesti 10\/2020 eteenp\u00e4in ovat Bluetooth-antureilla ja sit\u00e4 vanhemmat 433Mhz antureilla. Jos auto on valmistettu l\u00e4hell\u00e4 kyseist\u00e4 ajankohtaa, kannattaa kuitenkin varmistaa kummat anturit autossa on.<br \/>\n433Mhz antureiden osalta pyyd\u00e4mme my\u00f6s lis\u00e4\u00e4m\u00e4\u00e4n tilauksen lis\u00e4tietoihin auton valmistusajankohdan, esimerkiksi 05\/2019<\/p>\n","protected":false},"featured_media":26727,"comment_status":"open","ping_status":"closed","template":"","meta":[],"product_brand":[],"product_cat":[593],"product_tag":[156,591,300,121,592,321],"class_list":{"0":"post-26960","1":"product","2":"type-product","3":"status-publish","4":"has-post-thumbnail","6":"product_cat-rengaspaketit","7":"product_tag-model-3","8":"product_tag-rengaspaketti","9":"product_tag-renkaat","10":"product_tag-tesla","11":"product_tag-vannepaketti","12":"product_tag-vanteet","14":"first","15":"instock","16":"taxable","17":"shipping-taxable","18":"purchasable","19":"product-type-variable"},"jetpack_sharing_enabled":true,"_links":{"self":[{"href":"https:\/\/www.vempele.fi\/fi\/wp-json\/wp\/v2\/product\/26960","targetHints":{"allow":["GET"]}}],"collection":[{"href":"https:\/\/www.vempele.fi\/fi\/wp-json\/wp\/v2\/product"}],"about":[{"href":"https:\/\/www.vempele.fi\/fi\/wp-json\/wp\/v2\/types\/product"}],"replies":[{"embeddable":true,"href":"https:\/\/www.vempele.fi\/fi\/wp-json\/wp\/v2\/comments?post=26960"}],"wp:featuredmedia":[{"embeddable":true,"href":"https:\/\/www.vempele.fi\/fi\/wp-json\/wp\/v2\/media\/26727"}],"wp:attachment":[{"href":"https:\/\/www.vempele.fi\/fi\/wp-json\/wp\/v2\/media?parent=26960"}],"wp:term":[{"taxonomy":"product_brand","embeddable":true,"href":"https:\/\/www.vempele.fi\/fi\/wp-json\/wp\/v2\/product_brand?post=26960"},{"taxonomy":"product_cat","embeddable":true,"href":"https:\/\/www.vempele.fi\/fi\/wp-json\/wp\/v2\/product_cat?post=26960"},{"taxonomy":"product_tag","embeddable":true,"href":"https:\/\/www.vempele.fi\/fi\/wp-json\/wp\/v2\/product_tag?post=26960"}],"curies":[{"name":"wp","href":"https:\/\/api.w.org\/{rel}","templated":true}]}}