{"id":27271,"date":"2024-04-05T12:48:09","date_gmt":"2024-04-05T09:48:09","guid":{"rendered":"https:\/\/www.vempele.fi\/?post_type=product&#038;p=27271"},"modified":"2026-03-23T15:55:07","modified_gmt":"2026-03-23T13:55:07","slug":"monaco-gp6-19-kesarengaspaketti-tesla-model-y","status":"publish","type":"product","link":"https:\/\/www.vempele.fi\/fi\/tuote\/monaco-gp6-19-kesarengaspaketti-tesla-model-y\/","title":{"rendered":"Monaco GP6 19&#8243; Kes\u00e4rengaspaketti &#8211; Tesla Model Y"},"content":{"rendered":"<p>Monaco GP6 on suorasovitteinen siisti vanne Teslaan!<\/p>\n<p>Rengaspaketti toimitetaan suoraan kotiin valmiina pakettina alle asennettavaksi.<br \/>\nT\u00e4m\u00e4n tuotteen varastosaldo ei p\u00e4ivity automaattisesti, joten jos jostain syyst\u00e4 kyseist\u00e4 rengasta ei ole saatavissa, olemme heti teihin yhteydess\u00e4, tai voit varmistaa tuotteen saatavuuden etuk\u00e4teen.<\/p>\n<p>Toimitusaika rengaspaketille on tilauksesta noin 1-2vk.<\/p>\n<ul>\n<li>Vanteet: Monaco GP6\n<ul>\n<li>Koko: 19&#8243;<\/li>\n<li>Leveys: 8,5&#8243;<\/li>\n<li>ET: 40<\/li>\n<li>Jako: 5&#215;114,3<\/li>\n<li>Keskireik\u00e4: 64,1mm<\/li>\n<li>Paino: 14,9Kg<\/li>\n<li>Kantavuus: 900Kg<\/li>\n<li>Paineanturit: Huf BT<\/li>\n<\/ul>\n<\/li>\n<\/ul>\n<p>Lis\u00e4tietoa rengasvaihtoehdoista saat klikkaamalla:<\/p>\n<details>\n<summary><b> Goodyear &#8211; Eagle F1 Asymmetric 3 XL 255\/45R19 <\/b><\/summary>\n<ul>\n<li>Kantavuusluku: 104<\/li>\n<li>Nopeusluokkamerkki: Y (300km\/h)<\/li>\n<li>Rengasluokka: C1<\/li>\n<\/ul>\n<p><img decoding=\"async\" src=\"https:\/\/www.vempele.fi\/wp-content\/uploads\/2024\/04\/goodyear_eagle_asymmetric_f1_255_45R19_104_Y_XL.png\" alt=\"\" \/><\/p>\n<\/details>\n<p>&nbsp;<\/p>\n<details>\n<summary><b> Kumho &#8211; Ecsta 255\/45Zr19 XL <\/b><\/summary>\n<ul>\n<li>Kantavuusluku: 104<\/li>\n<li>Nopeusluokkamerkki: Y (&gt;300km\/h)<\/li>\n<li>Rengasluokka: C1<\/li>\n<\/ul>\n<p><img decoding=\"async\" src=\"https:\/\/www.vempele.fi\/wp-content\/uploads\/2024\/04\/kumho_ecsta_PS91_255_45ZR19_104Y_XL.png\" alt=\"\" \/><\/p>\n<\/details>\n<p>&nbsp;<\/p>\n<details>\n<summary><b> Bridgestone &#8211; Turanza T005 255\/45R19 XL <\/b><\/summary>\n<ul>\n<li>Kantavuusluku: 104<\/li>\n<li>Nopeusluokkamerkki: Y (&gt;300km\/h)<\/li>\n<li>Rengasluokka: C1<\/li>\n<\/ul>\n<p><img decoding=\"async\" src=\"https:\/\/www.vempele.fi\/wp-content\/uploads\/2024\/04\/bridgestore_turanza_T005_255_45R19_104_Y_XL.png\" alt=\"\" \/><\/p>\n<\/details>\n<p>&nbsp;<\/p>\n<details>\n<summary><b> Hankook &#8211; Ventus S1 EVO 3 EV XL 255\/45R19 <\/b><\/summary>\n<ul>\n<li>Kantavuusluku: 104<\/li>\n<li>Nopeusluokkamerkki: W (270km\/h)<\/li>\n<li>Rengasluokka: C1<\/li>\n<\/ul>\n<p><img decoding=\"async\" src=\"https:\/\/www.vempele.fi\/wp-content\/uploads\/2024\/04\/hankook_s1_evo3_ev_255_45R19_104_W_XL.png\" alt=\"\" \/><\/p>\n<\/details>\n<p>&nbsp;<\/p>\n<details>\n<summary><b> Pirelli &#8211; P-Zero (PZ4) 255\/45ZR19 XL <\/b><\/summary>\n<ul>\n<li>Kantavuusluku: 104<\/li>\n<li>Nopeusluokkamerkki: Y (&gt;300km\/h)<\/li>\n<li>Rengasluokka: C1<\/li>\n<\/ul>\n<p><img decoding=\"async\" src=\"https:\/\/www.vempele.fi\/wp-content\/uploads\/2024\/04\/pirelli_pzero_255_45ZR19_104Y_XL.png\" alt=\"\" \/><\/p>\n<\/details>\n<p>&nbsp;<\/p>\n<details>\n<summary><b> Linglong Grip Master 255\/45 WR19 TL 104W C\/S XL <\/b><\/summary>\n<ul>\n<li>Kantavuusluku: 104<\/li>\n<li>Nopeusluokkamerkki: Y (&gt;300km\/h)<\/li>\n<li>Rengasluokka: C1<\/li>\n<\/ul>\n<p><img decoding=\"async\" src=\"https:\/\/www.vempele.fi\/wp-content\/uploads\/2025\/03\/linglong_grip_master_255_45r19_104W.png.jpg\" alt=\"\" \/><\/p>\n<\/details>\n<p>&nbsp;<\/p>\n<p>&nbsp;<\/p>\n","protected":false},"excerpt":{"rendered":"<p>Helposti valittava valmis paketti juuri sinun tarpeisiin!<\/p>\n<p>Voit helposti valita eri rengasvaihtoehdoista ja vanteen v\u00e4rist\u00e4 juuri sinulle mieluisan vaihtoehdon.<\/p>\n<p>Monaco GP6 on suorasovitteinen Teslaan, joten mit\u00e4\u00e4n soviterenkaita ei tarvita. Lis\u00e4tietoa renkaista ja vanteista l\u00f6ytyy t\u00e4m\u00e4n sivun alaosasta.<\/p>\n<p>Model Y:n kanssa rengas-vanne-paketteihin tulee mukana asenettuna Huf BT TPMS anturit.<\/p>\n","protected":false},"featured_media":26727,"comment_status":"open","ping_status":"closed","template":"","meta":[],"product_brand":[],"product_cat":[154,593],"product_tag":[156,591,300,121,592,321],"class_list":{"0":"post-27271","1":"product","2":"type-product","3":"status-publish","4":"has-post-thumbnail","6":"product_cat-model-y","7":"product_cat-rengaspaketit","8":"product_tag-model-3","9":"product_tag-rengaspaketti","10":"product_tag-renkaat","11":"product_tag-tesla","12":"product_tag-vannepaketti","13":"product_tag-vanteet","15":"first","16":"instock","17":"taxable","18":"shipping-taxable","19":"purchasable","20":"product-type-variable"},"jetpack_sharing_enabled":true,"_links":{"self":[{"href":"https:\/\/www.vempele.fi\/fi\/wp-json\/wp\/v2\/product\/27271","targetHints":{"allow":["GET"]}}],"collection":[{"href":"https:\/\/www.vempele.fi\/fi\/wp-json\/wp\/v2\/product"}],"about":[{"href":"https:\/\/www.vempele.fi\/fi\/wp-json\/wp\/v2\/types\/product"}],"replies":[{"embeddable":true,"href":"https:\/\/www.vempele.fi\/fi\/wp-json\/wp\/v2\/comments?post=27271"}],"wp:featuredmedia":[{"embeddable":true,"href":"https:\/\/www.vempele.fi\/fi\/wp-json\/wp\/v2\/media\/26727"}],"wp:attachment":[{"href":"https:\/\/www.vempele.fi\/fi\/wp-json\/wp\/v2\/media?parent=27271"}],"wp:term":[{"taxonomy":"product_brand","embeddable":true,"href":"https:\/\/www.vempele.fi\/fi\/wp-json\/wp\/v2\/product_brand?post=27271"},{"taxonomy":"product_cat","embeddable":true,"href":"https:\/\/www.vempele.fi\/fi\/wp-json\/wp\/v2\/product_cat?post=27271"},{"taxonomy":"product_tag","embeddable":true,"href":"https:\/\/www.vempele.fi\/fi\/wp-json\/wp\/v2\/product_tag?post=27271"}],"curies":[{"name":"wp","href":"https:\/\/api.w.org\/{rel}","templated":true}]}}