{"id":27462,"date":"2024-04-10T12:31:43","date_gmt":"2024-04-10T09:31:43","guid":{"rendered":"https:\/\/www.vempele.fi\/?post_type=product&#038;p=27462"},"modified":"2025-11-29T00:53:21","modified_gmt":"2025-11-28T22:53:21","slug":"vahvistetut-kuralapat-tesla-model-3-refresh","status":"publish","type":"product","link":"https:\/\/www.vempele.fi\/fi\/tuote\/vahvistetut-kuralapat-tesla-model-3-refresh\/","title":{"rendered":"Vahvistetut Kural\u00e4p\u00e4t &#8211; Tesla Model 3 Refresh"},"content":{"rendered":"<p>Tesla Model 3 Refresh malliin hienosti muotoillut ja vahvistetut kurasuojat. Pakkaus sis\u00e4lt\u00e4\u00e4 4 kpl suojia (molemmin puolin eteen ja taakse) sek\u00e4 tarvittavat kiinnitystarpeet.<\/p>\n<p>Asennusohjeen voit ladata <a href=\"https:\/\/www.vempele.fi\/wp-content\/uploads\/2024\/04\/Model_3_refresh_vahvistetut_kuralapat_ohje.pdf\" target=\"_blank\" rel=\"noopener\">t\u00e4st\u00e4.<\/a><\/p>\n<p><strong>Tarkemmat tiedot<\/strong><\/p>\n<ul>\n<li>Sopivuus:\n<ul>\n<li>Model 3 Refresh vm. 2021 \u2013 2023<\/li>\n<\/ul>\n<\/li>\n<li>Materiaali: ABS<\/li>\n<li>V\u00e4ri: Musta<\/li>\n<\/ul>\n","protected":false},"excerpt":{"rendered":"<p>Pakkauksessa mukana 4 kappaletta Tesla Model 3 Refreshiin muotoiltuja kurasuojia, eteen ja taakse omat.<\/p>\n<p>Suosittelemme PPF-suikaleiden k\u00e4ytt\u00f6\u00e4 suojaamaan auton maalipintaa ja kaksipuoleista teippi\u00e4 auttamaan l\u00e4ppien kiinnityksess\u00e4 (ei mukana pakkauksessa).<\/p>\n<p>Uusi, vahvistettu malli joka tulee monesta kohtaa kiinni.<\/p>\n","protected":false},"featured_media":27464,"comment_status":"open","ping_status":"closed","template":"","meta":[],"product_brand":[],"product_cat":[151,452,481,128],"product_tag":[83,270,121,120],"class_list":{"0":"post-27462","1":"product","2":"type-product","3":"status-publish","4":"has-post-thumbnail","6":"product_cat-model-3","7":"product_cat-m3-tarvikkeet","8":"product_cat-tarvikkeet-ulkopuolelle-model-3","9":"product_cat-tesla-tuotteet","10":"product_tag-autotarvikkeet","11":"product_tag-kuralapat","12":"product_tag-tesla","13":"product_tag-tesla-model-3","15":"first","16":"outofstock","17":"taxable","18":"shipping-taxable","19":"purchasable","20":"product-type-simple"},"jetpack_sharing_enabled":true,"_links":{"self":[{"href":"https:\/\/www.vempele.fi\/fi\/wp-json\/wp\/v2\/product\/27462","targetHints":{"allow":["GET"]}}],"collection":[{"href":"https:\/\/www.vempele.fi\/fi\/wp-json\/wp\/v2\/product"}],"about":[{"href":"https:\/\/www.vempele.fi\/fi\/wp-json\/wp\/v2\/types\/product"}],"replies":[{"embeddable":true,"href":"https:\/\/www.vempele.fi\/fi\/wp-json\/wp\/v2\/comments?post=27462"}],"wp:featuredmedia":[{"embeddable":true,"href":"https:\/\/www.vempele.fi\/fi\/wp-json\/wp\/v2\/media\/27464"}],"wp:attachment":[{"href":"https:\/\/www.vempele.fi\/fi\/wp-json\/wp\/v2\/media?parent=27462"}],"wp:term":[{"taxonomy":"product_brand","embeddable":true,"href":"https:\/\/www.vempele.fi\/fi\/wp-json\/wp\/v2\/product_brand?post=27462"},{"taxonomy":"product_cat","embeddable":true,"href":"https:\/\/www.vempele.fi\/fi\/wp-json\/wp\/v2\/product_cat?post=27462"},{"taxonomy":"product_tag","embeddable":true,"href":"https:\/\/www.vempele.fi\/fi\/wp-json\/wp\/v2\/product_tag?post=27462"}],"curies":[{"name":"wp","href":"https:\/\/api.w.org\/{rel}","templated":true}]}}