{"id":27898,"date":"2024-04-23T07:59:29","date_gmt":"2024-04-23T04:59:29","guid":{"rendered":"https:\/\/www.vempele.fi\/?post_type=product&#038;p=27898"},"modified":"2026-04-18T05:46:03","modified_gmt":"2026-04-18T02:46:03","slug":"tuulilasinpyyhkijat-bosch-aerotwin-tesla-model-s","status":"publish","type":"product","link":"https:\/\/www.vempele.fi\/fi\/tuote\/tuulilasinpyyhkijat-bosch-aerotwin-tesla-model-s\/","title":{"rendered":"Tuulilasinpyyhkij\u00e4t &#8211; Bosch AeroTwin A106S &#8211; Tesla Model S 2012 \u2013 2021"},"content":{"rendered":"<p>Tuulilasinpyyhkij\u00e4t Bosch AeroTwin &#8211; Tesla Model S<\/p>\n<p>Helpot vaihtaa!<\/p>\n<p><b>Tarkemmat tiedot:<\/b><\/p>\n<ul>\n<li>Valmistaja: Bosch<\/li>\n<li>Malli: A106S<\/li>\n<li>V\u00e4ri: Musta<\/li>\n<li>Yhteensopivuus:\n<ul>\n<li>Model S 2012 &#8211; 2021<\/li>\n<\/ul>\n<\/li>\n<li>Pakkauksen paino: 0,35 kg<\/li>\n<li>Pakkauksen mitat: 77 x 6 x 4 cm<\/li>\n<li>Valmistusmaa: Belgia<\/li>\n<\/ul>\n","protected":false},"excerpt":{"rendered":"<p>Laadukkaat Bosch AeroTwin A106S tuulilasinpyyhkij\u00e4t Tesla Model S:lle.<\/p>\n<p>Kun pyyhkij\u00e4n sulka ei en\u00e4\u00e4 poista kaikkea kosteutta lasista, se on aika vaihtaa. Pyyhkij\u00e4n tulisi puhdistaa lasi t\u00e4ysin kirkkaaksi kolmella pyyhk\u00e4isyll\u00e4. Meilt\u00e4 saat vanhojen pyyhkij\u00f6iden tilalle molemmat tuulilasinpyyhkij\u00e4t edulliseen yhteishintaan!<\/p>\n<p>Pituudet:<br \/>\n700mm<br \/>\n425mm<\/p>\n","protected":false},"featured_media":27900,"comment_status":"open","ping_status":"closed","template":"","meta":[],"product_brand":[737],"product_cat":[152,453,484,128,473],"product_tag":[172,470,195,548,121,194],"class_list":{"0":"post-27898","1":"product","2":"type-product","3":"status-publish","4":"has-post-thumbnail","6":"product_brand-bosch","7":"product_cat-model-s","8":"product_cat-ms-tarvikkeet","9":"product_cat-tarvikkeet-ulkopuolelle-model-s","10":"product_cat-tesla-tuotteet","11":"product_cat-varaosat-model-s","12":"product_tag-model-s","13":"product_tag-pyyhkijansulat","14":"product_tag-pyyhkijat","15":"product_tag-sulat","16":"product_tag-tesla","17":"product_tag-tuulilasi","19":"first","20":"instock","21":"taxable","22":"shipping-taxable","23":"purchasable","24":"product-type-simple"},"jetpack_sharing_enabled":true,"_links":{"self":[{"href":"https:\/\/www.vempele.fi\/fi\/wp-json\/wp\/v2\/product\/27898","targetHints":{"allow":["GET"]}}],"collection":[{"href":"https:\/\/www.vempele.fi\/fi\/wp-json\/wp\/v2\/product"}],"about":[{"href":"https:\/\/www.vempele.fi\/fi\/wp-json\/wp\/v2\/types\/product"}],"replies":[{"embeddable":true,"href":"https:\/\/www.vempele.fi\/fi\/wp-json\/wp\/v2\/comments?post=27898"}],"wp:featuredmedia":[{"embeddable":true,"href":"https:\/\/www.vempele.fi\/fi\/wp-json\/wp\/v2\/media\/27900"}],"wp:attachment":[{"href":"https:\/\/www.vempele.fi\/fi\/wp-json\/wp\/v2\/media?parent=27898"}],"wp:term":[{"taxonomy":"product_brand","embeddable":true,"href":"https:\/\/www.vempele.fi\/fi\/wp-json\/wp\/v2\/product_brand?post=27898"},{"taxonomy":"product_cat","embeddable":true,"href":"https:\/\/www.vempele.fi\/fi\/wp-json\/wp\/v2\/product_cat?post=27898"},{"taxonomy":"product_tag","embeddable":true,"href":"https:\/\/www.vempele.fi\/fi\/wp-json\/wp\/v2\/product_tag?post=27898"}],"curies":[{"name":"wp","href":"https:\/\/api.w.org\/{rel}","templated":true}]}}