{"id":28284,"date":"2024-05-08T08:41:41","date_gmt":"2024-05-08T05:41:41","guid":{"rendered":"https:\/\/www.vempele.fi\/?post_type=product&#038;p=28284"},"modified":"2025-11-23T23:52:18","modified_gmt":"2025-11-23T21:52:18","slug":"taka-akselin-ylapuolinen-tukivarsi-etummainen-hela-reinhoch-tesla-model-3","status":"publish","type":"product","link":"https:\/\/www.vempele.fi\/fi\/tuote\/taka-akselin-ylapuolinen-tukivarsi-etummainen-hela-reinhoch-tesla-model-3\/","title":{"rendered":"Taka-akselin yl\u00e4puolinen tukivarsi, etummainen, hela &#8211; REINHOCH &#8211; Tesla Model 3"},"content":{"rendered":"<p>Taka-akselin etummaisen yl\u00e4puolisen tukivarren hela.<\/p>\n<ul>\n<li>Valmistaja: REINHOCH<\/li>\n<li>Sopivuus:\n<ul>\n<li>Model 3 Pre-Refresh vm. 2019\u00a0 &#8211; 2021<\/li>\n<li>Model 3 Refresh vm. 2021 &#8211; 2023<\/li>\n<\/ul>\n<\/li>\n<li>Valmistajan tuotenumero: RH15-6008<\/li>\n<li>Valmistajan ilmoittama Teslan varaosanumero:\n<ul>\n<li>1044427-00-C<\/li>\n<\/ul>\n<\/li>\n<li>Asennuskohta: Taka-akseli, hela<\/li>\n<\/ul>\n<p>&nbsp;<\/p>\n","protected":false},"excerpt":{"rendered":"<p>Taka-akselin etummaisen yl\u00e4puolisen tukivarren hela. Sopii my\u00f6s olka-akselin p\u00e4\u00e4h\u00e4n.<\/p>\n<p>Pelk\u00e4n helan vaihdolla voidaan usein v\u00e4ltt\u00e4\u00e4 kalliimman tukivarren vaihto jos pelk\u00e4st\u00e4\u00e4n hela on vaurioitunut.<\/p>\n<p>Valmistaja: Reinhoch<\/p>\n","protected":false},"featured_media":28289,"comment_status":"open","ping_status":"closed","template":"","meta":[],"product_brand":[741],"product_cat":[151,471],"product_tag":[574,575,156,121,476,319],"class_list":{"0":"post-28284","1":"product","2":"type-product","3":"status-publish","4":"has-post-thumbnail","6":"product_brand-reinhoch","7":"product_cat-model-3","8":"product_cat-model-3-varaosat","9":"product_tag-alatukivarsi","10":"product_tag-etuakseli","11":"product_tag-model-3","12":"product_tag-tesla","13":"product_tag-tukivarsi","14":"product_tag-varaosat","16":"first","17":"outofstock","18":"taxable","19":"shipping-taxable","20":"purchasable","21":"product-type-simple"},"jetpack_sharing_enabled":true,"_links":{"self":[{"href":"https:\/\/www.vempele.fi\/fi\/wp-json\/wp\/v2\/product\/28284","targetHints":{"allow":["GET"]}}],"collection":[{"href":"https:\/\/www.vempele.fi\/fi\/wp-json\/wp\/v2\/product"}],"about":[{"href":"https:\/\/www.vempele.fi\/fi\/wp-json\/wp\/v2\/types\/product"}],"replies":[{"embeddable":true,"href":"https:\/\/www.vempele.fi\/fi\/wp-json\/wp\/v2\/comments?post=28284"}],"wp:featuredmedia":[{"embeddable":true,"href":"https:\/\/www.vempele.fi\/fi\/wp-json\/wp\/v2\/media\/28289"}],"wp:attachment":[{"href":"https:\/\/www.vempele.fi\/fi\/wp-json\/wp\/v2\/media?parent=28284"}],"wp:term":[{"taxonomy":"product_brand","embeddable":true,"href":"https:\/\/www.vempele.fi\/fi\/wp-json\/wp\/v2\/product_brand?post=28284"},{"taxonomy":"product_cat","embeddable":true,"href":"https:\/\/www.vempele.fi\/fi\/wp-json\/wp\/v2\/product_cat?post=28284"},{"taxonomy":"product_tag","embeddable":true,"href":"https:\/\/www.vempele.fi\/fi\/wp-json\/wp\/v2\/product_tag?post=28284"}],"curies":[{"name":"wp","href":"https:\/\/api.w.org\/{rel}","templated":true}]}}