{"id":28290,"date":"2024-05-08T10:53:25","date_gmt":"2024-05-08T07:53:25","guid":{"rendered":"https:\/\/www.vempele.fi\/?post_type=product&#038;p=28290"},"modified":"2026-04-08T14:21:06","modified_gmt":"2026-04-08T11:21:06","slug":"kuralapat-tesla-model-3-highland","status":"publish","type":"product","link":"https:\/\/www.vempele.fi\/fi\/tuote\/kuralapat-tesla-model-3-highland\/","title":{"rendered":"Kural\u00e4p\u00e4t &#8211; Tesla Model 3 Highland"},"content":{"rendered":"<p>Tesla Model 3 Highland malliin hienosti muotoillut kurasuojat. Pakkaus sis\u00e4lt\u00e4\u00e4 4 kpl suojia (molemmin puolin eteen ja taakse) sek\u00e4 tarvittavat kiinnitystarpeet.<\/p>\n<p><strong>Tarkemmat tiedot<\/strong><\/p>\n<ul>\n<li>Sopivuus:\n<ul>\n<li>Model 3 Highland vm. 2024 -&gt;<\/li>\n<\/ul>\n<\/li>\n<li>Materiaali: ABS<\/li>\n<li>V\u00e4ri: Musta<\/li>\n<\/ul>\n","protected":false},"excerpt":{"rendered":"<p>Pakkauksessa mukana 4 kappaletta kural\u00e4ppi\u00e4, eteen ja taakse omat.<\/p>\n<p>Kural\u00e4p\u00e4t on muotoiltu sopivaksi Model 3 Highlandiin ja tulee kiinni muoviniiteill\u00e4 alkuper\u00e4isiin reikiin, joten mit\u00e4\u00e4n erikoisty\u00f6kaluja ei asennukseen tarvita. N\u00e4m\u00e4 ovat helpot ja nopeat asentaa vaikka itse.<\/p>\n","protected":false},"featured_media":28291,"comment_status":"open","ping_status":"closed","template":"","meta":[],"product_brand":[],"product_cat":[151,452,481,128],"product_tag":[83,587,270,121,120],"class_list":{"0":"post-28290","1":"product","2":"type-product","3":"status-publish","4":"has-post-thumbnail","6":"product_cat-model-3","7":"product_cat-m3-tarvikkeet","8":"product_cat-tarvikkeet-ulkopuolelle-model-3","9":"product_cat-tesla-tuotteet","10":"product_tag-autotarvikkeet","11":"product_tag-highland","12":"product_tag-kuralapat","13":"product_tag-tesla","14":"product_tag-tesla-model-3","16":"first","17":"instock","18":"taxable","19":"shipping-taxable","20":"purchasable","21":"product-type-simple"},"jetpack_sharing_enabled":true,"_links":{"self":[{"href":"https:\/\/www.vempele.fi\/fi\/wp-json\/wp\/v2\/product\/28290","targetHints":{"allow":["GET"]}}],"collection":[{"href":"https:\/\/www.vempele.fi\/fi\/wp-json\/wp\/v2\/product"}],"about":[{"href":"https:\/\/www.vempele.fi\/fi\/wp-json\/wp\/v2\/types\/product"}],"replies":[{"embeddable":true,"href":"https:\/\/www.vempele.fi\/fi\/wp-json\/wp\/v2\/comments?post=28290"}],"wp:featuredmedia":[{"embeddable":true,"href":"https:\/\/www.vempele.fi\/fi\/wp-json\/wp\/v2\/media\/28291"}],"wp:attachment":[{"href":"https:\/\/www.vempele.fi\/fi\/wp-json\/wp\/v2\/media?parent=28290"}],"wp:term":[{"taxonomy":"product_brand","embeddable":true,"href":"https:\/\/www.vempele.fi\/fi\/wp-json\/wp\/v2\/product_brand?post=28290"},{"taxonomy":"product_cat","embeddable":true,"href":"https:\/\/www.vempele.fi\/fi\/wp-json\/wp\/v2\/product_cat?post=28290"},{"taxonomy":"product_tag","embeddable":true,"href":"https:\/\/www.vempele.fi\/fi\/wp-json\/wp\/v2\/product_tag?post=28290"}],"curies":[{"name":"wp","href":"https:\/\/api.w.org\/{rel}","templated":true}]}}