{"id":28614,"date":"2024-05-22T10:09:17","date_gmt":"2024-05-22T07:09:17","guid":{"rendered":"https:\/\/www.vempele.fi\/?post_type=product&#038;p=28614"},"modified":"2026-03-04T17:45:00","modified_gmt":"2026-03-04T15:45:00","slug":"avattava-katon-aurinkosuoja-tesla-model-y","status":"publish","type":"product","link":"https:\/\/www.vempele.fi\/fi\/tuote\/avattava-katon-aurinkosuoja-tesla-model-y\/","title":{"rendered":"Avattava katon aurinkosuoja &#8211; Tesla Model Y"},"content":{"rendered":"<p>Tyylik\u00e4s kattoikkunan kahdessa osassa avautuva katon aurinkosuoja Tesla Model Y:hyn. Kes\u00e4ll\u00e4 est\u00e4\u00e4 auringon paahteen ja talvella erist\u00e4\u00e4 kylm\u00e4\u00e4. Etuosa helppo avata edest\u00e4 k\u00e4sin ja takaosa takapenkilt\u00e4 k\u00e4sin.<\/p>\n<p>Aurinkosuoja tulee valmiina yhten\u00e4 isona kappaleena. Asennuksessa suositellaan k\u00e4ytett\u00e4v\u00e4ksi kahta k\u00e4siparia. Taita etupenkkien selk\u00e4nojat alas. Poista takaluukun hattuhylly ja taita takapenkit alas. Pujota aurinkosuoja kokonaisena takaluukusta sis\u00e4\u00e4n. Pujota takaosan kiinte\u00e4t klipsit kattoikkunan verhoilun alle. T\u00e4m\u00e4n j\u00e4lkeen nosta etuosa yl\u00f6s ja v\u00e4\u00e4nn\u00e4 mukana tulevalla avaimella etuosan klipsit kattoikkunan verhoilun alle. Saatat joutua k\u00e4ytt\u00e4m\u00e4\u00e4n mukana tulevaa muovista verhoiluty\u00f6kalua jotta saat klipsit sujuvasti sujahtamaan kattoikkunan verhoilun alle. Viimeistele asennus laittamalla suojanapit reikien p\u00e4\u00e4lle.<\/p>\n<p>Kiinnitysklipsit sujautetaan kattoikkunan takaverhoilun sis\u00e4\u00e4n ja edest\u00e4 vastaavat klipsit k\u00e4\u00e4nnet\u00e4\u00e4n verhoilun sis\u00e4\u00e4n avaimella.<\/p>\n<ul>\n<li>V\u00e4ri: Vaalea<\/li>\n<li>Pakkauksen mitat: 140 x 115 x 10 cm<\/li>\n<li>Pakkauksen paino: 7.00 kg<\/li>\n<li>Sopivuus:\n<ul>\n<li>Model Y 2020 &#8211; 2024<\/li>\n<\/ul>\n<\/li>\n<\/ul>\n","protected":false},"excerpt":{"rendered":"<p>Avattava katon aurinkosuoja Tesla Model Y.\u00a0 Suojaa kuumuudelta ja lis\u00e4\u00e4 ajomukavuutta!<\/p>\n","protected":false},"featured_media":28617,"comment_status":"open","ping_status":"closed","template":"","meta":[],"product_brand":[],"product_cat":[154,455,482,128],"product_tag":[198,759,121,203],"class_list":{"0":"post-28614","1":"product","2":"type-product","3":"status-publish","4":"has-post-thumbnail","6":"product_cat-model-y","7":"product_cat-my-tarvikkeet","8":"product_cat-tarvikkeet-sisapuolelle-model-y","9":"product_cat-tesla-tuotteet","10":"product_tag-aurinkosuoja","11":"product_tag-avattava","12":"product_tag-tesla","13":"product_tag-tesla-model-y","15":"first","16":"instock","17":"sale","18":"taxable","19":"shipping-taxable","20":"purchasable","21":"product-type-simple"},"jetpack_sharing_enabled":true,"_links":{"self":[{"href":"https:\/\/www.vempele.fi\/fi\/wp-json\/wp\/v2\/product\/28614","targetHints":{"allow":["GET"]}}],"collection":[{"href":"https:\/\/www.vempele.fi\/fi\/wp-json\/wp\/v2\/product"}],"about":[{"href":"https:\/\/www.vempele.fi\/fi\/wp-json\/wp\/v2\/types\/product"}],"replies":[{"embeddable":true,"href":"https:\/\/www.vempele.fi\/fi\/wp-json\/wp\/v2\/comments?post=28614"}],"wp:featuredmedia":[{"embeddable":true,"href":"https:\/\/www.vempele.fi\/fi\/wp-json\/wp\/v2\/media\/28617"}],"wp:attachment":[{"href":"https:\/\/www.vempele.fi\/fi\/wp-json\/wp\/v2\/media?parent=28614"}],"wp:term":[{"taxonomy":"product_brand","embeddable":true,"href":"https:\/\/www.vempele.fi\/fi\/wp-json\/wp\/v2\/product_brand?post=28614"},{"taxonomy":"product_cat","embeddable":true,"href":"https:\/\/www.vempele.fi\/fi\/wp-json\/wp\/v2\/product_cat?post=28614"},{"taxonomy":"product_tag","embeddable":true,"href":"https:\/\/www.vempele.fi\/fi\/wp-json\/wp\/v2\/product_tag?post=28614"}],"curies":[{"name":"wp","href":"https:\/\/api.w.org\/{rel}","templated":true}]}}